{"id":27937,"date":"2025-06-24T02:25:16","date_gmt":"2025-06-23T23:25:16","guid":{"rendered":"https:\/\/bnreo.com.tr\/?page_id=27937"},"modified":"2025-06-24T02:29:43","modified_gmt":"2025-06-23T23:29:43","slug":"evsel-cozumler","status":"publish","type":"page","link":"https:\/\/bnreo.com.tr\/de\/evsel-cozumler\/","title":{"rendered":"L\u00f6sungen f\u00fcr Privathaushalte"},"content":{"rendered":"<div data-elementor-type=\"wp-page\" data-elementor-id=\"27937\" class=\"elementor elementor-27937\">\n\t\t\t\t<div class=\"wd-negative-gap elementor-element elementor-element-37f957c e-flex e-con-boxed elementor-invisible e-con e-parent\" data-id=\"37f957c\" data-element_type=\"container\" data-settings=\"{&quot;animation&quot;:&quot;fadeInUp&quot;}\">\n\t\t\t\t\t<div class=\"e-con-inner\">\n\t\t<div class=\"elementor-element elementor-element-c54b9a3 e-con-full e-flex e-con e-child\" data-id=\"c54b9a3\" data-element_type=\"container\">\n\t\t\t\t<div class=\"elementor-element elementor-element-7821e11 color-scheme-inherit text-left elementor-widget elementor-widget-text-editor\" data-id=\"7821e11\" data-element_type=\"widget\" data-widget_type=\"text-editor.default\">\n\t\t\t\t<div class=\"elementor-widget-container\">\n\t\t\t\t\t\t\t\t\t<p data-start=\"180\" data-end=\"771\">Zunehmende Umweltverschmutzung, Infrastrukturprobleme durch die Urbanisierung und veraltete Wassersysteme beeintr\u00e4chtigen die Qualit\u00e4t des Trinkwassers in Haushalten erheblich. Leitungswasser mag zwar sauber erscheinen, kann aber viele sch\u00e4dliche Verbindungen enthalten, die ein Gesundheitsrisiko darstellen. Dies ist besonders problematisch in Mehrfamilienh\u00e4usern wie Wohnsiedlungen, Wohnkomplexen und Villensiedlungen. <strong data-start=\"612\" data-end=\"621\">BNREO<\/strong>, macht den Unterschied mit zentralisierten und professionellen Wasseraufbereitungssystemen in solchen gemeinschaftlichen Wohnbereichen, anstatt individuelle L\u00f6sungen f\u00fcr Heimanwender anzubieten.<\/p><p data-start=\"773\" data-end=\"1300\"><strong data-start=\"773\" data-end=\"823\">BNREO bietet professionelle L\u00f6sungen im Inlandsma\u00dfstab<\/strong>macht das Brauchwasser in Wohnprojekten sicher und hygienisch f\u00fcr den Einsatz in Bereichen wie Trinken, Waschen, Putzen und K\u00fcche. Unsere Systeme filtern Schadstoffe bis ins kleinste Detail mit Umkehrosmose-Technologie, neutralisieren Mikroorganismen mit UV-Desinfektionsanlagen und Aktivkohlefilter eliminieren Chlor und unangenehme Ger\u00fcche. Mineralstoffausgleichsanlagen f\u00fchren dem aufbereiteten Wasser gesunde Mineralien zu.<\/p><p data-start=\"1302\" data-end=\"1891\">Mit unseren L\u00f6sungen zur h\u00e4uslichen Wasseraufbereitung:<br \/>\u2714\ufe0f In den Standorten und Wohnungen wird ein zentrales System eingerichtet, das eine gleichbleibende Qualit\u00e4t und Zuverl\u00e4ssigkeit der Wasserversorgung aller Wohnungen gew\u00e4hrleistet.<br data-start=\"1458\" data-end=\"1461\" \/>\u2714\ufe0f Die Notwendigkeit, in jeder Wohnung in separate Filtersysteme zu investieren, entf\u00e4llt,<br data-start=\"1547\" data-end=\"1550\" \/>\u2714\ufe0f W\u00e4hrend das aus dem Wasserhahn flie\u00dfende Wasser von trinkbarer Qualit\u00e4t ist, macht es auch einen Unterschied in Geschmack und Gesundheit bei Prozessen wie Kochen und Aufbr\u00fchen von Tee,<br data-start=\"1686\" data-end=\"1689\" \/>\u2714\ufe0f Durch die effizientere Nutzung der Wasserressourcen entsteht ein umweltfreundliches, nachhaltiges System.<br data-start=\"1793\" data-end=\"1796\" \/>\u2714\ufe0f Durch Energieeinsparungen und geringen Wartungsaufwand werden langfristig wirtschaftliche Vorteile erzielt.<\/p><p data-start=\"1893\" data-end=\"2321\"><strong data-start=\"1893\" data-end=\"1902\">BNREO<\/strong>ist nicht nur Ger\u00e4telieferant, sondern auch L\u00f6sungspartner: Wir analysieren Ihr Wasser, \u00fcbernehmen Projektplanung, Engineering-Leistungen, installieren Systeme und bieten regelm\u00e4\u00dfigen technischen Support. Da jedes Wasser eine andere Zusammensetzung hat, bieten wir keine Standardl\u00f6sungen, sondern individuell auf Ihren Wohnraum zugeschnittene Projekte. Das sorgt f\u00fcr maximale Leistung und Nutzerzufriedenheit.<\/p><p data-start=\"2323\" data-end=\"2794\">Mit der Philosophie \u201eIndustriequalit\u00e4t im Wohnbereich\u201c m\u00f6chte BNREO die Gesundheit von Einzelpersonen und der Gemeinschaft durch die Verbesserung der Wasserqualit\u00e4t in Wohnprojekten verbessern. Wir erm\u00f6glichen den Zugang zu sauberem Wasser, einem wichtigen Bestandteil eines gesunden Lebens, nicht nur, sondern auch nachhaltig. Mit unserer technologischen Infrastruktur, die den Anforderungen von heute und morgen gerecht wird, garantieren wir sauberes Wasser f\u00fcr den sicheren Einsatz in Ihren Wohnr\u00e4umen.<\/p>\t\t\t\t\t\t\t\t<\/div>\n\t\t\t\t<\/div>\n\t\t\t\t<\/div>\n\t\t\t\t\t<\/div>\n\t\t\t\t<\/div>\n\t\t\t\t<\/div>","protected":false},"excerpt":{"rendered":"<p>G\u00fcn\u00fcm\u00fczde artan \u00e7evresel kirlilik, \u015fehirle\u015fmenin getirdi\u011fi altyap\u0131 sorunlar\u0131 ve eskiyen \u015febeke sistemleri, evlerde t\u00fcketilen suyun kalitesini ciddi \u015fekilde etkiliyor. Musluktan<\/p>","protected":false},"author":1,"featured_media":0,"parent":0,"menu_order":0,"comment_status":"closed","ping_status":"closed","template":"elementor_header_footer","meta":{"footnotes":""},"class_list":["post-27937","page","type-page","status-publish","hentry"],"yoast_head":"<!-- This site is optimized with the Yoast SEO plugin v25.3.1 - https:\/\/yoast.com\/wordpress\/plugins\/seo\/ -->\n<title>Evsel \u00c7\u00f6z\u00fcmler - Bnreo | Su Ar\u0131tma Cihazlar\u0131<\/title>\n<meta name=\"robots\" content=\"index, follow, max-snippet:-1, max-image-preview:large, max-video-preview:-1\" \/>\n<link rel=\"canonical\" href=\"https:\/\/bnreo.com.tr\/de\/evsel-cozumler\/\" \/>\n<meta property=\"og:locale\" content=\"de_DE\" \/>\n<meta property=\"og:type\" content=\"article\" \/>\n<meta property=\"og:title\" content=\"Evsel \u00c7\u00f6z\u00fcmler - Bnreo | Su Ar\u0131tma Cihazlar\u0131\" \/>\n<meta property=\"og:description\" content=\"G\u00fcn\u00fcm\u00fczde artan \u00e7evresel kirlilik, \u015fehirle\u015fmenin getirdi\u011fi altyap\u0131 sorunlar\u0131 ve eskiyen \u015febeke sistemleri, evlerde t\u00fcketilen suyun kalitesini ciddi \u015fekilde etkiliyor. Musluktan\" \/>\n<meta property=\"og:url\" content=\"https:\/\/bnreo.com.tr\/de\/evsel-cozumler\/\" \/>\n<meta property=\"og:site_name\" content=\"Bnreo | Su Ar\u0131tma Cihazlar\u0131\" \/>\n<meta property=\"article:modified_time\" content=\"2025-06-23T23:29:43+00:00\" \/>\n<meta name=\"twitter:card\" content=\"summary_large_image\" \/>\n<meta name=\"twitter:label1\" content=\"Gesch\u00e4tzte Lesezeit\" \/>\n\t<meta name=\"twitter:data1\" content=\"2\u00a0Minuten\" \/>\n<script type=\"application\/ld+json\" class=\"yoast-schema-graph\">{\"@context\":\"https:\/\/schema.org\",\"@graph\":[{\"@type\":\"WebPage\",\"@id\":\"https:\/\/bnreo.com.tr\/evsel-cozumler\/\",\"url\":\"https:\/\/bnreo.com.tr\/evsel-cozumler\/\",\"name\":\"Evsel \u00c7\u00f6z\u00fcmler - Bnreo | Su Ar\u0131tma Cihazlar\u0131\",\"isPartOf\":{\"@id\":\"https:\/\/bnreo.com.tr\/#website\"},\"datePublished\":\"2025-06-23T23:25:16+00:00\",\"dateModified\":\"2025-06-23T23:29:43+00:00\",\"breadcrumb\":{\"@id\":\"https:\/\/bnreo.com.tr\/evsel-cozumler\/#breadcrumb\"},\"inLanguage\":\"de\",\"potentialAction\":[{\"@type\":\"ReadAction\",\"target\":[\"https:\/\/bnreo.com.tr\/evsel-cozumler\/\"]}]},{\"@type\":\"BreadcrumbList\",\"@id\":\"https:\/\/bnreo.com.tr\/evsel-cozumler\/#breadcrumb\",\"itemListElement\":[{\"@type\":\"ListItem\",\"position\":1,\"name\":\"Anasayfa\",\"item\":\"https:\/\/bnreo.com.tr\/\"},{\"@type\":\"ListItem\",\"position\":2,\"name\":\"Evsel \u00c7\u00f6z\u00fcmler\"}]},{\"@type\":\"WebSite\",\"@id\":\"https:\/\/bnreo.com.tr\/#website\",\"url\":\"https:\/\/bnreo.com.tr\/\",\"name\":\"Bnreo | Su Ar\u0131tma Cihazlar\u0131\",\"description\":\"Bnreo | Su Ar\u0131tma Cihazlar\u0131\",\"potentialAction\":[{\"@type\":\"SearchAction\",\"target\":{\"@type\":\"EntryPoint\",\"urlTemplate\":\"https:\/\/bnreo.com.tr\/?s={search_term_string}\"},\"query-input\":{\"@type\":\"PropertyValueSpecification\",\"valueRequired\":true,\"valueName\":\"search_term_string\"}}],\"inLanguage\":\"de\"}]}<\/script>\n<!-- \/ Yoast SEO plugin. -->","yoast_head_json":{"title":"Evsel \u00c7\u00f6z\u00fcmler - Bnreo | Su Ar\u0131tma Cihazlar\u0131","robots":{"index":"index","follow":"follow","max-snippet":"max-snippet:-1","max-image-preview":"max-image-preview:large","max-video-preview":"max-video-preview:-1"},"canonical":"https:\/\/bnreo.com.tr\/de\/evsel-cozumler\/","og_locale":"de_DE","og_type":"article","og_title":"Evsel \u00c7\u00f6z\u00fcmler - Bnreo | Su Ar\u0131tma Cihazlar\u0131","og_description":"G\u00fcn\u00fcm\u00fczde artan \u00e7evresel kirlilik, \u015fehirle\u015fmenin getirdi\u011fi altyap\u0131 sorunlar\u0131 ve eskiyen \u015febeke sistemleri, evlerde t\u00fcketilen suyun kalitesini ciddi \u015fekilde etkiliyor. Musluktan","og_url":"https:\/\/bnreo.com.tr\/de\/evsel-cozumler\/","og_site_name":"Bnreo | Su Ar\u0131tma Cihazlar\u0131","article_modified_time":"2025-06-23T23:29:43+00:00","twitter_card":"summary_large_image","twitter_misc":{"Gesch\u00e4tzte Lesezeit":"2\u00a0Minuten"},"schema":{"@context":"https:\/\/schema.org","@graph":[{"@type":"WebPage","@id":"https:\/\/bnreo.com.tr\/evsel-cozumler\/","url":"https:\/\/bnreo.com.tr\/evsel-cozumler\/","name":"Evsel \u00c7\u00f6z\u00fcmler - Bnreo | Su Ar\u0131tma Cihazlar\u0131","isPartOf":{"@id":"https:\/\/bnreo.com.tr\/#website"},"datePublished":"2025-06-23T23:25:16+00:00","dateModified":"2025-06-23T23:29:43+00:00","breadcrumb":{"@id":"https:\/\/bnreo.com.tr\/evsel-cozumler\/#breadcrumb"},"inLanguage":"de","potentialAction":[{"@type":"ReadAction","target":["https:\/\/bnreo.com.tr\/evsel-cozumler\/"]}]},{"@type":"BreadcrumbList","@id":"https:\/\/bnreo.com.tr\/evsel-cozumler\/#breadcrumb","itemListElement":[{"@type":"ListItem","position":1,"name":"Anasayfa","item":"https:\/\/bnreo.com.tr\/"},{"@type":"ListItem","position":2,"name":"Evsel \u00c7\u00f6z\u00fcmler"}]},{"@type":"WebSite","@id":"https:\/\/bnreo.com.tr\/#website","url":"https:\/\/bnreo.com.tr\/","name":"Bnreo | Su Ar\u0131tma Cihazlar\u0131","description":"Bnreo | Su Ar\u0131tma Cihazlar\u0131","potentialAction":[{"@type":"SearchAction","target":{"@type":"EntryPoint","urlTemplate":"https:\/\/bnreo.com.tr\/?s={search_term_string}"},"query-input":{"@type":"PropertyValueSpecification","valueRequired":true,"valueName":"search_term_string"}}],"inLanguage":"de"}]}},"_links":{"self":[{"href":"https:\/\/bnreo.com.tr\/de\/wp-json\/wp\/v2\/pages\/27937","targetHints":{"allow":["GET"]}}],"collection":[{"href":"https:\/\/bnreo.com.tr\/de\/wp-json\/wp\/v2\/pages"}],"about":[{"href":"https:\/\/bnreo.com.tr\/de\/wp-json\/wp\/v2\/types\/page"}],"author":[{"embeddable":true,"href":"https:\/\/bnreo.com.tr\/de\/wp-json\/wp\/v2\/users\/1"}],"replies":[{"embeddable":true,"href":"https:\/\/bnreo.com.tr\/de\/wp-json\/wp\/v2\/comments?post=27937"}],"version-history":[{"count":4,"href":"https:\/\/bnreo.com.tr\/de\/wp-json\/wp\/v2\/pages\/27937\/revisions"}],"predecessor-version":[{"id":27957,"href":"https:\/\/bnreo.com.tr\/de\/wp-json\/wp\/v2\/pages\/27937\/revisions\/27957"}],"wp:attachment":[{"href":"https:\/\/bnreo.com.tr\/de\/wp-json\/wp\/v2\/media?parent=27937"}],"curies":[{"name":"wp","href":"https:\/\/api.w.org\/{rel}","templated":true}]}}