{"id":28209,"date":"2025-06-24T05:13:40","date_gmt":"2025-06-24T02:13:40","guid":{"rendered":"https:\/\/bnreo.com.tr\/?page_id=28209"},"modified":"2025-06-24T05:17:42","modified_gmt":"2025-06-24T02:17:42","slug":"uyelik-sozlesmesi","status":"publish","type":"page","link":"http:\/\/bnreo.com.tr\/ru\/uyelik-sozlesmesi\/","title":{"rendered":"\u0421\u043e\u0433\u043b\u0430\u0448\u0435\u043d\u0438\u0435 \u043e \u0447\u043b\u0435\u043d\u0441\u0442\u0432\u0435"},"content":{"rendered":"<div data-elementor-type=\"wp-page\" data-elementor-id=\"28209\" class=\"elementor elementor-28209\">\n\t\t\t\t<div class=\"wd-negative-gap elementor-element elementor-element-49f9edf e-flex e-con-boxed elementor-invisible e-con e-parent\" data-id=\"49f9edf\" data-element_type=\"container\" data-settings=\"{&quot;animation&quot;:&quot;fadeInUp&quot;}\">\n\t\t\t\t\t<div class=\"e-con-inner\">\n\t\t<div class=\"elementor-element elementor-element-8274e93 e-con-full e-flex e-con e-child\" data-id=\"8274e93\" data-element_type=\"container\">\n\t\t\t\t<div class=\"elementor-element elementor-element-86c2ac9 color-scheme-inherit text-left elementor-widget elementor-widget-text-editor\" data-id=\"86c2ac9\" data-element_type=\"widget\" data-widget_type=\"text-editor.default\">\n\t\t\t\t<div class=\"elementor-widget-container\">\n\t\t\t\t\t\t\t\t\t<h2 data-start=\"184\" data-end=\"204\">\u0421\u043e\u0433\u043b\u0430\u0448\u0435\u043d\u0438\u0435 \u043e \u0447\u043b\u0435\u043d\u0441\u0442\u0432\u0435<\/h2><p data-start=\"206\" data-end=\"364\">\u042d\u0442\u043e \u0441\u043e\u0433\u043b\u0430\u0448\u0435\u043d\u0438\u0435, <a class=\"\" href=\"http:\/\/bnreo.com.tr\/ru\/\" target=\"_new\" rel=\"noopener\" data-start=\"221\" data-end=\"237\">www.bnreo.com.tr<\/a> \u043b\u0438\u0446\u043e, \u044f\u0432\u043b\u044f\u044e\u0449\u0435\u0435\u0441\u044f \u0443\u0447\u0430\u0441\u0442\u043d\u0438\u043a\u043e\u043c \u0432\u0435\u0431-\u0441\u0430\u0439\u0442\u0430 (\u00ab\u0423\u0447\u0430\u0441\u0442\u043d\u0438\u043a\u00bb), \u0438 \u043b\u0438\u0446\u043e, \u0443\u043f\u0440\u0430\u0432\u043b\u044f\u044e\u0449\u0435\u0435 \u0441\u0430\u0439\u0442\u043e\u043c <strong data-start=\"292\" data-end=\"301\">\u0411\u041d\u0420\u0415\u041e<\/strong> (\u00ab\u041a\u043e\u043c\u043f\u0430\u043d\u0438\u044f\u00bb) \u0431\u044b\u043b\u043e \u0437\u0430\u043a\u043b\u044e\u0447\u0435\u043d\u043e \u043d\u0430 \u0441\u043b\u0435\u0434\u0443\u044e\u0449\u0438\u0445 \u0443\u0441\u043b\u043e\u0432\u0438\u044f\u0445.<\/p><h3 data-start=\"366\" data-end=\"381\">1. \u0421\u0442\u043e\u0440\u043e\u043d\u044b<\/h3><ul data-start=\"382\" data-end=\"606\"><li data-start=\"382\" data-end=\"529\"><p data-start=\"384\" data-end=\"529\"><strong data-start=\"384\" data-end=\"400\">\u0412\u043b\u0430\u0434\u0435\u043b\u0435\u0446 \u0441\u0430\u0439\u0442\u0430:<\/strong> \u0411\u041d\u0420\u0415\u041e<br data-start=\"406\" data-end=\"409\" \/>\u0410\u0434\u0440\u0435\u0441: \u041a\u044e\u0447\u044e\u0445\u0430\u0441\u0431\u0430\u0445\u0447\u0435, 606. \u0421\u043a 5\u0410, 07400 \u0410\u043b\u0430\u043d\u0438\u044f\/\u0410\u043d\u0442\u0430\u043b\u044c\u044f.<br data-start=\"465\" data-end=\"468\" \/>\u0422\u0435\u043b\u0435\u0444\u043e\u043d: +90 544 747 1 747<br data-start=\"496\" data-end=\"499\" \/>\u042d\u043b\u0435\u043a\u0442\u0440\u043e\u043d\u043d\u0430\u044f \u043f\u043e\u0447\u0442\u0430: <a class=\"cursor-pointer\" rel=\"noopener\" data-start=\"510\" data-end=\"527\">info@bnreo.com.tr<\/a><\/p><\/li><li data-start=\"530\" data-end=\"606\"><p data-start=\"532\" data-end=\"606\"><strong data-start=\"532\" data-end=\"540\">\u0427\u043b\u0435\u043d:<\/strong> \u0424\u0438\u0437\u0438\u0447\u0435\u0441\u043a\u043e\u0435 \u0438\u043b\u0438 \u044e\u0440\u0438\u0434\u0438\u0447\u0435\u0441\u043a\u043e\u0435 \u043b\u0438\u0446\u043e, \u043a\u043e\u0442\u043e\u0440\u043e\u0435 \u0440\u0435\u0433\u0438\u0441\u0442\u0440\u0438\u0440\u0443\u0435\u0442\u0441\u044f \u0432 \u0441\u0438\u0441\u0442\u0435\u043c\u0435, \u043f\u0440\u0435\u0434\u043e\u0441\u0442\u0430\u0432\u043b\u044f\u044f \u0441\u0432\u043e\u044e \u043b\u0438\u0447\u043d\u0443\u044e \u0438\u043d\u0444\u043e\u0440\u043c\u0430\u0446\u0438\u044e.<\/p><\/li><\/ul><h3 data-start=\"608\" data-end=\"619\">\u0422\u0435\u043c\u0430 2<\/h3><p data-start=\"620\" data-end=\"760\">\u041f\u0440\u0435\u0434\u043c\u0435\u0442\u043e\u043c \u043d\u0430\u0441\u0442\u043e\u044f\u0449\u0435\u0433\u043e \u0441\u043e\u0433\u043b\u0430\u0448\u0435\u043d\u0438\u044f \u044f\u0432\u043b\u044f\u0435\u0442\u0441\u044f \u0447\u043b\u0435\u043d\u0441\u0442\u0432\u043e <a class=\"\" href=\"http:\/\/bnreo.com.tr\/ru\/\" target=\"_new\" rel=\"noopener\" data-start=\"651\" data-end=\"667\">www.bnreo.com.tr<\/a> \u042d\u0442\u043e \u043e\u043f\u0440\u0435\u0434\u0435\u043b\u0435\u043d\u0438\u0435 \u043f\u0440\u0430\u0432 \u0438 \u043e\u0431\u044f\u0437\u0430\u043d\u043d\u043e\u0441\u0442\u0435\u0439 \u043e\u0442\u043d\u043e\u0441\u0438\u0442\u0435\u043b\u044c\u043d\u043e \u0438\u0441\u043f\u043e\u043b\u044c\u0437\u043e\u0432\u0430\u043d\u0438\u044f \u0434\u043e\u043c\u0435\u043d\u043d\u043e\u0433\u043e \u0438\u043c\u0435\u043d\u0438 \u0432\u0435\u0431-\u0441\u0430\u0439\u0442\u0430.<\/p><h3 data-start=\"762\" data-end=\"785\">3. \u0423\u0441\u043b\u043e\u0432\u0438\u044f \u0447\u043b\u0435\u043d\u0441\u0442\u0432\u0430<\/h3><ul data-start=\"786\" data-end=\"1023\"><li data-start=\"786\" data-end=\"864\"><p data-start=\"788\" data-end=\"864\">\u0423\u0447\u0430\u0441\u0442\u043d\u0438\u043a \u043e\u0431\u044f\u0437\u0443\u0435\u0442\u0441\u044f, \u0447\u0442\u043e \u0438\u043d\u0444\u043e\u0440\u043c\u0430\u0446\u0438\u044f, \u043f\u0440\u0435\u0434\u043e\u0441\u0442\u0430\u0432\u043b\u0435\u043d\u043d\u0430\u044f \u0438\u043c \u043f\u0440\u0438 \u0440\u0435\u0433\u0438\u0441\u0442\u0440\u0430\u0446\u0438\u0438 \u0432 \u0441\u0438\u0441\u0442\u0435\u043c\u0435, \u044f\u0432\u043b\u044f\u0435\u0442\u0441\u044f \u0434\u043e\u0441\u0442\u043e\u0432\u0435\u0440\u043d\u043e\u0439.<\/p><\/li><li data-start=\"865\" data-end=\"946\"><p data-start=\"867\" data-end=\"946\">\u0427\u043b\u0435\u043d\u0441\u0442\u0432\u043e \u043d\u0430\u0447\u0438\u043d\u0430\u0435\u0442\u0441\u044f \u0441 \u0437\u0430\u043f\u043e\u043b\u043d\u0435\u043d\u0438\u044f \u0444\u043e\u0440\u043c\u044b \u0438 \u0443\u0441\u0442\u0430\u043d\u043e\u0432\u043a\u0438 \u043e\u0442\u043c\u0435\u0442\u043a\u0438 \u00ab\u042f \u043f\u0440\u0438\u043d\u0438\u043c\u0430\u044e\u00bb.<\/p><\/li><li data-start=\"947\" data-end=\"1023\"><p data-start=\"949\" data-end=\"1023\">\u041a\u043e\u043c\u043f\u0430\u043d\u0438\u044f \u043e\u0441\u0442\u0430\u0432\u043b\u044f\u0435\u0442 \u0437\u0430 \u0441\u043e\u0431\u043e\u0439 \u043f\u0440\u0430\u0432\u043e \u043e\u0442\u043a\u043b\u043e\u043d\u0438\u0442\u044c \u0437\u0430\u044f\u0432\u043a\u0443 \u043d\u0430 \u0447\u043b\u0435\u043d\u0441\u0442\u0432\u043e \u0431\u0435\u0437 \u043e\u0431\u044a\u044f\u0441\u043d\u0435\u043d\u0438\u044f \u043f\u0440\u0438\u0447\u0438\u043d.<\/p><\/li><\/ul><h3 data-start=\"1025\" data-end=\"1053\">4. \u041e\u0431\u044f\u0437\u0430\u043d\u043d\u043e\u0441\u0442\u0438 \u0447\u043b\u0435\u043d\u0430<\/h3><ul data-start=\"1054\" data-end=\"1365\"><li data-start=\"1054\" data-end=\"1201\"><p data-start=\"1056\" data-end=\"1201\">\u0423\u0447\u0430\u0441\u0442\u043d\u0438\u043a \u0441\u043e\u0433\u043b\u0430\u0448\u0430\u0435\u0442\u0441\u044f \u0434\u0435\u0439\u0441\u0442\u0432\u043e\u0432\u0430\u0442\u044c \u0432 \u0441\u043e\u043e\u0442\u0432\u0435\u0442\u0441\u0442\u0432\u0438\u0438 \u0441 \u0437\u0430\u043a\u043e\u043d\u043e\u043c, \u043e\u0431\u0449\u0438\u043c\u0438 \u043c\u043e\u0440\u0430\u043b\u044c\u043d\u044b\u043c\u0438 \u043d\u043e\u0440\u043c\u0430\u043c\u0438 \u0438 \u043f\u043e\u043b\u043e\u0436\u0435\u043d\u0438\u044f\u043c\u0438 \u0434\u043e\u0433\u043e\u0432\u043e\u0440\u0430 \u0432\u043e \u0432\u0441\u0435\u0445 \u0442\u0440\u0430\u043d\u0437\u0430\u043a\u0446\u0438\u044f\u0445, \u0441\u043e\u0432\u0435\u0440\u0448\u0430\u0435\u043c\u044b\u0445 \u0447\u0435\u0440\u0435\u0437 \u0441\u0430\u0439\u0442.<\/p><\/li><li data-start=\"1202\" data-end=\"1254\"><p data-start=\"1204\" data-end=\"1254\">\u0423\u0447\u0430\u0441\u0442\u043d\u0438\u043a\u0438 \u043d\u0435 \u043c\u043e\u0433\u0443\u0442 \u0438\u0441\u043f\u043e\u043b\u044c\u0437\u043e\u0432\u0430\u0442\u044c \u0438\u043d\u0444\u043e\u0440\u043c\u0430\u0446\u0438\u044e, \u043f\u0440\u0438\u043d\u0430\u0434\u043b\u0435\u0436\u0430\u0449\u0443\u044e \u0434\u0440\u0443\u0433\u0438\u043c \u043b\u0438\u0446\u0430\u043c, \u0431\u0435\u0437 \u0440\u0430\u0437\u0440\u0435\u0448\u0435\u043d\u0438\u044f.<\/p><\/li><li data-start=\"1255\" data-end=\"1306\"><p data-start=\"1257\" data-end=\"1306\">\u0417\u0430 \u0431\u0435\u0437\u043e\u043f\u0430\u0441\u043d\u043e\u0441\u0442\u044c \u043f\u0430\u0440\u043e\u043b\u044f \u043e\u0442\u0432\u0435\u0447\u0430\u0435\u0442 \u0442\u043e\u043b\u044c\u043a\u043e \u0441\u0430\u043c \u0443\u0447\u0430\u0441\u0442\u043d\u0438\u043a.<\/p><\/li><li data-start=\"1307\" data-end=\"1365\"><p data-start=\"1309\" data-end=\"1365\">\u0417\u0430\u043f\u0440\u0435\u0449\u0430\u0435\u0442\u0441\u044f \u043e\u0442\u043f\u0440\u0430\u0432\u043b\u044f\u0442\u044c \u0432\u0438\u0440\u0443\u0441\u044b, \u043f\u0440\u043e\u0433\u0440\u0430\u043c\u043c\u043d\u043e\u0435 \u043e\u0431\u0435\u0441\u043f\u0435\u0447\u0435\u043d\u0438\u0435 \u0438\u043b\u0438 \u043a\u043e\u0434, \u043a\u043e\u0442\u043e\u0440\u044b\u0435 \u043c\u043e\u0433\u0443\u0442 \u043d\u0430\u043d\u0435\u0441\u0442\u0438 \u0432\u0440\u0435\u0434 \u0441\u0430\u0439\u0442\u0443.<\/p><\/li><\/ul><h3 data-start=\"1367\" data-end=\"1405\">5. \u041f\u0440\u0430\u0432\u0430 \u0438 \u043e\u0431\u044f\u0437\u0430\u043d\u043d\u043e\u0441\u0442\u0438 BNREO<\/h3><ul data-start=\"1406\" data-end=\"1710\"><li data-start=\"1406\" data-end=\"1513\"><p data-start=\"1408\" data-end=\"1513\">\u041a\u043e\u043c\u043f\u0430\u043d\u0438\u044f \u043c\u043e\u0436\u0435\u0442 \u043e\u0441\u0442\u0430\u043d\u043e\u0432\u0438\u0442\u044c \u0440\u0430\u0431\u043e\u0442\u0443 \u0441\u0438\u0441\u0442\u0435\u043c\u044b, \u043f\u0440\u0438\u043e\u0441\u0442\u0430\u043d\u043e\u0432\u0438\u0442\u044c \u0438\u043b\u0438 \u043f\u0440\u0435\u043a\u0440\u0430\u0442\u0438\u0442\u044c \u0447\u043b\u0435\u043d\u0441\u0442\u0432\u043e \u0432 \u043b\u044e\u0431\u043e\u0435 \u0432\u0440\u0435\u043c\u044f.<\/p><\/li><li data-start=\"1514\" data-end=\"1636\"><p data-start=\"1516\" data-end=\"1636\">\u0418\u043d\u0444\u043e\u0440\u043c\u0430\u0446\u0438\u044f \u043e \u043f\u043e\u043b\u044c\u0437\u043e\u0432\u0430\u0442\u0435\u043b\u044f\u0445 \u0445\u0440\u0430\u043d\u0438\u0442\u0441\u044f \u0432 \u0442\u0430\u0439\u043d\u0435 \u0432 \u0441\u043e\u043e\u0442\u0432\u0435\u0442\u0441\u0442\u0432\u0438\u0438 \u0441 \u0417\u0430\u043a\u043e\u043d\u043e\u043c \u043e \u0437\u0430\u0449\u0438\u0442\u0435 \u043f\u0435\u0440\u0441\u043e\u043d\u0430\u043b\u044c\u043d\u044b\u0445 \u0434\u0430\u043d\u043d\u044b\u0445. \u0422\u0435\u043c \u043d\u0435 \u043c\u0435\u043d\u0435\u0435, \u043e\u043d\u0430 \u043c\u043e\u0436\u0435\u0442 \u0431\u044b\u0442\u044c \u043f\u0435\u0440\u0435\u0434\u0430\u043d\u0430 \u0433\u043e\u0441\u0443\u0434\u0430\u0440\u0441\u0442\u0432\u0435\u043d\u043d\u044b\u043c \u043e\u0440\u0433\u0430\u043d\u0430\u043c \u0432 \u0441\u043b\u0443\u0447\u0430\u044f\u0445, \u043f\u0440\u0435\u0434\u0443\u0441\u043c\u043e\u0442\u0440\u0435\u043d\u043d\u044b\u0445 \u0437\u0430\u043a\u043e\u043d\u043e\u0434\u0430\u0442\u0435\u043b\u044c\u0441\u0442\u0432\u043e\u043c.<\/p><\/li><li data-start=\"1637\" data-end=\"1710\"><p data-start=\"1639\" data-end=\"1710\">\u041a\u043e\u043c\u043f\u0430\u043d\u0438\u044f \u043e\u0441\u0442\u0430\u0432\u043b\u044f\u0435\u0442 \u0437\u0430 \u0441\u043e\u0431\u043e\u0439 \u043f\u0440\u0430\u0432\u043e \u0438\u0437\u043c\u0435\u043d\u044f\u0442\u044c \u0441\u043e\u0434\u0435\u0440\u0436\u0430\u043d\u0438\u0435 \u0438 \u043e\u0431\u044a\u0435\u043c \u0443\u0441\u043b\u0443\u0433.<\/p><\/li><\/ul><h3 data-start=\"1712\" data-end=\"1742\">6. \u041a\u043e\u043d\u0444\u0438\u0434\u0435\u043d\u0446\u0438\u0430\u043b\u044c\u043d\u043e\u0441\u0442\u044c \u0438 \u0437\u0430\u0449\u0438\u0442\u0430 \u0434\u0430\u043d\u043d\u044b\u0445<\/h3><ul data-start=\"1743\" data-end=\"1885\"><li data-start=\"1743\" data-end=\"1819\"><p data-start=\"1745\" data-end=\"1819\">\u041f\u0435\u0440\u0441\u043e\u043d\u0430\u043b\u044c\u043d\u044b\u0435 \u0434\u0430\u043d\u043d\u044b\u0435 \u0423\u0447\u0430\u0441\u0442\u043d\u0438\u043a\u0430 \u043e\u0431\u0440\u0430\u0431\u0430\u0442\u044b\u0432\u0430\u044e\u0442\u0441\u044f \u0432 \u0441\u043e\u043e\u0442\u0432\u0435\u0442\u0441\u0442\u0432\u0438\u0438 \u0441 KVKK \u0438 \u041f\u043e\u043b\u0438\u0442\u0438\u043a\u043e\u0439 \u043a\u043e\u043d\u0444\u0438\u0434\u0435\u043d\u0446\u0438\u0430\u043b\u044c\u043d\u043e\u0441\u0442\u0438.<\/p><\/li><li data-start=\"1820\" data-end=\"1885\"><p data-start=\"1822\" data-end=\"1885\">\u0423\u0447\u0430\u0441\u0442\u043d\u0438\u043a \u043f\u043e\u0434\u0442\u0432\u0435\u0440\u0436\u0434\u0430\u0435\u0442, \u0447\u0442\u043e \u043e\u043d\/\u043e\u043d\u0430 \u0434\u0430\u0435\u0442 \u0441\u043e\u0433\u043b\u0430\u0441\u0438\u0435 \u043d\u0430 \u043e\u0431\u0440\u0430\u0431\u043e\u0442\u043a\u0443 \u0441\u0432\u043e\u0438\u0445 \u043f\u0435\u0440\u0441\u043e\u043d\u0430\u043b\u044c\u043d\u044b\u0445 \u0434\u0430\u043d\u043d\u044b\u0445.<\/p><\/li><\/ul><h3 data-start=\"1887\" data-end=\"1911\">7. \u0420\u0430\u0441\u0442\u043e\u0440\u0436\u0435\u043d\u0438\u0435 \u0434\u043e\u0433\u043e\u0432\u043e\u0440\u0430<\/h3><ul data-start=\"1912\" data-end=\"2047\"><li data-start=\"1912\" data-end=\"1961\"><p data-start=\"1914\" data-end=\"1961\">\u0427\u043b\u0435\u043d \u043c\u043e\u0436\u0435\u0442 \u043e\u0442\u043c\u0435\u043d\u0438\u0442\u044c \u0441\u0432\u043e\u0435 \u0447\u043b\u0435\u043d\u0441\u0442\u0432\u043e \u0432 \u043b\u044e\u0431\u043e\u0435 \u0432\u0440\u0435\u043c\u044f.<\/p><\/li><li data-start=\"1962\" data-end=\"2047\"><p data-start=\"1964\" data-end=\"2047\">\u041a\u043e\u043c\u043f\u0430\u043d\u0438\u044f \u0438\u043c\u0435\u0435\u0442 \u043f\u0440\u0430\u0432\u043e \u043d\u0435\u043c\u0435\u0434\u043b\u0435\u043d\u043d\u043e \u043f\u0440\u0435\u043a\u0440\u0430\u0442\u0438\u0442\u044c \u0447\u043b\u0435\u043d\u0441\u0442\u0432\u043e, \u0435\u0441\u043b\u0438 \u0447\u043b\u0435\u043d \u043d\u0430\u0440\u0443\u0448\u0430\u0435\u0442 \u0443\u0441\u043b\u043e\u0432\u0438\u044f \u0434\u043e\u0433\u043e\u0432\u043e\u0440\u0430.<\/p><\/li><\/ul><h3 data-start=\"2049\" data-end=\"2078\">8. \u0420\u0430\u0437\u0440\u0435\u0448\u0435\u043d\u0438\u0435 \u0441\u043f\u043e\u0440\u043e\u0432<\/h3><p data-start=\"2079\" data-end=\"2170\">\u0421\u0443\u0434\u044b \u0438 \u043f\u0440\u0430\u0432\u043e\u043e\u0445\u0440\u0430\u043d\u0438\u0442\u0435\u043b\u044c\u043d\u044b\u0435 \u043e\u0440\u0433\u0430\u043d\u044b \u0410\u043b\u0430\u043d\u0438\u0438 \u043e\u0431\u043b\u0430\u0434\u0430\u044e\u0442 \u044e\u0440\u0438\u0441\u0434\u0438\u043a\u0446\u0438\u0435\u0439 \u0432 \u043e\u0442\u043d\u043e\u0448\u0435\u043d\u0438\u0438 \u043b\u044e\u0431\u044b\u0445 \u0441\u043f\u043e\u0440\u043e\u0432, \u043a\u043e\u0442\u043e\u0440\u044b\u0435 \u043c\u043e\u0433\u0443\u0442 \u0432\u043e\u0437\u043d\u0438\u043a\u043d\u0443\u0442\u044c \u043f\u043e \u043d\u0430\u0441\u0442\u043e\u044f\u0449\u0435\u043c\u0443 \u0434\u043e\u0433\u043e\u0432\u043e\u0440\u0443.<\/p><h3 data-start=\"2172\" data-end=\"2187\">9. \u0412\u0441\u0442\u0443\u043f\u043b\u0435\u043d\u0438\u0435 \u0432 \u0441\u0438\u043b\u0443<\/h3><p data-start=\"2188\" data-end=\"2343\">\u0417\u0430\u043f\u043e\u043b\u043d\u044f\u044f \u0438 \u043f\u043e\u0434\u0442\u0432\u0435\u0440\u0436\u0434\u0430\u044f \u0440\u0435\u0433\u0438\u0441\u0442\u0440\u0430\u0446\u0438\u043e\u043d\u043d\u0443\u044e \u0444\u043e\u0440\u043c\u0443, \u0423\u0447\u0430\u0441\u0442\u043d\u0438\u043a \u0441\u0447\u0438\u0442\u0430\u0435\u0442\u0441\u044f \u043f\u0440\u0438\u043d\u044f\u0432\u0448\u0438\u043c \u0432\u0441\u0435 \u043f\u043e\u043b\u043e\u0436\u0435\u043d\u0438\u044f \u043d\u0430\u0441\u0442\u043e\u044f\u0449\u0435\u0433\u043e \u0441\u043e\u0433\u043b\u0430\u0448\u0435\u043d\u0438\u044f. \u041d\u0430\u0441\u0442\u043e\u044f\u0449\u0435\u0435 \u0441\u043e\u0433\u043b\u0430\u0448\u0435\u043d\u0438\u0435 \u0434\u0435\u0439\u0441\u0442\u0432\u0443\u0435\u0442 \u0431\u0435\u0441\u0441\u0440\u043e\u0447\u043d\u043e \u043c\u0435\u0436\u0434\u0443 \u0441\u0442\u043e\u0440\u043e\u043d\u0430\u043c\u0438.<\/p>\t\t\t\t\t\t\t\t<\/div>\n\t\t\t\t<\/div>\n\t\t\t\t<\/div>\n\t\t\t\t\t<\/div>\n\t\t\t\t<\/div>\n\t\t\t\t<\/div>","protected":false},"excerpt":{"rendered":"<p>\u0421\u043e\u0433\u043b\u0430\u0448\u0435\u043d\u0438\u0435 \u043e \u0447\u043b\u0435\u043d\u0441\u0442\u0432\u0435. \u041d\u0430\u0441\u0442\u043e\u044f\u0449\u0435\u0435 \u0441\u043e\u0433\u043b\u0430\u0448\u0435\u043d\u0438\u0435 \u0437\u0430\u043a\u043b\u044e\u0447\u0430\u0435\u0442\u0441\u044f \u043c\u0435\u0436\u0434\u0443 \u043b\u0438\u0446\u043e\u043c, \u044f\u0432\u043b\u044f\u044e\u0449\u0438\u043c\u0441\u044f \u0443\u0447\u0430\u0441\u0442\u043d\u0438\u043a\u043e\u043c \u0432\u0435\u0431-\u0441\u0430\u0439\u0442\u0430 www.bnreo.com.tr (\u00ab\u0423\u0447\u0430\u0441\u0442\u043d\u0438\u043a\u00bb), \u0438 BNREO (\u00ab\u041a\u043e\u043c\u043f\u0430\u043d\u0438\u044f\u00bb), \u043a\u043e\u0442\u043e\u0440\u0430\u044f \u0443\u043f\u0440\u0430\u0432\u043b\u044f\u0435\u0442 \u0441\u0430\u0439\u0442\u043e\u043c, \u043d\u0430 \u0441\u043b\u0435\u0434\u0443\u044e\u0449\u0438\u0445 \u0443\u0441\u043b\u043e\u0432\u0438\u044f\u0445:<\/p>","protected":false},"author":1,"featured_media":0,"parent":0,"menu_order":0,"comment_status":"closed","ping_status":"closed","template":"elementor_header_footer","meta":{"footnotes":""},"class_list":["post-28209","page","type-page","status-publish","hentry"],"yoast_head":"<!-- This site is optimized with the Yoast SEO plugin v25.3.1 - https:\/\/yoast.com\/wordpress\/plugins\/seo\/ -->\n<title>\u00dcyelik S\u00f6zle\u015fmesi - Bnreo | Su Ar\u0131tma Cihazlar\u0131<\/title>\n<meta name=\"robots\" content=\"index, follow, max-snippet:-1, max-image-preview:large, max-video-preview:-1\" \/>\n<link rel=\"canonical\" href=\"http:\/\/bnreo.com.tr\/ru\/uyelik-sozlesmesi\/\" \/>\n<meta property=\"og:locale\" content=\"ru_RU\" \/>\n<meta property=\"og:type\" content=\"article\" \/>\n<meta property=\"og:title\" content=\"\u00dcyelik S\u00f6zle\u015fmesi - Bnreo | Su Ar\u0131tma Cihazlar\u0131\" \/>\n<meta property=\"og:description\" content=\"\u00dcyelik S\u00f6zle\u015fmesi \u0130\u015fbu s\u00f6zle\u015fme, www.bnreo.com.tr web sitesine \u00fcye olan ki\u015fi (\u201c\u00dcye\u201d) ile siteyi y\u00f6neten BNREO (\u201c\u015eirket\u201d) aras\u0131nda a\u015fa\u011f\u0131daki \u015fartlar dahilinde\" \/>\n<meta property=\"og:url\" content=\"http:\/\/bnreo.com.tr\/ru\/uyelik-sozlesmesi\/\" \/>\n<meta property=\"og:site_name\" content=\"Bnreo | Su Ar\u0131tma Cihazlar\u0131\" \/>\n<meta property=\"article:modified_time\" content=\"2025-06-24T02:17:42+00:00\" \/>\n<meta name=\"twitter:card\" content=\"summary_large_image\" \/>\n<meta name=\"twitter:label1\" content=\"\u041f\u0440\u0438\u043c\u0435\u0440\u043d\u043e\u0435 \u0432\u0440\u0435\u043c\u044f \u0434\u043b\u044f \u0447\u0442\u0435\u043d\u0438\u044f\" \/>\n\t<meta name=\"twitter:data1\" content=\"2 \u043c\u0438\u043d\u0443\u0442\u044b\" \/>\n<script type=\"application\/ld+json\" class=\"yoast-schema-graph\">{\"@context\":\"https:\/\/schema.org\",\"@graph\":[{\"@type\":\"WebPage\",\"@id\":\"https:\/\/bnreo.com.tr\/uyelik-sozlesmesi\/\",\"url\":\"https:\/\/bnreo.com.tr\/uyelik-sozlesmesi\/\",\"name\":\"\u00dcyelik S\u00f6zle\u015fmesi - Bnreo | Su Ar\u0131tma Cihazlar\u0131\",\"isPartOf\":{\"@id\":\"https:\/\/bnreo.com.tr\/#website\"},\"datePublished\":\"2025-06-24T02:13:40+00:00\",\"dateModified\":\"2025-06-24T02:17:42+00:00\",\"breadcrumb\":{\"@id\":\"https:\/\/bnreo.com.tr\/uyelik-sozlesmesi\/#breadcrumb\"},\"inLanguage\":\"ru-RU\",\"potentialAction\":[{\"@type\":\"ReadAction\",\"target\":[\"https:\/\/bnreo.com.tr\/uyelik-sozlesmesi\/\"]}]},{\"@type\":\"BreadcrumbList\",\"@id\":\"https:\/\/bnreo.com.tr\/uyelik-sozlesmesi\/#breadcrumb\",\"itemListElement\":[{\"@type\":\"ListItem\",\"position\":1,\"name\":\"Anasayfa\",\"item\":\"https:\/\/bnreo.com.tr\/\"},{\"@type\":\"ListItem\",\"position\":2,\"name\":\"\u00dcyelik S\u00f6zle\u015fmesi\"}]},{\"@type\":\"WebSite\",\"@id\":\"https:\/\/bnreo.com.tr\/#website\",\"url\":\"https:\/\/bnreo.com.tr\/\",\"name\":\"Bnreo | Su Ar\u0131tma Cihazlar\u0131\",\"description\":\"Bnreo | Su Ar\u0131tma Cihazlar\u0131\",\"potentialAction\":[{\"@type\":\"SearchAction\",\"target\":{\"@type\":\"EntryPoint\",\"urlTemplate\":\"https:\/\/bnreo.com.tr\/?s={search_term_string}\"},\"query-input\":{\"@type\":\"PropertyValueSpecification\",\"valueRequired\":true,\"valueName\":\"search_term_string\"}}],\"inLanguage\":\"ru-RU\"}]}<\/script>\n<!-- \/ Yoast SEO plugin. -->","yoast_head_json":{"title":"\u00dcyelik S\u00f6zle\u015fmesi - Bnreo | Su Ar\u0131tma Cihazlar\u0131","robots":{"index":"index","follow":"follow","max-snippet":"max-snippet:-1","max-image-preview":"max-image-preview:large","max-video-preview":"max-video-preview:-1"},"canonical":"http:\/\/bnreo.com.tr\/ru\/uyelik-sozlesmesi\/","og_locale":"ru_RU","og_type":"article","og_title":"\u00dcyelik S\u00f6zle\u015fmesi - Bnreo | Su Ar\u0131tma Cihazlar\u0131","og_description":"\u00dcyelik S\u00f6zle\u015fmesi \u0130\u015fbu s\u00f6zle\u015fme, www.bnreo.com.tr web sitesine \u00fcye olan ki\u015fi (\u201c\u00dcye\u201d) ile siteyi y\u00f6neten BNREO (\u201c\u015eirket\u201d) aras\u0131nda a\u015fa\u011f\u0131daki \u015fartlar dahilinde","og_url":"http:\/\/bnreo.com.tr\/ru\/uyelik-sozlesmesi\/","og_site_name":"Bnreo | Su Ar\u0131tma Cihazlar\u0131","article_modified_time":"2025-06-24T02:17:42+00:00","twitter_card":"summary_large_image","twitter_misc":{"\u041f\u0440\u0438\u043c\u0435\u0440\u043d\u043e\u0435 \u0432\u0440\u0435\u043c\u044f \u0434\u043b\u044f \u0447\u0442\u0435\u043d\u0438\u044f":"2 \u043c\u0438\u043d\u0443\u0442\u044b"},"schema":{"@context":"https:\/\/schema.org","@graph":[{"@type":"WebPage","@id":"https:\/\/bnreo.com.tr\/uyelik-sozlesmesi\/","url":"https:\/\/bnreo.com.tr\/uyelik-sozlesmesi\/","name":"\u00dcyelik S\u00f6zle\u015fmesi - Bnreo | Su Ar\u0131tma Cihazlar\u0131","isPartOf":{"@id":"https:\/\/bnreo.com.tr\/#website"},"datePublished":"2025-06-24T02:13:40+00:00","dateModified":"2025-06-24T02:17:42+00:00","breadcrumb":{"@id":"https:\/\/bnreo.com.tr\/uyelik-sozlesmesi\/#breadcrumb"},"inLanguage":"ru-RU","potentialAction":[{"@type":"ReadAction","target":["https:\/\/bnreo.com.tr\/uyelik-sozlesmesi\/"]}]},{"@type":"BreadcrumbList","@id":"https:\/\/bnreo.com.tr\/uyelik-sozlesmesi\/#breadcrumb","itemListElement":[{"@type":"ListItem","position":1,"name":"Anasayfa","item":"https:\/\/bnreo.com.tr\/"},{"@type":"ListItem","position":2,"name":"\u00dcyelik S\u00f6zle\u015fmesi"}]},{"@type":"WebSite","@id":"https:\/\/bnreo.com.tr\/#website","url":"https:\/\/bnreo.com.tr\/","name":"Bnreo | Su Ar\u0131tma Cihazlar\u0131","description":"Bnreo | Su Ar\u0131tma Cihazlar\u0131","potentialAction":[{"@type":"SearchAction","target":{"@type":"EntryPoint","urlTemplate":"https:\/\/bnreo.com.tr\/?s={search_term_string}"},"query-input":{"@type":"PropertyValueSpecification","valueRequired":true,"valueName":"search_term_string"}}],"inLanguage":"ru-RU"}]}},"_links":{"self":[{"href":"http:\/\/bnreo.com.tr\/ru\/wp-json\/wp\/v2\/pages\/28209","targetHints":{"allow":["GET"]}}],"collection":[{"href":"http:\/\/bnreo.com.tr\/ru\/wp-json\/wp\/v2\/pages"}],"about":[{"href":"http:\/\/bnreo.com.tr\/ru\/wp-json\/wp\/v2\/types\/page"}],"author":[{"embeddable":true,"href":"http:\/\/bnreo.com.tr\/ru\/wp-json\/wp\/v2\/users\/1"}],"replies":[{"embeddable":true,"href":"http:\/\/bnreo.com.tr\/ru\/wp-json\/wp\/v2\/comments?post=28209"}],"version-history":[{"count":4,"href":"http:\/\/bnreo.com.tr\/ru\/wp-json\/wp\/v2\/pages\/28209\/revisions"}],"predecessor-version":[{"id":28228,"href":"http:\/\/bnreo.com.tr\/ru\/wp-json\/wp\/v2\/pages\/28209\/revisions\/28228"}],"wp:attachment":[{"href":"http:\/\/bnreo.com.tr\/ru\/wp-json\/wp\/v2\/media?parent=28209"}],"curies":[{"name":"wp","href":"https:\/\/api.w.org\/{rel}","templated":true}]}}