{"id":28041,"date":"2025-06-24T03:59:58","date_gmt":"2025-06-24T00:59:58","guid":{"rendered":"https:\/\/bnreo.com.tr\/?page_id=28041"},"modified":"2025-06-24T04:06:11","modified_gmt":"2025-06-24T01:06:11","slug":"uv-teknolojisi","status":"publish","type":"page","link":"http:\/\/bnreo.com.tr\/ru\/uv-teknolojisi\/","title":{"rendered":"\u0423\u0424-\u0442\u0435\u0445\u043d\u043e\u043b\u043e\u0433\u0438\u0438"},"content":{"rendered":"<div data-elementor-type=\"wp-page\" data-elementor-id=\"28041\" class=\"elementor elementor-28041\">\n\t\t\t\t<div class=\"wd-negative-gap elementor-element elementor-element-7f937a5 e-flex e-con-boxed elementor-invisible e-con e-parent\" data-id=\"7f937a5\" data-element_type=\"container\" data-settings=\"{&quot;animation&quot;:&quot;fadeInUp&quot;}\">\n\t\t\t\t\t<div class=\"e-con-inner\">\n\t\t<div class=\"elementor-element elementor-element-cd8ad96 e-con-full e-flex e-con e-child\" data-id=\"cd8ad96\" data-element_type=\"container\">\n\t\t\t\t<div class=\"elementor-element elementor-element-01e3156 color-scheme-inherit text-left elementor-widget elementor-widget-text-editor\" data-id=\"01e3156\" data-element_type=\"widget\" data-widget_type=\"text-editor.default\">\n\t\t\t\t<div class=\"elementor-widget-container\">\n\t\t\t\t\t\t\t\t\t<h3 data-start=\"169\" data-end=\"189\">\u0423\u0424-\u0442\u0435\u0445\u043d\u043e\u043b\u043e\u0433\u0438\u0438<\/h3><h4 data-start=\"191\" data-end=\"276\">\u0411\u0435\u0437\u043e\u043f\u0430\u0441\u043d\u0430\u044f \u0438 \u043d\u0435 \u0441\u043e\u0434\u0435\u0440\u0436\u0430\u0449\u0430\u044f \u0445\u0438\u043c\u0438\u043a\u0430\u0442\u043e\u0432 \u0434\u0435\u0437\u0438\u043d\u0444\u0435\u043a\u0446\u0438\u044f \u0441 \u043f\u043e\u043c\u043e\u0449\u044c\u044e \u0441\u0438\u0441\u0442\u0435\u043c \u043e\u0447\u0438\u0441\u0442\u043a\u0438 \u0432\u043e\u0434\u044b \u0443\u043b\u044c\u0442\u0440\u0430\u0444\u0438\u043e\u043b\u0435\u0442\u043e\u043c (\u0423\u0424)<\/h4><p data-start=\"277\" data-end=\"681\"><strong data-start=\"277\" data-end=\"301\">\u0423\u0424-\u0442\u0435\u0445\u043d\u043e\u043b\u043e\u0433\u0438\u044f BNREO<\/strong>\u041a\u043e\u043c\u043f\u0430\u043d\u0438\u044f \u0443\u0434\u0435\u043b\u044f\u0435\u0442 \u043f\u0435\u0440\u0432\u043e\u0441\u0442\u0435\u043f\u0435\u043d\u043d\u043e\u0435 \u0432\u043d\u0438\u043c\u0430\u043d\u0438\u0435 \u0437\u0434\u043e\u0440\u043e\u0432\u044c\u044e \u0447\u0435\u043b\u043e\u0432\u0435\u043a\u0430, \u0438\u0441\u043f\u043e\u043b\u044c\u0437\u0443\u044f \u0443\u0441\u0442\u043e\u0439\u0447\u0438\u0432\u044b\u0439 \u044d\u043a\u043e\u043b\u043e\u0433\u0438\u0447\u0435\u0441\u043a\u0438\u0439 \u043f\u043e\u0434\u0445\u043e\u0434, \u0438 \u043f\u0440\u0435\u0434\u043b\u0430\u0433\u0430\u0435\u0442 \u0432\u044b\u0441\u043e\u043a\u043e\u044d\u0444\u0444\u0435\u043a\u0442\u0438\u0432\u043d\u044b\u0435 \u0438 \u044d\u043a\u043e\u043b\u043e\u0433\u0438\u0447\u0435\u0441\u043a\u0438 \u0431\u0435\u0437\u043e\u043f\u0430\u0441\u043d\u044b\u0435 \u0440\u0435\u0448\u0435\u043d\u0438\u044f \u0434\u043b\u044f \u0434\u0435\u0437\u0438\u043d\u0444\u0435\u043a\u0446\u0438\u0438 \u0432\u043e\u0434\u044b. \u0421\u0438\u0441\u0442\u0435\u043c\u044b \u0443\u043b\u044c\u0442\u0440\u0430\u0444\u0438\u043e\u043b\u0435\u0442\u043e\u0432\u043e\u0439 \u043e\u0447\u0438\u0441\u0442\u043a\u0438 \u0432\u043e\u0434\u044b \u044f\u0432\u043b\u044f\u044e\u0442\u0441\u044f \u043e\u0434\u043d\u0438\u043c \u0438\u0437 \u0441\u0430\u043c\u044b\u0445 \u044d\u0444\u0444\u0435\u043a\u0442\u0438\u0432\u043d\u044b\u0445 \u0438 \u0431\u0435\u0437\u043e\u043f\u0430\u0441\u043d\u044b\u0445 \u043c\u0435\u0442\u043e\u0434\u043e\u0432 \u0441\u0442\u0435\u0440\u0438\u043b\u0438\u0437\u0430\u0446\u0438\u0438 \u0432\u043e\u0434\u044b \u0431\u0435\u0437 \u0438\u0441\u043f\u043e\u043b\u044c\u0437\u043e\u0432\u0430\u043d\u0438\u044f \u0445\u0438\u043c\u0438\u0447\u0435\u0441\u043a\u0438\u0445 \u0432\u0435\u0449\u0435\u0441\u0442\u0432. \u042d\u0442\u0438 \u0441\u0438\u0441\u0442\u0435\u043c\u044b \u0443\u043d\u0438\u0447\u0442\u043e\u0436\u0430\u044e\u0442 \u043f\u0430\u0442\u043e\u0433\u0435\u043d\u043d\u044b\u0435 \u043c\u0438\u043a\u0440\u043e\u043e\u0440\u0433\u0430\u043d\u0438\u0437\u043c\u044b \u0432 \u0432\u043e\u0434\u0435 \u0441 \u043f\u043e\u043c\u043e\u0449\u044c\u044e \u043f\u0440\u044f\u043c\u044b\u0445 \u0443\u043b\u044c\u0442\u0440\u0430\u0444\u0438\u043e\u043b\u0435\u0442\u043e\u0432\u044b\u0445 \u043b\u0443\u0447\u0435\u0439, \u043e\u0431\u0435\u0441\u043f\u0435\u0447\u0438\u0432\u0430\u044f \u0433\u0438\u0433\u0438\u0435\u043d\u0438\u0447\u043d\u043e\u0435 \u0432\u043e\u0434\u043e\u0441\u043d\u0430\u0431\u0436\u0435\u043d\u0438\u0435.<\/p><h4 data-start=\"683\" data-end=\"719\">\u041f\u0440\u0438\u043d\u0446\u0438\u043f \u0440\u0430\u0431\u043e\u0442\u044b \u0423\u0424-\u0443\u0441\u0442\u0440\u043e\u0439\u0441\u0442\u0432\u0430<\/h4><p data-start=\"720\" data-end=\"1301\">\u0423\u043b\u044c\u0442\u0440\u0430\u0444\u0438\u043e\u043b\u0435\u0442\u043e\u0432\u044b\u0435 \u0443\u0441\u0442\u0440\u043e\u0439\u0441\u0442\u0432\u0430 \u0433\u0435\u043d\u0435\u0440\u0438\u0440\u0443\u044e\u0442 \u0443\u043b\u044c\u0442\u0440\u0430\u0444\u0438\u043e\u043b\u0435\u0442\u043e\u0432\u043e\u0435 \u0438\u0437\u043b\u0443\u0447\u0435\u043d\u0438\u0435 \u0441 \u0434\u043b\u0438\u043d\u043e\u0439 \u0432\u043e\u043b\u043d\u044b 254 \u043d\u0430\u043d\u043e\u043c\u0435\u0442\u0440\u0430 \u0431\u043b\u0430\u0433\u043e\u0434\u0430\u0440\u044f \u0441\u043f\u0435\u0446\u0438\u0430\u043b\u044c\u043d\u044b\u043c \u0423\u0424-\u043b\u0430\u043c\u043f\u0430\u043c \u0432\u043d\u0443\u0442\u0440\u0438. \u042d\u0442\u0430 \u0434\u043b\u0438\u043d\u0430 \u0432\u043e\u043b\u043d\u044b \u043f\u043e\u0432\u0440\u0435\u0436\u0434\u0430\u0435\u0442 \u0441\u0442\u0440\u0443\u043a\u0442\u0443\u0440\u044b \u0414\u041d\u041a \u0438 \u0420\u041d\u041a \u0431\u0430\u043a\u0442\u0435\u0440\u0438\u0439, \u0432\u0438\u0440\u0443\u0441\u043e\u0432, \u0433\u0440\u0438\u0431\u043a\u043e\u0432 \u0438 \u0434\u0440\u0443\u0433\u0438\u0445 \u043c\u0438\u043a\u0440\u043e\u043e\u0440\u0433\u0430\u043d\u0438\u0437\u043c\u043e\u0432, \u043f\u0440\u0435\u0434\u043e\u0442\u0432\u0440\u0430\u0449\u0430\u044f \u0438\u0445 \u0440\u0430\u0437\u043c\u043d\u043e\u0436\u0435\u043d\u0438\u0435 \u0438 \u0434\u0435\u043b\u0430\u044f \u0438\u0445 \u043d\u0435\u044d\u0444\u0444\u0435\u043a\u0442\u0438\u0432\u043d\u044b\u043c\u0438. \u042d\u0442\u043e\u0442 \u043f\u0440\u043e\u0446\u0435\u0441\u0441 \u043d\u0430\u0437\u044b\u0432\u0430\u0435\u0442\u0441\u044f \u00ab\u043c\u0438\u043a\u0440\u043e\u0431\u0438\u043e\u043b\u043e\u0433\u0438\u0447\u0435\u0441\u043a\u043e\u0439 \u043e\u0431\u0440\u0430\u0431\u043e\u0442\u043a\u043e\u0439\u00bb. \u0421\u0438\u0441\u0442\u0435\u043c\u0430 \u0441\u043e\u0441\u0442\u043e\u0438\u0442 \u0438\u0437 \u0447\u0435\u0442\u044b\u0440\u0451\u0445 \u043e\u0441\u043d\u043e\u0432\u043d\u044b\u0445 \u0447\u0430\u0441\u0442\u0435\u0439: \u043a\u043e\u0440\u043f\u0443\u0441\u0430 \u0438\u0437 \u043d\u0435\u0440\u0436\u0430\u0432\u0435\u044e\u0449\u0435\u0439 \u0441\u0442\u0430\u043b\u0438, \u0437\u0430\u0449\u0438\u0442\u043d\u043e\u0433\u043e \u043a\u043e\u0436\u0443\u0445\u0430 \u0423\u0424-\u043b\u0430\u043c\u043f\u044b (\u043a\u0432\u0430\u0440\u0446\u0435\u0432\u043e\u0435 \u0441\u0442\u0435\u043a\u043b\u043e), \u0423\u0424-\u043b\u0430\u043c\u043f\u044b \u0438 \u043f\u0430\u043d\u0435\u043b\u0438 \u0443\u043f\u0440\u0430\u0432\u043b\u0435\u043d\u0438\u044f. \u0412\u043e\u0434\u0430 \u043f\u043e\u0434\u0432\u0435\u0440\u0433\u0430\u0435\u0442\u0441\u044f \u0432\u043e\u0437\u0434\u0435\u0439\u0441\u0442\u0432\u0438\u044e \u0423\u0424-\u0438\u0437\u043b\u0443\u0447\u0435\u043d\u0438\u044f, \u043f\u0440\u043e\u0445\u043e\u0434\u044f \u0447\u0435\u0440\u0435\u0437 \u043a\u043e\u0440\u043f\u0443\u0441 \u0443\u0441\u0442\u0440\u043e\u0439\u0441\u0442\u0432\u0430 \u0438\u0437 \u043d\u0435\u0440\u0436\u0430\u0432\u0435\u044e\u0449\u0435\u0439 \u0441\u0442\u0430\u043b\u0438 \u0438 \u0432\u044b\u0445\u043e\u0434\u044f \u0438\u0437 \u0441\u0438\u0441\u0442\u0435\u043c\u044b \u0432 \u0441\u0442\u0435\u0440\u0438\u043b\u044c\u043d\u043e\u043c \u0441\u043e\u0441\u0442\u043e\u044f\u043d\u0438\u0438.<\/p><p data-start=\"1303\" data-end=\"1747\">\u041e\u0434\u043d\u0438\u043c \u0438\u0437 \u0432\u0430\u0436\u043d\u0435\u0439\u0448\u0438\u0445 \u043f\u0440\u0435\u0438\u043c\u0443\u0449\u0435\u0441\u0442\u0432 \u044d\u0442\u043e\u0433\u043e \u043c\u0435\u0442\u043e\u0434\u0430 \u044f\u0432\u043b\u044f\u0435\u0442\u0441\u044f \u0442\u043e, \u0447\u0442\u043e \u0432 \u0445\u043e\u0434\u0435 \u043f\u0440\u043e\u0446\u0435\u0441\u0441\u0430 <strong data-start=\"1363\" data-end=\"1419\">\u043d\u0435 \u0438\u0441\u043f\u043e\u043b\u044c\u0437\u0443\u0435\u0442\u0441\u044f \u043d\u0430\u0433\u0440\u0435\u0432\u0430\u043d\u0438\u0435 \u0438\u043b\u0438 \u0445\u0438\u043c\u0438\u0447\u0435\u0441\u043a\u0438\u0435 \u0434\u043e\u0431\u0430\u0432\u043a\u0438<\/strong>\u0422\u0430\u043a\u0438\u043c \u043e\u0431\u0440\u0430\u0437\u043e\u043c, \u0441\u043e\u0445\u0440\u0430\u043d\u044f\u044e\u0442\u0441\u044f \u0432\u043a\u0443\u0441, \u0437\u0430\u043f\u0430\u0445 \u0438 \u043c\u0438\u043d\u0435\u0440\u0430\u043b\u044c\u043d\u044b\u0439 \u0431\u0430\u043b\u0430\u043d\u0441 \u0432\u043e\u0434\u044b. \u0412\u043e\u0434\u0430, \u043f\u0440\u043e\u0448\u0435\u0434\u0448\u0430\u044f \u0423\u0424-\u0434\u0435\u0437\u0438\u043d\u0444\u0435\u043a\u0446\u0438\u044e, \u0441\u0442\u0430\u043d\u043e\u0432\u0438\u0442\u0441\u044f \u043f\u043e\u043b\u0435\u0437\u043d\u043e\u0439 \u0438 \u0431\u0435\u0437\u043e\u043f\u0430\u0441\u043d\u043e\u0439, \u043d\u0435 \u0442\u0435\u0440\u044f\u044f \u043f\u0440\u0438 \u044d\u0442\u043e\u043c \u0441\u0432\u043e\u0435\u0433\u043e \u043f\u0440\u0438\u0440\u043e\u0434\u043d\u043e\u0433\u043e \u0441\u043e\u0441\u0442\u0430\u0432\u0430. \u0414\u043b\u044f \u044d\u0444\u0444\u0435\u043a\u0442\u0438\u0432\u043d\u043e\u0439 \u0440\u0430\u0431\u043e\u0442\u044b \u0441\u0438\u0441\u0442\u0435\u043c\u044b \u0432\u043e\u0434\u0430 \u0434\u043e\u043b\u0436\u043d\u0430 \u0431\u044b\u0442\u044c \u043c\u0435\u0445\u0430\u043d\u0438\u0447\u0435\u0441\u043a\u0438 \u043e\u0447\u0438\u0449\u0435\u043d\u0430 \u043e\u0442 \u043e\u0441\u0430\u0434\u043a\u0430 \u0438 \u043c\u0443\u0442\u0438, \u0440\u0430\u0431\u043e\u0442\u0430\u0442\u044c \u0441 \u043d\u0435\u043e\u0431\u0445\u043e\u0434\u0438\u043c\u043e\u0439 \u0441\u043a\u043e\u0440\u043e\u0441\u0442\u044c\u044e \u043f\u043e\u0442\u043e\u043a\u0430 \u0438 \u043f\u0440\u0438\u043c\u0435\u043d\u044f\u0442\u044c\u0441\u044f \u043f\u0435\u0440\u0435\u0434 \u043e\u043a\u043e\u043d\u0447\u0430\u0442\u0435\u043b\u044c\u043d\u044b\u043c \u0438\u0441\u043f\u043e\u043b\u044c\u0437\u043e\u0432\u0430\u043d\u0438\u0435\u043c.<\/p><h4 data-start=\"1749\" data-end=\"1796\">\u0412\u043b\u0438\u044f\u043d\u0438\u0435 \u0423\u0424-\u043b\u0443\u0447\u0435\u0439 \u043d\u0430 \u043c\u0438\u043a\u0440\u043e\u043e\u0440\u0433\u0430\u043d\u0438\u0437\u043c\u044b<\/h4><p data-start=\"1797\" data-end=\"2100\">UV \u0131\u015f\u0131nlar\u0131, h\u00fccre duvar\u0131n\u0131 ge\u00e7erek mikroorganizmalar\u0131n genetik materyallerine etki eder. DNA\/RNA yap\u0131s\u0131nda bozulmaya yol a\u00e7arak mikroorganizman\u0131n \u00e7o\u011falmas\u0131n\u0131 ve ya\u015famas\u0131n\u0131 engeller. B\u00f6ylece suda potansiyel hastal\u0131klara yol a\u00e7abilecek t\u00fcm patojenlerin %99,999 oran\u0131nda etkisiz hale getirilmesi sa\u011flan\u0131r.<\/p><h3>\u0412\u043b\u0438\u044f\u043d\u0438\u0435 \u0423\u0424-\u043b\u0443\u0447\u0435\u0439 \u043d\u0430 \u043c\u0438\u043a\u0440\u043e\u043e\u0440\u0433\u0430\u043d\u0438\u0437\u043c\u044b;<br \/><img fetchpriority=\"high\" decoding=\"async\" class=\"alignnone  wp-image-28059\" src=\"https:\/\/bnreo.com.tr\/wp-content\/uploads\/2025\/06\/uvtable-400x176.png\" alt=\"\" width=\"583\" height=\"256\" srcset=\"https:\/\/bnreo.com.tr\/wp-content\/uploads\/2025\/06\/uvtable-400x176.png 400w, https:\/\/bnreo.com.tr\/wp-content\/uploads\/2025\/06\/uvtable-18x8.png 18w, https:\/\/bnreo.com.tr\/wp-content\/uploads\/2025\/06\/uvtable-430x190.png 430w, https:\/\/bnreo.com.tr\/wp-content\/uploads\/2025\/06\/uvtable-150x66.png 150w, https:\/\/bnreo.com.tr\/wp-content\/uploads\/2025\/06\/uvtable.png 578w\" sizes=\"(max-width: 583px) 100vw, 583px\" \/><\/h3><h4 data-start=\"2102\" data-end=\"2126\">\u041e\u0431\u043b\u0430\u0441\u0442\u0438 \u0438\u0441\u043f\u043e\u043b\u044c\u0437\u043e\u0432\u0430\u043d\u0438\u044f<\/h4><p data-start=\"2127\" data-end=\"2278\">\u0423\u0424-\u0442\u0435\u0445\u043d\u043e\u043b\u043e\u0433\u0438\u044f \u0448\u0438\u0440\u043e\u043a\u043e \u043f\u0440\u0438\u043c\u0435\u043d\u044f\u0435\u0442\u0441\u044f \u0432 \u0440\u0430\u0437\u043b\u0438\u0447\u043d\u044b\u0445 \u043e\u0442\u0440\u0430\u0441\u043b\u044f\u0445 \u043f\u0440\u043e\u043c\u044b\u0448\u043b\u0435\u043d\u043d\u043e\u0441\u0442\u0438. \u041e\u043d\u0430 \u043e\u0441\u043e\u0431\u0435\u043d\u043d\u043e \u043f\u0440\u0435\u0434\u043f\u043e\u0447\u0442\u0438\u0442\u0435\u043b\u044c\u043d\u0430 \u0432 \u043f\u0440\u043e\u0446\u0435\u0441\u0441\u0430\u0445, \u0433\u0434\u0435 \u043d\u0435 \u0434\u043e\u043f\u0443\u0441\u043a\u0430\u0435\u0442\u0441\u044f \u043d\u0430\u043b\u0438\u0447\u0438\u0435 \u0445\u0438\u043c\u0438\u0447\u0435\u0441\u043a\u0438\u0445 \u043e\u0441\u0442\u0430\u0442\u043a\u043e\u0432:<\/p><ul data-start=\"2280\" data-end=\"2976\"><li data-start=\"2280\" data-end=\"2350\"><p data-start=\"2282\" data-end=\"2350\"><strong data-start=\"2282\" data-end=\"2311\">\u041f\u0438\u0449\u0435\u0432\u0430\u044f \u043f\u0440\u043e\u043c\u044b\u0448\u043b\u0435\u043d\u043d\u043e\u0441\u0442\u044c \u0438 \u043f\u0440\u043e\u0438\u0437\u0432\u043e\u0434\u0441\u0442\u0432\u043e \u043d\u0430\u043f\u0438\u0442\u043a\u043e\u0432<\/strong>: \u041d\u0430 \u043f\u0440\u043e\u0438\u0437\u0432\u043e\u0434\u0441\u0442\u0432\u0435\u043d\u043d\u044b\u0445 \u043b\u0438\u043d\u0438\u044f\u0445, \u0442\u0440\u0435\u0431\u0443\u044e\u0449\u0438\u0445 \u0441\u043e\u0431\u043b\u044e\u0434\u0435\u043d\u0438\u044f \u0433\u0438\u0433\u0438\u0435\u043d\u044b<\/p><\/li><li data-start=\"2351\" data-end=\"2418\"><p data-start=\"2353\" data-end=\"2418\"><strong data-start=\"2353\" data-end=\"2373\">\u041a\u043e\u0441\u043c\u0435\u0442\u0438\u0447\u0435\u0441\u043a\u0430\u044f \u043f\u0440\u043e\u043c\u044b\u0448\u043b\u0435\u043d\u043d\u043e\u0441\u0442\u044c<\/strong>: \u0414\u043b\u044f \u0431\u0435\u0437\u043e\u043f\u0430\u0441\u043d\u043e\u0433\u043e \u043f\u0440\u043e\u0438\u0437\u0432\u043e\u0434\u0441\u0442\u0432\u0430 \u0438\u043d\u0433\u0440\u0435\u0434\u0438\u0435\u043d\u0442\u043e\u0432 \u043d\u0430 \u0432\u043e\u0434\u043d\u043e\u0439 \u043e\u0441\u043d\u043e\u0432\u0435<\/p><\/li><li data-start=\"2419\" data-end=\"2497\"><p data-start=\"2421\" data-end=\"2497\"><strong data-start=\"2421\" data-end=\"2436\">\u0424\u0430\u0440\u043c\u0430\u0446\u0435\u0432\u0442\u0438\u0447\u0435\u0441\u043a\u0430\u044f \u043f\u0440\u043e\u043c\u044b\u0448\u043b\u0435\u043d\u043d\u043e\u0441\u0442\u044c<\/strong>: \u0422\u0440\u0435\u0431\u043e\u0432\u0430\u043d\u0438\u044f \u043a \u0441\u0442\u0435\u0440\u0438\u043b\u044c\u043d\u043e\u0439 \u0432\u043e\u0434\u0435 \u0432 \u0434\u0438\u0430\u043b\u0438\u0437\u043d\u044b\u0445 \u0430\u043f\u043f\u0430\u0440\u0430\u0442\u0430\u0445 \u0438 \u0441\u043e\u0441\u0442\u0430\u0432\u0430\u0445<\/p><\/li><li data-start=\"2498\" data-end=\"2556\"><p data-start=\"2500\" data-end=\"2556\"><strong data-start=\"2500\" data-end=\"2554\">\u0417\u0430\u0432\u043e\u0434\u044b \u043f\u043e \u0440\u043e\u0437\u043b\u0438\u0432\u0443 \u043f\u0440\u0438\u0440\u043e\u0434\u043d\u043e\u0439 \u0440\u043e\u0434\u043d\u0438\u043a\u043e\u0432\u043e\u0439 \u0438 \u043c\u0438\u043d\u0435\u0440\u0430\u043b\u044c\u043d\u043e\u0439 \u0432\u043e\u0434\u044b<\/strong><\/p><\/li><li data-start=\"2557\" data-end=\"2628\"><p data-start=\"2559\" data-end=\"2628\"><strong data-start=\"2559\" data-end=\"2588\">\u0414\u043e \u043f\u043e\u044f\u0432\u043b\u0435\u043d\u0438\u044f \u043c\u0435\u043c\u0431\u0440\u0430\u043d\u043d\u044b\u0445 \u0441\u0438\u0441\u0442\u0435\u043c<\/strong>: \u0414\u043b\u044f \u043f\u0440\u0435\u0434\u043e\u0442\u0432\u0440\u0430\u0449\u0435\u043d\u0438\u044f \u0440\u043e\u0441\u0442\u0430 \u0431\u0430\u043a\u0442\u0435\u0440\u0438\u0439<\/p><\/li><li data-start=\"2629\" data-end=\"2733\"><p data-start=\"2631\" data-end=\"2733\"><strong data-start=\"2631\" data-end=\"2693\">\u041f\u043e\u0441\u043b\u0435 \u0444\u0438\u043b\u044c\u0442\u0440\u043e\u0432 \u0441 \u0430\u043a\u0442\u0438\u0432\u0438\u0440\u043e\u0432\u0430\u043d\u043d\u044b\u043c \u0443\u0433\u043b\u0435\u043c \u0438 \u0438\u043e\u043d\u043e\u043e\u0431\u043c\u0435\u043d\u043d\u044b\u0445 \u0441\u0438\u0441\u0442\u0435\u043c<\/strong>: \u0414\u043b\u044f \u043f\u0440\u0435\u0434\u043e\u0442\u0432\u0440\u0430\u0449\u0435\u043d\u0438\u044f \u0440\u0430\u0437\u043c\u043d\u043e\u0436\u0435\u043d\u0438\u044f \u0431\u0430\u043a\u0442\u0435\u0440\u0438\u0439<\/p><\/li><li data-start=\"2734\" data-end=\"2802\"><p data-start=\"2736\" data-end=\"2802\"><strong data-start=\"2736\" data-end=\"2759\">\u0421\u0438\u0441\u0442\u0435\u043c\u044b \u0433\u043e\u0440\u044f\u0447\u0435\u0433\u043e \u0432\u043e\u0434\u043e\u0441\u043d\u0430\u0431\u0436\u0435\u043d\u0438\u044f<\/strong>: \u0414\u043b\u044f \u043a\u043e\u043d\u0442\u0440\u043e\u043b\u044f \u0431\u0430\u043a\u0442\u0435\u0440\u0438\u0439 \u0432 \u0442\u0435\u0440\u043c\u0438\u0447\u0435\u0441\u043a\u0438\u0445 \u0441\u0440\u0435\u0434\u0430\u0445<\/p><\/li><li data-start=\"2803\" data-end=\"2894\"><p data-start=\"2805\" data-end=\"2894\"><strong data-start=\"2805\" data-end=\"2841\">\u041f\u0440\u043e\u0442\u0438\u0432 \u043f\u0430\u0440\u0430\u0437\u0438\u0442\u043e\u0432, \u0443\u0441\u0442\u043e\u0439\u0447\u0438\u0432\u044b\u0445 \u043a \u0445\u043b\u043e\u0440\u0443<\/strong>: \u0414\u043b\u044f \u0434\u043e\u043f\u043e\u043b\u043d\u0438\u0442\u0435\u043b\u044c\u043d\u043e\u0439 \u0437\u0430\u0449\u0438\u0442\u044b \u0441 \u043f\u043e\u043c\u043e\u0449\u044c\u044e \u0445\u0438\u043c\u0438\u0447\u0435\u0441\u043a\u043e\u0433\u043e \u0445\u043b\u043e\u0440\u0438\u0440\u043e\u0432\u0430\u043d\u0438\u044f<\/p><\/li><li data-start=\"2895\" data-end=\"2976\"><p data-start=\"2897\" data-end=\"2976\"><strong data-start=\"2897\" data-end=\"2925\">\u041e\u0447\u0438\u0441\u0442\u043d\u044b\u0435 \u0441\u043e\u043e\u0440\u0443\u0436\u0435\u043d\u0438\u044f \u0441\u0442\u043e\u0447\u043d\u044b\u0445 \u0432\u043e\u0434<\/strong>: \u0414\u043b\u044f \u0431\u0435\u0437\u043e\u043f\u0430\u0441\u043d\u043e\u0439 \u0434\u0435\u0437\u0438\u043d\u0444\u0435\u043a\u0446\u0438\u0438 \u043f\u0435\u0440\u0435\u0434 \u043f\u043e\u0432\u0442\u043e\u0440\u043d\u044b\u043c \u0438\u0441\u043f\u043e\u043b\u044c\u0437\u043e\u0432\u0430\u043d\u0438\u0435\u043c<\/p><\/li><\/ul>\t\t\t\t\t\t\t\t<\/div>\n\t\t\t\t<\/div>\n\t\t\t\t<\/div>\n\t\t\t\t\t<\/div>\n\t\t\t\t<\/div>\n\t\t\t\t<\/div>","protected":false},"excerpt":{"rendered":"<p>UV Teknolojisi Ultraviyole (UV) Su Ar\u0131tma Sistemleri ile G\u00fcvenli ve Kimyasals\u0131z Dezenfeksiyon BNREO UV Teknolojisi, s\u00fcrd\u00fcr\u00fclebilir \u00e7evre yakla\u015f\u0131m\u0131yla insan sa\u011fl\u0131\u011f\u0131n\u0131<\/p>","protected":false},"author":1,"featured_media":0,"parent":0,"menu_order":0,"comment_status":"closed","ping_status":"closed","template":"elementor_header_footer","meta":{"footnotes":""},"class_list":["post-28041","page","type-page","status-publish","hentry"],"yoast_head":"<!-- This site is optimized with the Yoast SEO plugin v25.3.1 - https:\/\/yoast.com\/wordpress\/plugins\/seo\/ -->\n<title>UV Teknolojisi - Bnreo | Su Ar\u0131tma Cihazlar\u0131<\/title>\n<meta name=\"robots\" content=\"index, follow, max-snippet:-1, max-image-preview:large, max-video-preview:-1\" \/>\n<link rel=\"canonical\" href=\"http:\/\/bnreo.com.tr\/ru\/uv-teknolojisi\/\" \/>\n<meta property=\"og:locale\" content=\"ru_RU\" \/>\n<meta property=\"og:type\" content=\"article\" \/>\n<meta property=\"og:title\" content=\"UV Teknolojisi - Bnreo | Su Ar\u0131tma Cihazlar\u0131\" \/>\n<meta property=\"og:description\" content=\"UV Teknolojisi Ultraviyole (UV) Su Ar\u0131tma Sistemleri ile G\u00fcvenli ve Kimyasals\u0131z Dezenfeksiyon BNREO UV Teknolojisi, s\u00fcrd\u00fcr\u00fclebilir \u00e7evre yakla\u015f\u0131m\u0131yla insan sa\u011fl\u0131\u011f\u0131n\u0131\" \/>\n<meta property=\"og:url\" content=\"http:\/\/bnreo.com.tr\/ru\/uv-teknolojisi\/\" \/>\n<meta property=\"og:site_name\" content=\"Bnreo | Su Ar\u0131tma Cihazlar\u0131\" \/>\n<meta property=\"article:modified_time\" content=\"2025-06-24T01:06:11+00:00\" \/>\n<meta property=\"og:image\" content=\"https:\/\/bnreo.com.tr\/wp-content\/uploads\/2025\/06\/uvtable.png\" \/>\n\t<meta property=\"og:image:width\" content=\"578\" \/>\n\t<meta property=\"og:image:height\" content=\"255\" \/>\n\t<meta property=\"og:image:type\" content=\"image\/png\" \/>\n<meta name=\"twitter:card\" content=\"summary_large_image\" \/>\n<meta name=\"twitter:label1\" content=\"\u041f\u0440\u0438\u043c\u0435\u0440\u043d\u043e\u0435 \u0432\u0440\u0435\u043c\u044f \u0434\u043b\u044f \u0447\u0442\u0435\u043d\u0438\u044f\" \/>\n\t<meta name=\"twitter:data1\" content=\"3 \u043c\u0438\u043d\u0443\u0442\u044b\" \/>\n<script type=\"application\/ld+json\" class=\"yoast-schema-graph\">{\"@context\":\"https:\/\/schema.org\",\"@graph\":[{\"@type\":\"WebPage\",\"@id\":\"https:\/\/bnreo.com.tr\/uv-teknolojisi\/\",\"url\":\"https:\/\/bnreo.com.tr\/uv-teknolojisi\/\",\"name\":\"UV Teknolojisi - Bnreo | Su Ar\u0131tma Cihazlar\u0131\",\"isPartOf\":{\"@id\":\"https:\/\/bnreo.com.tr\/#website\"},\"primaryImageOfPage\":{\"@id\":\"https:\/\/bnreo.com.tr\/uv-teknolojisi\/#primaryimage\"},\"image\":{\"@id\":\"https:\/\/bnreo.com.tr\/uv-teknolojisi\/#primaryimage\"},\"thumbnailUrl\":\"https:\/\/bnreo.com.tr\/wp-content\/uploads\/2025\/06\/uvtable-400x176.png\",\"datePublished\":\"2025-06-24T00:59:58+00:00\",\"dateModified\":\"2025-06-24T01:06:11+00:00\",\"breadcrumb\":{\"@id\":\"https:\/\/bnreo.com.tr\/uv-teknolojisi\/#breadcrumb\"},\"inLanguage\":\"ru-RU\",\"potentialAction\":[{\"@type\":\"ReadAction\",\"target\":[\"https:\/\/bnreo.com.tr\/uv-teknolojisi\/\"]}]},{\"@type\":\"ImageObject\",\"inLanguage\":\"ru-RU\",\"@id\":\"https:\/\/bnreo.com.tr\/uv-teknolojisi\/#primaryimage\",\"url\":\"https:\/\/bnreo.com.tr\/wp-content\/uploads\/2025\/06\/uvtable-400x176.png\",\"contentUrl\":\"https:\/\/bnreo.com.tr\/wp-content\/uploads\/2025\/06\/uvtable-400x176.png\"},{\"@type\":\"BreadcrumbList\",\"@id\":\"https:\/\/bnreo.com.tr\/uv-teknolojisi\/#breadcrumb\",\"itemListElement\":[{\"@type\":\"ListItem\",\"position\":1,\"name\":\"Anasayfa\",\"item\":\"https:\/\/bnreo.com.tr\/\"},{\"@type\":\"ListItem\",\"position\":2,\"name\":\"UV Teknolojisi\"}]},{\"@type\":\"WebSite\",\"@id\":\"https:\/\/bnreo.com.tr\/#website\",\"url\":\"https:\/\/bnreo.com.tr\/\",\"name\":\"Bnreo | Su Ar\u0131tma Cihazlar\u0131\",\"description\":\"Bnreo | Su Ar\u0131tma Cihazlar\u0131\",\"potentialAction\":[{\"@type\":\"SearchAction\",\"target\":{\"@type\":\"EntryPoint\",\"urlTemplate\":\"https:\/\/bnreo.com.tr\/?s={search_term_string}\"},\"query-input\":{\"@type\":\"PropertyValueSpecification\",\"valueRequired\":true,\"valueName\":\"search_term_string\"}}],\"inLanguage\":\"ru-RU\"}]}<\/script>\n<!-- \/ Yoast SEO plugin. -->","yoast_head_json":{"title":"UV Teknolojisi - Bnreo | Su Ar\u0131tma Cihazlar\u0131","robots":{"index":"index","follow":"follow","max-snippet":"max-snippet:-1","max-image-preview":"max-image-preview:large","max-video-preview":"max-video-preview:-1"},"canonical":"http:\/\/bnreo.com.tr\/ru\/uv-teknolojisi\/","og_locale":"ru_RU","og_type":"article","og_title":"UV Teknolojisi - Bnreo | Su Ar\u0131tma Cihazlar\u0131","og_description":"UV Teknolojisi Ultraviyole (UV) Su Ar\u0131tma Sistemleri ile G\u00fcvenli ve Kimyasals\u0131z Dezenfeksiyon BNREO UV Teknolojisi, s\u00fcrd\u00fcr\u00fclebilir \u00e7evre yakla\u015f\u0131m\u0131yla insan sa\u011fl\u0131\u011f\u0131n\u0131","og_url":"http:\/\/bnreo.com.tr\/ru\/uv-teknolojisi\/","og_site_name":"Bnreo | Su Ar\u0131tma Cihazlar\u0131","article_modified_time":"2025-06-24T01:06:11+00:00","og_image":[{"width":578,"height":255,"url":"https:\/\/bnreo.com.tr\/wp-content\/uploads\/2025\/06\/uvtable.png","type":"image\/png"}],"twitter_card":"summary_large_image","twitter_misc":{"\u041f\u0440\u0438\u043c\u0435\u0440\u043d\u043e\u0435 \u0432\u0440\u0435\u043c\u044f \u0434\u043b\u044f \u0447\u0442\u0435\u043d\u0438\u044f":"3 \u043c\u0438\u043d\u0443\u0442\u044b"},"schema":{"@context":"https:\/\/schema.org","@graph":[{"@type":"WebPage","@id":"https:\/\/bnreo.com.tr\/uv-teknolojisi\/","url":"https:\/\/bnreo.com.tr\/uv-teknolojisi\/","name":"UV Teknolojisi - Bnreo | Su Ar\u0131tma Cihazlar\u0131","isPartOf":{"@id":"https:\/\/bnreo.com.tr\/#website"},"primaryImageOfPage":{"@id":"https:\/\/bnreo.com.tr\/uv-teknolojisi\/#primaryimage"},"image":{"@id":"https:\/\/bnreo.com.tr\/uv-teknolojisi\/#primaryimage"},"thumbnailUrl":"https:\/\/bnreo.com.tr\/wp-content\/uploads\/2025\/06\/uvtable-400x176.png","datePublished":"2025-06-24T00:59:58+00:00","dateModified":"2025-06-24T01:06:11+00:00","breadcrumb":{"@id":"https:\/\/bnreo.com.tr\/uv-teknolojisi\/#breadcrumb"},"inLanguage":"ru-RU","potentialAction":[{"@type":"ReadAction","target":["https:\/\/bnreo.com.tr\/uv-teknolojisi\/"]}]},{"@type":"ImageObject","inLanguage":"ru-RU","@id":"https:\/\/bnreo.com.tr\/uv-teknolojisi\/#primaryimage","url":"https:\/\/bnreo.com.tr\/wp-content\/uploads\/2025\/06\/uvtable-400x176.png","contentUrl":"https:\/\/bnreo.com.tr\/wp-content\/uploads\/2025\/06\/uvtable-400x176.png"},{"@type":"BreadcrumbList","@id":"https:\/\/bnreo.com.tr\/uv-teknolojisi\/#breadcrumb","itemListElement":[{"@type":"ListItem","position":1,"name":"Anasayfa","item":"https:\/\/bnreo.com.tr\/"},{"@type":"ListItem","position":2,"name":"UV Teknolojisi"}]},{"@type":"WebSite","@id":"https:\/\/bnreo.com.tr\/#website","url":"https:\/\/bnreo.com.tr\/","name":"Bnreo | Su Ar\u0131tma Cihazlar\u0131","description":"Bnreo | Su Ar\u0131tma Cihazlar\u0131","potentialAction":[{"@type":"SearchAction","target":{"@type":"EntryPoint","urlTemplate":"https:\/\/bnreo.com.tr\/?s={search_term_string}"},"query-input":{"@type":"PropertyValueSpecification","valueRequired":true,"valueName":"search_term_string"}}],"inLanguage":"ru-RU"}]}},"_links":{"self":[{"href":"http:\/\/bnreo.com.tr\/ru\/wp-json\/wp\/v2\/pages\/28041","targetHints":{"allow":["GET"]}}],"collection":[{"href":"http:\/\/bnreo.com.tr\/ru\/wp-json\/wp\/v2\/pages"}],"about":[{"href":"http:\/\/bnreo.com.tr\/ru\/wp-json\/wp\/v2\/types\/page"}],"author":[{"embeddable":true,"href":"http:\/\/bnreo.com.tr\/ru\/wp-json\/wp\/v2\/users\/1"}],"replies":[{"embeddable":true,"href":"http:\/\/bnreo.com.tr\/ru\/wp-json\/wp\/v2\/comments?post=28041"}],"version-history":[{"count":4,"href":"http:\/\/bnreo.com.tr\/ru\/wp-json\/wp\/v2\/pages\/28041\/revisions"}],"predecessor-version":[{"id":28062,"href":"http:\/\/bnreo.com.tr\/ru\/wp-json\/wp\/v2\/pages\/28041\/revisions\/28062"}],"wp:attachment":[{"href":"http:\/\/bnreo.com.tr\/ru\/wp-json\/wp\/v2\/media?parent=28041"}],"curies":[{"name":"wp","href":"https:\/\/api.w.org\/{rel}","templated":true}]}}