{"id":28021,"date":"2025-06-24T03:47:53","date_gmt":"2025-06-24T00:47:53","guid":{"rendered":"https:\/\/bnreo.com.tr\/?page_id=28021"},"modified":"2025-06-24T03:50:17","modified_gmt":"2025-06-24T00:50:17","slug":"analiz-raporu","status":"publish","type":"page","link":"http:\/\/bnreo.com.tr\/ru\/analiz-raporu\/","title":{"rendered":"\u0410\u043d\u0430\u043b\u0438\u0442\u0438\u0447\u0435\u0441\u043a\u0438\u0439 \u043e\u0442\u0447\u0435\u0442"},"content":{"rendered":"<div data-elementor-type=\"wp-page\" data-elementor-id=\"28021\" class=\"elementor elementor-28021\">\n\t\t\t\t<div class=\"wd-negative-gap elementor-element elementor-element-4125d54 e-flex e-con-boxed elementor-invisible e-con e-parent\" data-id=\"4125d54\" data-element_type=\"container\" data-settings=\"{&quot;animation&quot;:&quot;fadeInUp&quot;}\">\n\t\t\t\t\t<div class=\"e-con-inner\">\n\t\t<div class=\"elementor-element elementor-element-2c38f10 e-con-full e-flex e-con e-child\" data-id=\"2c38f10\" data-element_type=\"container\">\n\t\t\t\t<div class=\"elementor-element elementor-element-9c0fc9e elementor-widget elementor-widget-image\" data-id=\"9c0fc9e\" data-element_type=\"widget\" data-widget_type=\"image.default\">\n\t\t\t\t<div class=\"elementor-widget-container\">\n\t\t\t\t\t\t\t\t\t\t\t\t\t\t\t<img fetchpriority=\"high\" decoding=\"async\" width=\"1024\" height=\"768\" src=\"https:\/\/bnreo.com.tr\/wp-content\/uploads\/2025\/06\/ergin_teknik-analiz-raporu-01.png\" class=\"attachment-large size-large wp-image-28023\" alt=\"\" srcset=\"https:\/\/bnreo.com.tr\/wp-content\/uploads\/2025\/06\/ergin_teknik-analiz-raporu-01.png 1024w, https:\/\/bnreo.com.tr\/wp-content\/uploads\/2025\/06\/ergin_teknik-analiz-raporu-01-400x300.png 400w, https:\/\/bnreo.com.tr\/wp-content\/uploads\/2025\/06\/ergin_teknik-analiz-raporu-01-768x576.png 768w, https:\/\/bnreo.com.tr\/wp-content\/uploads\/2025\/06\/ergin_teknik-analiz-raporu-01-16x12.png 16w, https:\/\/bnreo.com.tr\/wp-content\/uploads\/2025\/06\/ergin_teknik-analiz-raporu-01-430x323.png 430w, https:\/\/bnreo.com.tr\/wp-content\/uploads\/2025\/06\/ergin_teknik-analiz-raporu-01-700x525.png 700w, https:\/\/bnreo.com.tr\/wp-content\/uploads\/2025\/06\/ergin_teknik-analiz-raporu-01-150x113.png 150w\" sizes=\"(max-width: 1024px) 100vw, 1024px\" \/>\t\t\t\t\t\t\t\t\t\t\t\t\t\t\t<\/div>\n\t\t\t\t<\/div>\n\t\t\t\t<\/div>\n\t\t<div class=\"elementor-element elementor-element-28df613 e-con-full e-flex e-con e-child\" data-id=\"28df613\" data-element_type=\"container\">\n\t\t\t\t<div class=\"elementor-element elementor-element-abc2a83 elementor-widget elementor-widget-heading\" data-id=\"abc2a83\" data-element_type=\"widget\" data-widget_type=\"heading.default\">\n\t\t\t\t<div class=\"elementor-widget-container\">\n\t\t\t\t\t<h2 class=\"elementor-heading-title elementor-size-default\">\u0421\u043b\u0443\u0436\u0431\u0430 \u043e\u0442\u0447\u0435\u0442\u043e\u0432 \u043f\u043e \u0430\u043d\u0430\u043b\u0438\u0437\u0443 \u0432\u043e\u0434\u044b\n<\/h2>\t\t\t\t<\/div>\n\t\t\t\t<\/div>\n\t\t\t\t<div class=\"elementor-element elementor-element-9b41ec3 color-scheme-inherit text-left elementor-widget elementor-widget-text-editor\" data-id=\"9b41ec3\" data-element_type=\"widget\" data-widget_type=\"text-editor.default\">\n\t\t\t\t<div class=\"elementor-widget-container\">\n\t\t\t\t\t\t\t\t\t<h3 data-start=\"253\" data-end=\"310\">\u0423\u0437\u043d\u0430\u0439\u0442\u0435 \u043d\u0430\u0441\u0442\u043e\u044f\u0449\u0435\u0435 \u043a\u0430\u0447\u0435\u0441\u0442\u0432\u043e \u0432\u043e\u0434\u044b, \u043d\u0430\u0441\u0442\u0440\u043e\u0439\u0442\u0435 \u043f\u0440\u0430\u0432\u0438\u043b\u044c\u043d\u0443\u044e \u0441\u0438\u0441\u0442\u0435\u043c\u0443!<\/h3><p data-start=\"312\" data-end=\"578\">\u0412 BNREO \u043c\u044b \u043f\u043e\u043d\u0438\u043c\u0430\u0435\u043c, \u0447\u0442\u043e \u043a\u0430\u0436\u0434\u044b\u0439 \u0438\u0441\u0442\u043e\u0447\u043d\u0438\u043a \u0432\u043e\u0434\u044b \u0438\u043c\u0435\u0435\u0442 \u0441\u0432\u043e\u044e \u0443\u043d\u0438\u043a\u0430\u043b\u044c\u043d\u0443\u044e \u0445\u0438\u043c\u0438\u0447\u0435\u0441\u043a\u0443\u044e \u0438 \u0444\u0438\u0437\u0438\u0447\u0435\u0441\u043a\u0443\u044e \u0441\u0442\u0440\u0443\u043a\u0442\u0443\u0440\u0443. \u041f\u043e\u044d\u0442\u043e\u043c\u0443 \u0432 \u043e\u0441\u043d\u043e\u0432\u0435 \u0432\u0441\u0435\u0445 \u0440\u0435\u0448\u0435\u043d\u0438\u0439 \u043f\u043e \u043e\u0447\u0438\u0441\u0442\u043a\u0435 \u0432\u043e\u0434\u044b, \u043a\u043e\u0442\u043e\u0440\u044b\u0435 \u043c\u044b \u043f\u0440\u0435\u0434\u043b\u0430\u0433\u0430\u0435\u043c \u043d\u0430\u0448\u0438\u043c \u043a\u043b\u0438\u0435\u043d\u0442\u0430\u043c, \u043b\u0435\u0436\u0438\u0442 <strong data-start=\"490\" data-end=\"526\">\u0443\u0441\u043b\u0443\u0433\u0430 \u043f\u043e\u0434\u0440\u043e\u0431\u043d\u043e\u0433\u043e \u043e\u0442\u0447\u0435\u0442\u0430 \u043f\u043e \u0430\u043d\u0430\u043b\u0438\u0437\u0443 \u0432\u043e\u0434\u044b<\/strong> \u041f\u043e\u0442\u043e\u043c\u0443 \u0447\u0442\u043e \u043f\u0440\u0430\u0432\u0438\u043b\u044c\u043d\u043e\u0435 \u0440\u0435\u0448\u0435\u043d\u0438\u0435 \u043d\u0430\u0447\u0438\u043d\u0430\u0435\u0442\u0441\u044f \u0441 \u043f\u0440\u0430\u0432\u0438\u043b\u044c\u043d\u043e\u0433\u043e \u0430\u043d\u0430\u043b\u0438\u0437\u0430.<\/p><h3 data-start=\"585\" data-end=\"617\">\u0417\u0430\u0447\u0435\u043c \u043d\u0443\u0436\u0435\u043d \u0430\u043d\u0430\u043b\u0438\u0437 \u0432\u043e\u0434\u044b?<\/h3><p data-start=\"619\" data-end=\"768\">\u041f\u043e\u0434\u0437\u0435\u043c\u043d\u044b\u0435 \u0432\u043e\u0434\u044b, \u0433\u043e\u0440\u043e\u0434\u0441\u043a\u0430\u044f \u0432\u043e\u0434\u0430 \u0438\u043b\u0438 \u0432\u043e\u0434\u0430 \u0438\u0437 \u0441\u043a\u0432\u0430\u0436\u0438\u043d \u0432 \u043a\u0430\u0436\u0434\u043e\u043c \u0440\u0435\u0433\u0438\u043e\u043d\u0435 \u043c\u043e\u0433\u0443\u0442 \u0441\u043e\u0434\u0435\u0440\u0436\u0430\u0442\u044c \u0440\u0430\u0437\u043b\u0438\u0447\u043d\u044b\u0435 \u0437\u0430\u0433\u0440\u044f\u0437\u043d\u044f\u044e\u0449\u0438\u0435 \u0432\u0435\u0449\u0435\u0441\u0442\u0432\u0430 \u0438 \u043a\u043e\u043c\u043f\u043e\u043d\u0435\u043d\u0442\u044b. \u0410\u043d\u0430\u043b\u0438\u0437 \u0432\u043e\u0434\u044b \u0441\u043b\u0435\u0434\u0443\u0435\u0442 \u043f\u0440\u043e\u0432\u043e\u0434\u0438\u0442\u044c \u0432 \u0441\u043b\u0435\u0434\u0443\u044e\u0449\u0438\u0445 \u0446\u0435\u043b\u044f\u0445:<\/p><ul data-start=\"770\" data-end=\"1035\"><li data-start=\"770\" data-end=\"815\"><p data-start=\"772\" data-end=\"815\">\u041f\u0440\u0430\u0432\u0438\u043b\u044c\u043d\u044b\u0439 \u043f\u0440\u043e\u0435\u043a\u0442 \u0441\u0438\u0441\u0442\u0435\u043c\u044b \u043e\u0447\u0438\u0441\u0442\u043a\u0438<\/p><\/li><li data-start=\"816\" data-end=\"868\"><p data-start=\"818\" data-end=\"868\">\u041e\u043f\u0440\u0435\u0434\u0435\u043b\u0435\u043d\u0438\u0435 \u043f\u0430\u0440\u0430\u043c\u0435\u0442\u0440\u043e\u0432, \u0432\u043b\u0438\u044f\u044e\u0449\u0438\u0445 \u043d\u0430 \u0437\u0434\u043e\u0440\u043e\u0432\u044c\u0435 \u0447\u0435\u043b\u043e\u0432\u0435\u043a\u0430<\/p><\/li><li data-start=\"869\" data-end=\"904\"><p data-start=\"871\" data-end=\"904\">\u0417\u0430\u0449\u0438\u0442\u0430 \u0443\u0441\u0442\u0440\u043e\u0439\u0441\u0442\u0432 \u0438 \u043e\u0431\u043e\u0440\u0443\u0434\u043e\u0432\u0430\u043d\u0438\u044f<\/p><\/li><li data-start=\"905\" data-end=\"953\"><p data-start=\"907\" data-end=\"953\">\u0421\u043e\u043e\u0442\u0432\u0435\u0442\u0441\u0442\u0432\u0438\u0435 \u043d\u0430\u0446\u0438\u043e\u043d\u0430\u043b\u044c\u043d\u044b\u043c \u0438 \u043c\u0435\u0436\u0434\u0443\u043d\u0430\u0440\u043e\u0434\u043d\u044b\u043c \u0441\u0442\u0430\u043d\u0434\u0430\u0440\u0442\u0430\u043c<\/p><\/li><li data-start=\"954\" data-end=\"1035\"><p data-start=\"956\" data-end=\"1035\">\u041e\u043f\u0440\u0435\u0434\u0435\u043b\u0435\u043d\u0438\u0435 \u043f\u0440\u0438\u0433\u043e\u0434\u043d\u043e\u0441\u0442\u0438 \u0432\u043e\u0434\u044b \u0434\u043b\u044f \u043f\u0438\u0442\u044c\u044f \u0438\u043b\u0438 \u0435\u0435 \u043f\u0440\u0435\u0434\u043f\u043e\u043b\u0430\u0433\u0430\u0435\u043c\u043e\u0433\u043e \u0438\u0441\u043f\u043e\u043b\u044c\u0437\u043e\u0432\u0430\u043d\u0438\u044f<\/p><\/li><\/ul>\t\t\t\t\t\t\t\t<\/div>\n\t\t\t\t<\/div>\n\t\t\t\t<\/div>\n\t\t\t\t\t<\/div>\n\t\t\t\t<\/div>\n\t\t<div class=\"wd-negative-gap elementor-element elementor-element-4315ab4 e-flex e-con-boxed elementor-invisible e-con e-parent\" data-id=\"4315ab4\" data-element_type=\"container\" data-settings=\"{&quot;animation&quot;:&quot;fadeInUp&quot;}\">\n\t\t\t\t\t<div class=\"e-con-inner\">\n\t\t<div class=\"elementor-element elementor-element-b295cca e-con-full e-flex e-con e-child\" data-id=\"b295cca\" data-element_type=\"container\">\n\t\t\t\t<div class=\"elementor-element elementor-element-845080c color-scheme-inherit text-left elementor-widget elementor-widget-text-editor\" data-id=\"845080c\" data-element_type=\"widget\" data-widget_type=\"text-editor.default\">\n\t\t\t\t<div class=\"elementor-widget-container\">\n\t\t\t\t\t\t\t\t\t<h3 data-start=\"1042\" data-end=\"1087\">\u0427\u0442\u043e \u0432\u0445\u043e\u0434\u0438\u0442 \u0432 \u0430\u043d\u0430\u043b\u0438\u0442\u0438\u0447\u0435\u0441\u043a\u0443\u044e \u0443\u0441\u043b\u0443\u0433\u0443 BNREO?<\/h3><p data-start=\"1089\" data-end=\"1213\">\u0411\u043b\u0430\u0433\u043e\u0434\u0430\u0440\u044f \u043e\u043f\u044b\u0442\u043d\u043e\u043c\u0443 \u0438\u043d\u0436\u0435\u043d\u0435\u0440\u043d\u043e\u043c\u0443 \u0441\u043e\u0441\u0442\u0430\u0432\u0443 BNREO \u0438 \u0441\u043e\u0442\u0440\u0443\u0434\u043d\u0438\u0447\u0435\u0441\u0442\u0432\u0443 \u0441 \u0430\u043a\u043a\u0440\u0435\u0434\u0438\u0442\u043e\u0432\u0430\u043d\u043d\u044b\u043c\u0438 \u043b\u0430\u0431\u043e\u0440\u0430\u0442\u043e\u0440\u0438\u044f\u043c\u0438 \u0430\u043d\u0430\u043b\u0438\u0437 \u043f\u0440\u043e\u0432\u043e\u0434\u0438\u0442\u0441\u044f \u043f\u043e \u0441\u043b\u0435\u0434\u0443\u044e\u0449\u0438\u043c \u043f\u0430\u0440\u0430\u043c\u0435\u0442\u0440\u0430\u043c:<\/p><ul data-start=\"1215\" data-end=\"1464\"><li data-start=\"1215\" data-end=\"1278\"><p data-start=\"1217\" data-end=\"1278\"><strong data-start=\"1217\" data-end=\"1243\">\u0424\u0438\u0437\u0438\u0447\u0435\u0441\u043a\u0438\u0435 \u043f\u0430\u0440\u0430\u043c\u0435\u0442\u0440\u044b:<\/strong> \u0426\u0432\u0435\u0442, \u0437\u0430\u043f\u0430\u0445, \u043c\u0443\u0442\u043d\u043e\u0441\u0442\u044c, \u0442\u0435\u043c\u043f\u0435\u0440\u0430\u0442\u0443\u0440\u0430<\/p><\/li><li data-start=\"1279\" data-end=\"1383\"><p data-start=\"1281\" data-end=\"1383\"><strong data-start=\"1281\" data-end=\"1307\">\u0425\u0438\u043c\u0438\u0447\u0435\u0441\u043a\u0438\u0435 \u043f\u0430\u0440\u0430\u043c\u0435\u0442\u0440\u044b:<\/strong> pH, \u0436\u0435\u0441\u0442\u043a\u043e\u0441\u0442\u044c, \u0445\u043b\u043e\u0440, \u043d\u0438\u0442\u0440\u0430\u0442, \u0436\u0435\u043b\u0435\u0437\u043e, \u043c\u0430\u0440\u0433\u0430\u043d\u0435\u0446, \u0441\u0443\u043b\u044c\u0444\u0430\u0442, \u0430\u043c\u043c\u0438\u0430\u043a, \u043f\u0440\u043e\u0432\u043e\u0434\u0438\u043c\u043e\u0441\u0442\u044c \u0438 \u0442. \u0434.<\/p><\/li><li data-start=\"1384\" data-end=\"1464\"><p data-start=\"1386\" data-end=\"1464\"><strong data-start=\"1386\" data-end=\"1415\">\u0411\u0430\u043a\u0442\u0435\u0440\u0438\u043e\u043b\u043e\u0433\u0438\u0447\u0435\u0441\u043a\u0438\u0435 \u0430\u043d\u0430\u043b\u0438\u0437\u044b:<\/strong> E. Coli, \u043a\u043e\u043b\u0438\u0444\u043e\u0440\u043c\u043d\u044b\u0435 \u0431\u0430\u043a\u0442\u0435\u0440\u0438\u0438, \u043e\u0431\u0449\u0430\u044f \u0431\u0430\u043a\u0442\u0435\u0440\u0438\u0430\u043b\u044c\u043d\u0430\u044f \u043d\u0430\u0433\u0440\u0443\u0437\u043a\u0430<\/p><\/li><\/ul><p data-start=\"1466\" data-end=\"1609\">\u041e\u0442\u0447\u0451\u0442\u044b \u043f\u0440\u0435\u0434\u043e\u0441\u0442\u0430\u0432\u043b\u044f\u044e\u0442\u0441\u044f \u043a\u0430\u043a \u0432 \u044d\u043b\u0435\u043a\u0442\u0440\u043e\u043d\u043d\u043e\u043c, \u0442\u0430\u043a \u0438 \u0432 \u043f\u0435\u0447\u0430\u0442\u043d\u043e\u043c \u0432\u0438\u0434\u0435. \u041d\u0430\u0448 \u0438\u043d\u0436\u0435\u043d\u0435\u0440-\u043a\u043e\u043d\u0441\u0443\u043b\u044c\u0442\u0430\u043d\u0442 \u0442\u0430\u043a\u0436\u0435 \u043c\u043e\u0436\u0435\u0442 \u043f\u0440\u0435\u0434\u043e\u0441\u0442\u0430\u0432\u0438\u0442\u044c \u0442\u0435\u0445\u043d\u0438\u0447\u0435\u0441\u043a\u0443\u044e \u0438\u043d\u0442\u0435\u0440\u043f\u0440\u0435\u0442\u0430\u0446\u0438\u044e \u043f\u043e \u0437\u0430\u043f\u0440\u043e\u0441\u0443.<\/p><h3 data-start=\"1616\" data-end=\"1658\">\u041a\u0430\u043a \u0440\u0430\u0431\u043e\u0442\u0430\u0435\u0442 \u043f\u0440\u043e\u0446\u0435\u0441\u0441 \u043f\u043e\u0434\u0433\u043e\u0442\u043e\u0432\u043a\u0438 \u0430\u043d\u0430\u043b\u0438\u0442\u0438\u0447\u0435\u0441\u043a\u043e\u0433\u043e \u043e\u0442\u0447\u0435\u0442\u0430?<\/h3><ol data-start=\"1660\" data-end=\"2038\"><li data-start=\"1660\" data-end=\"1745\"><p data-start=\"1663\" data-end=\"1745\"><strong data-start=\"1663\" data-end=\"1679\">\u0412\u044b\u0431\u043e\u0440\u043a\u0430:<\/strong> \u0412\u043e\u0434\u0430 \u0437\u0430\u0431\u0438\u0440\u0430\u0435\u0442\u0441\u044f \u043d\u0430\u0448\u0435\u0439 \u043a\u043e\u043c\u0430\u043d\u0434\u043e\u0439 \u044d\u043a\u0441\u043f\u0435\u0440\u0442\u043e\u0432 \u0438\u0437 \u0438\u0441\u0442\u043e\u0447\u043d\u0438\u043a\u0430, \u0443\u043a\u0430\u0437\u0430\u043d\u043d\u043e\u0433\u043e \u0437\u0430\u043a\u0430\u0437\u0447\u0438\u043a\u043e\u043c.<\/p><\/li><li data-start=\"1746\" data-end=\"1854\"><p data-start=\"1749\" data-end=\"1854\"><strong data-start=\"1749\" data-end=\"1773\">\u041b\u0430\u0431\u043e\u0440\u0430\u0442\u043e\u0440\u043d\u044b\u0439 \u0430\u043d\u0430\u043b\u0438\u0437:<\/strong> \u041e\u0431\u0440\u0430\u0437\u0435\u0446 \u043e\u0442\u043f\u0440\u0430\u0432\u043b\u044f\u0435\u0442\u0441\u044f \u0432 \u043d\u0430\u0448\u0443 \u043a\u043e\u043d\u0442\u0440\u0430\u043a\u0442\u043d\u0443\u044e \u043b\u0430\u0431\u043e\u0440\u0430\u0442\u043e\u0440\u0438\u044e \u0438 \u043f\u043e\u0434\u0432\u0435\u0440\u0433\u0430\u0435\u0442\u0441\u044f \u043a\u043e\u043c\u043f\u043b\u0435\u043a\u0441\u043d\u044b\u043c \u0438\u0441\u043f\u044b\u0442\u0430\u043d\u0438\u044f\u043c.<\/p><\/li><li data-start=\"1855\" data-end=\"1946\"><p data-start=\"1858\" data-end=\"1946\"><strong data-start=\"1858\" data-end=\"1872\">\u041e\u0442\u0447\u0435\u0442\u043d\u043e\u0441\u0442\u044c:<\/strong> \u041f\u043e\u0434\u0440\u043e\u0431\u043d\u044b\u0435 \u0440\u0435\u0437\u0443\u043b\u044c\u0442\u0430\u0442\u044b \u0430\u043d\u0430\u043b\u0438\u0437\u0430 \u043f\u0440\u0435\u0434\u0441\u0442\u0430\u0432\u043b\u0435\u043d\u044b \u0441 \u0433\u0440\u0430\u0444\u0438\u043a\u0430\u043c\u0438 \u0438 \u043f\u043e\u044f\u0441\u043d\u0435\u043d\u0438\u044f\u043c\u0438.<\/p><\/li><li data-start=\"1947\" data-end=\"2038\"><p data-start=\"1950\" data-end=\"2038\"><strong data-start=\"1950\" data-end=\"1968\">\u041f\u0440\u0435\u0434\u043b\u043e\u0436\u0435\u043d\u0438\u0435 \u0440\u0435\u0448\u0435\u043d\u0438\u044f:<\/strong> \u041d\u0430 \u043e\u0441\u043d\u043e\u0432\u0430\u043d\u0438\u0438 \u043e\u0442\u0447\u0435\u0442\u0430 \u0431\u0443\u0434\u0435\u0442 \u0440\u0435\u043a\u043e\u043c\u0435\u043d\u0434\u043e\u0432\u0430\u043d\u0430 \u0441\u0438\u0441\u0442\u0435\u043c\u0430 \u043e\u0447\u0438\u0441\u0442\u043a\u0438 \u0432\u043e\u0434\u044b, \u0441\u043e\u043e\u0442\u0432\u0435\u0442\u0441\u0442\u0432\u0443\u044e\u0449\u0430\u044f \u0432\u0430\u0448\u0438\u043c \u043f\u043e\u0442\u0440\u0435\u0431\u043d\u043e\u0441\u0442\u044f\u043c.<\/p><\/li><\/ol><h3 data-start=\"2045\" data-end=\"2063\">\u041f\u043e\u0447\u0435\u043c\u0443 \u0411\u041d\u0420\u042d\u041e?<\/h3><ul data-start=\"2065\" data-end=\"2233\"><li data-start=\"2065\" data-end=\"2091\"><p data-start=\"2067\" data-end=\"2091\">\ud83d\udd39 \u0421\u043f\u0435\u0446\u0438\u0430\u043b\u044c\u043d\u043e\u0435 \u0440\u0435\u0448\u0435\u043d\u0438\u0435 \u0434\u043b\u044f \u043a\u0430\u0436\u0434\u043e\u0439 \u0432\u043e\u0434\u044b<\/p><\/li><li data-start=\"2092\" data-end=\"2132\"><p data-start=\"2094\" data-end=\"2132\">\ud83d\udd39 \u0411\u0435\u0441\u043f\u043b\u0430\u0442\u043d\u0430\u044f \u043a\u043e\u043d\u0441\u0443\u043b\u044c\u0442\u0430\u0446\u0438\u044f \u0438 \u043f\u0440\u0435\u0434\u0432\u0430\u0440\u0438\u0442\u0435\u043b\u044c\u043d\u044b\u0439 \u0430\u043d\u0430\u043b\u0438\u0437<\/p><\/li><li data-start=\"2133\" data-end=\"2158\"><p data-start=\"2135\" data-end=\"2158\">\ud83d\udd39 15+ \u043b\u0435\u0442 \u043e\u043f\u044b\u0442\u0430<\/p><\/li><li data-start=\"2159\" data-end=\"2203\"><p data-start=\"2161\" data-end=\"2203\">\ud83d\udd39 \u041a\u043e\u0440\u043f\u043e\u0440\u0430\u0442\u0438\u0432\u043d\u044b\u0439 \u043f\u043e\u0434\u0445\u043e\u0434 \u0438 \u043f\u0440\u043e\u0437\u0440\u0430\u0447\u043d\u0430\u044f \u043e\u0442\u0447\u0435\u0442\u043d\u043e\u0441\u0442\u044c<\/p><\/li><li data-start=\"2204\" data-end=\"2233\"><p data-start=\"2206\" data-end=\"2233\">\ud83d\udd39 \u041e\u0431\u0441\u043b\u0443\u0436\u0438\u0432\u0430\u043d\u0438\u0435 \u043f\u043e \u0432\u0441\u0435\u0439 \u0422\u0443\u0440\u0446\u0438\u0438<\/p><\/li><\/ul><h2 data-start=\"2240\" data-end=\"2303\">\u0421\u0434\u0430\u0439\u0442\u0435 \u0432\u043e\u0434\u0443 \u043d\u0430 \u0430\u043d\u0430\u043b\u0438\u0437 \u0438 \u0441\u0434\u0435\u043b\u0430\u0439\u0442\u0435 \u0448\u0430\u0433 \u043a \u0437\u0434\u043e\u0440\u043e\u0432\u043e\u043c\u0443 \u0431\u0443\u0434\u0443\u0449\u0435\u043c\u0443!<\/h2><p data-start=\"2304\" data-end=\"2410\">\u041e\u0431\u0440\u0430\u0449\u0430\u0439\u0442\u0435\u0441\u044c \u043a \u043d\u0430\u043c \u0434\u043b\u044f \u043f\u043e\u043b\u0443\u0447\u0435\u043d\u0438\u044f \u0430\u043d\u0430\u043b\u0438\u0442\u0438\u0447\u0435\u0441\u043a\u0438\u0445 \u0437\u0430\u043f\u0440\u043e\u0441\u043e\u0432 \u0438 \u0442\u0435\u0445\u043d\u0438\u0447\u0435\u0441\u043a\u0438\u0445 \u043a\u043e\u043d\u0441\u0443\u043b\u044c\u0442\u0430\u0446\u0438\u0439.<br data-start=\"2375\" data-end=\"2378\" \/>BNREO \u2013 \u00ab\u041d\u0430\u0443\u0447\u043d\u044b\u0439 \u043f\u043e\u0434\u0445\u043e\u0434 \u043a \u0432\u043e\u0434\u0435\u00bb.<\/p>\t\t\t\t\t\t\t\t<\/div>\n\t\t\t\t<\/div>\n\t\t\t\t<\/div>\n\t\t\t\t\t<\/div>\n\t\t\t\t<\/div>\n\t\t\t\t<\/div>","protected":false},"excerpt":{"rendered":"<p>Su Analiz Raporu Hizmeti Suyun Ger\u00e7ek Kalitesini \u00d6\u011frenin, Do\u011fru Sistemi Kurun! BNREO olarak, her su kayna\u011f\u0131n\u0131n kendine \u00f6zg\u00fc bir kimyasal<\/p>","protected":false},"author":1,"featured_media":0,"parent":0,"menu_order":0,"comment_status":"closed","ping_status":"closed","template":"elementor_header_footer","meta":{"footnotes":""},"class_list":["post-28021","page","type-page","status-publish","hentry"],"yoast_head":"<!-- This site is optimized with the Yoast SEO plugin v25.3.1 - https:\/\/yoast.com\/wordpress\/plugins\/seo\/ -->\n<title>Analiz Raporu - Bnreo | Su Ar\u0131tma Cihazlar\u0131<\/title>\n<meta name=\"robots\" content=\"index, follow, max-snippet:-1, max-image-preview:large, max-video-preview:-1\" \/>\n<link rel=\"canonical\" href=\"http:\/\/bnreo.com.tr\/ru\/analiz-raporu\/\" \/>\n<meta property=\"og:locale\" content=\"ru_RU\" \/>\n<meta property=\"og:type\" content=\"article\" \/>\n<meta property=\"og:title\" content=\"Analiz Raporu - Bnreo | Su Ar\u0131tma Cihazlar\u0131\" \/>\n<meta property=\"og:description\" content=\"Su Analiz Raporu Hizmeti Suyun Ger\u00e7ek Kalitesini \u00d6\u011frenin, Do\u011fru Sistemi Kurun! BNREO olarak, her su kayna\u011f\u0131n\u0131n kendine \u00f6zg\u00fc bir kimyasal\" \/>\n<meta property=\"og:url\" content=\"http:\/\/bnreo.com.tr\/ru\/analiz-raporu\/\" \/>\n<meta property=\"og:site_name\" content=\"Bnreo | Su Ar\u0131tma Cihazlar\u0131\" \/>\n<meta property=\"article:modified_time\" content=\"2025-06-24T00:50:17+00:00\" \/>\n<meta property=\"og:image\" content=\"https:\/\/bnreo.com.tr\/wp-content\/uploads\/2025\/06\/ergin_teknik-analiz-raporu-01.png\" \/>\n\t<meta property=\"og:image:width\" content=\"1024\" \/>\n\t<meta property=\"og:image:height\" content=\"768\" \/>\n\t<meta property=\"og:image:type\" content=\"image\/png\" \/>\n<meta name=\"twitter:card\" content=\"summary_large_image\" \/>\n<meta name=\"twitter:label1\" content=\"\u041f\u0440\u0438\u043c\u0435\u0440\u043d\u043e\u0435 \u0432\u0440\u0435\u043c\u044f \u0434\u043b\u044f \u0447\u0442\u0435\u043d\u0438\u044f\" \/>\n\t<meta name=\"twitter:data1\" content=\"2 \u043c\u0438\u043d\u0443\u0442\u044b\" \/>\n<script type=\"application\/ld+json\" class=\"yoast-schema-graph\">{\"@context\":\"https:\/\/schema.org\",\"@graph\":[{\"@type\":\"WebPage\",\"@id\":\"https:\/\/bnreo.com.tr\/analiz-raporu\/\",\"url\":\"https:\/\/bnreo.com.tr\/analiz-raporu\/\",\"name\":\"Analiz Raporu - Bnreo | Su Ar\u0131tma Cihazlar\u0131\",\"isPartOf\":{\"@id\":\"https:\/\/bnreo.com.tr\/#website\"},\"primaryImageOfPage\":{\"@id\":\"https:\/\/bnreo.com.tr\/analiz-raporu\/#primaryimage\"},\"image\":{\"@id\":\"https:\/\/bnreo.com.tr\/analiz-raporu\/#primaryimage\"},\"thumbnailUrl\":\"https:\/\/bnreo.com.tr\/wp-content\/uploads\/2025\/06\/ergin_teknik-analiz-raporu-01.png\",\"datePublished\":\"2025-06-24T00:47:53+00:00\",\"dateModified\":\"2025-06-24T00:50:17+00:00\",\"breadcrumb\":{\"@id\":\"https:\/\/bnreo.com.tr\/analiz-raporu\/#breadcrumb\"},\"inLanguage\":\"ru-RU\",\"potentialAction\":[{\"@type\":\"ReadAction\",\"target\":[\"https:\/\/bnreo.com.tr\/analiz-raporu\/\"]}]},{\"@type\":\"ImageObject\",\"inLanguage\":\"ru-RU\",\"@id\":\"https:\/\/bnreo.com.tr\/analiz-raporu\/#primaryimage\",\"url\":\"https:\/\/bnreo.com.tr\/wp-content\/uploads\/2025\/06\/ergin_teknik-analiz-raporu-01.png\",\"contentUrl\":\"https:\/\/bnreo.com.tr\/wp-content\/uploads\/2025\/06\/ergin_teknik-analiz-raporu-01.png\"},{\"@type\":\"BreadcrumbList\",\"@id\":\"https:\/\/bnreo.com.tr\/analiz-raporu\/#breadcrumb\",\"itemListElement\":[{\"@type\":\"ListItem\",\"position\":1,\"name\":\"Anasayfa\",\"item\":\"https:\/\/bnreo.com.tr\/\"},{\"@type\":\"ListItem\",\"position\":2,\"name\":\"Analiz Raporu\"}]},{\"@type\":\"WebSite\",\"@id\":\"https:\/\/bnreo.com.tr\/#website\",\"url\":\"https:\/\/bnreo.com.tr\/\",\"name\":\"Bnreo | Su Ar\u0131tma Cihazlar\u0131\",\"description\":\"Bnreo | Su Ar\u0131tma Cihazlar\u0131\",\"potentialAction\":[{\"@type\":\"SearchAction\",\"target\":{\"@type\":\"EntryPoint\",\"urlTemplate\":\"https:\/\/bnreo.com.tr\/?s={search_term_string}\"},\"query-input\":{\"@type\":\"PropertyValueSpecification\",\"valueRequired\":true,\"valueName\":\"search_term_string\"}}],\"inLanguage\":\"ru-RU\"}]}<\/script>\n<!-- \/ Yoast SEO plugin. -->","yoast_head_json":{"title":"Analiz Raporu - Bnreo | Su Ar\u0131tma Cihazlar\u0131","robots":{"index":"index","follow":"follow","max-snippet":"max-snippet:-1","max-image-preview":"max-image-preview:large","max-video-preview":"max-video-preview:-1"},"canonical":"http:\/\/bnreo.com.tr\/ru\/analiz-raporu\/","og_locale":"ru_RU","og_type":"article","og_title":"Analiz Raporu - Bnreo | Su Ar\u0131tma Cihazlar\u0131","og_description":"Su Analiz Raporu Hizmeti Suyun Ger\u00e7ek Kalitesini \u00d6\u011frenin, Do\u011fru Sistemi Kurun! BNREO olarak, her su kayna\u011f\u0131n\u0131n kendine \u00f6zg\u00fc bir kimyasal","og_url":"http:\/\/bnreo.com.tr\/ru\/analiz-raporu\/","og_site_name":"Bnreo | Su Ar\u0131tma Cihazlar\u0131","article_modified_time":"2025-06-24T00:50:17+00:00","og_image":[{"width":1024,"height":768,"url":"https:\/\/bnreo.com.tr\/wp-content\/uploads\/2025\/06\/ergin_teknik-analiz-raporu-01.png","type":"image\/png"}],"twitter_card":"summary_large_image","twitter_misc":{"\u041f\u0440\u0438\u043c\u0435\u0440\u043d\u043e\u0435 \u0432\u0440\u0435\u043c\u044f \u0434\u043b\u044f \u0447\u0442\u0435\u043d\u0438\u044f":"2 \u043c\u0438\u043d\u0443\u0442\u044b"},"schema":{"@context":"https:\/\/schema.org","@graph":[{"@type":"WebPage","@id":"https:\/\/bnreo.com.tr\/analiz-raporu\/","url":"https:\/\/bnreo.com.tr\/analiz-raporu\/","name":"Analiz Raporu - Bnreo | Su Ar\u0131tma Cihazlar\u0131","isPartOf":{"@id":"https:\/\/bnreo.com.tr\/#website"},"primaryImageOfPage":{"@id":"https:\/\/bnreo.com.tr\/analiz-raporu\/#primaryimage"},"image":{"@id":"https:\/\/bnreo.com.tr\/analiz-raporu\/#primaryimage"},"thumbnailUrl":"https:\/\/bnreo.com.tr\/wp-content\/uploads\/2025\/06\/ergin_teknik-analiz-raporu-01.png","datePublished":"2025-06-24T00:47:53+00:00","dateModified":"2025-06-24T00:50:17+00:00","breadcrumb":{"@id":"https:\/\/bnreo.com.tr\/analiz-raporu\/#breadcrumb"},"inLanguage":"ru-RU","potentialAction":[{"@type":"ReadAction","target":["https:\/\/bnreo.com.tr\/analiz-raporu\/"]}]},{"@type":"ImageObject","inLanguage":"ru-RU","@id":"https:\/\/bnreo.com.tr\/analiz-raporu\/#primaryimage","url":"https:\/\/bnreo.com.tr\/wp-content\/uploads\/2025\/06\/ergin_teknik-analiz-raporu-01.png","contentUrl":"https:\/\/bnreo.com.tr\/wp-content\/uploads\/2025\/06\/ergin_teknik-analiz-raporu-01.png"},{"@type":"BreadcrumbList","@id":"https:\/\/bnreo.com.tr\/analiz-raporu\/#breadcrumb","itemListElement":[{"@type":"ListItem","position":1,"name":"Anasayfa","item":"https:\/\/bnreo.com.tr\/"},{"@type":"ListItem","position":2,"name":"Analiz Raporu"}]},{"@type":"WebSite","@id":"https:\/\/bnreo.com.tr\/#website","url":"https:\/\/bnreo.com.tr\/","name":"Bnreo | Su Ar\u0131tma Cihazlar\u0131","description":"Bnreo | Su Ar\u0131tma Cihazlar\u0131","potentialAction":[{"@type":"SearchAction","target":{"@type":"EntryPoint","urlTemplate":"https:\/\/bnreo.com.tr\/?s={search_term_string}"},"query-input":{"@type":"PropertyValueSpecification","valueRequired":true,"valueName":"search_term_string"}}],"inLanguage":"ru-RU"}]}},"_links":{"self":[{"href":"http:\/\/bnreo.com.tr\/ru\/wp-json\/wp\/v2\/pages\/28021","targetHints":{"allow":["GET"]}}],"collection":[{"href":"http:\/\/bnreo.com.tr\/ru\/wp-json\/wp\/v2\/pages"}],"about":[{"href":"http:\/\/bnreo.com.tr\/ru\/wp-json\/wp\/v2\/types\/page"}],"author":[{"embeddable":true,"href":"http:\/\/bnreo.com.tr\/ru\/wp-json\/wp\/v2\/users\/1"}],"replies":[{"embeddable":true,"href":"http:\/\/bnreo.com.tr\/ru\/wp-json\/wp\/v2\/comments?post=28021"}],"version-history":[{"count":4,"href":"http:\/\/bnreo.com.tr\/ru\/wp-json\/wp\/v2\/pages\/28021\/revisions"}],"predecessor-version":[{"id":28026,"href":"http:\/\/bnreo.com.tr\/ru\/wp-json\/wp\/v2\/pages\/28021\/revisions\/28026"}],"wp:attachment":[{"href":"http:\/\/bnreo.com.tr\/ru\/wp-json\/wp\/v2\/media?parent=28021"}],"curies":[{"name":"wp","href":"https:\/\/api.w.org\/{rel}","templated":true}]}}