{"id":28078,"date":"2025-06-24T04:13:33","date_gmt":"2025-06-24T01:13:33","guid":{"rendered":"https:\/\/bnreo.com.tr\/?page_id=28078"},"modified":"2025-06-24T04:15:12","modified_gmt":"2025-06-24T01:15:12","slug":"haberler","status":"publish","type":"page","link":"http:\/\/bnreo.com.tr\/en\/haberler\/","title":{"rendered":"News"},"content":{"rendered":"<div data-elementor-type=\"wp-page\" data-elementor-id=\"28078\" class=\"elementor elementor-28078\">\n\t\t\t\t<div class=\"wd-negative-gap elementor-element elementor-element-b941d01 e-flex e-con-boxed elementor-invisible e-con e-parent\" data-id=\"b941d01\" data-element_type=\"container\" data-settings=\"{&quot;animation&quot;:&quot;fadeInUp&quot;}\">\n\t\t\t\t\t<div class=\"e-con-inner\">\n\t\t<div class=\"elementor-element elementor-element-37d1d7b e-con-full e-flex e-con e-child\" data-id=\"37d1d7b\" data-element_type=\"container\">\n\t\t\t\t<div class=\"elementor-element elementor-element-e7e4ca3 wd-width-100 elementor-widget elementor-widget-wd_blog\" data-id=\"e7e4ca3\" data-element_type=\"widget\" data-widget_type=\"wd_blog.default\">\n\t\t\t\t<div class=\"elementor-widget-container\">\n\t\t\t\t\t\t\t\t<div id=\"carousel-154\" class=\"wd-carousel-container  wd-posts wd-blog-element\">\n\t\t\t\t\n\t\t\t\t\n\t\t\t\t<div class=\"wd-carousel-inner\">\n\t\t\t\t\t<div class=\"wd-carousel wd-grid\" data-scroll_per_page=\"yes\" style=\"--wd-col-lg:4;--wd-col-md:4;--wd-col-sm:1;--wd-gap-lg:20px;--wd-gap-sm:10px;\">\n\t\t\t\t\t\t<div class=\"wd-carousel-wrap\">\n\t\t\t\t\t\t\t\t\t<div class=\"wd-carousel-item\">\n\t\t\t\t\t\t\t\n<article id=\"post-27911\" class=\"wd-post blog-design-masonry blog-post-loop blog-style-bg wd-add-shadow post-27911 post type-post status-publish format-standard has-post-thumbnail hentry category-bnreo-su-aritma-cihazlari tag-bnreo-su-aritma-cihazlari\">\n\t<div class=\"article-inner\">\n\t\t<header class=\"entry-header\">\n\t\t\t\t\t\t\t<figure class=\"entry-thumbnail\">\n\t\t\t\t\t\t\t\t\t\t\t<div class=\"post-img-wrapp\">\n\t\t\t\t\t\t\t<a href=\"http:\/\/bnreo.com.tr\/en\/endustriyel-su-aritma-sistemlerinde-guvenin-adi-bnreo-3\/\">\n\t\t\t\t\t\t\t\t<img fetchpriority=\"high\" decoding=\"async\" width=\"800\" height=\"800\" src=\"https:\/\/bnreo.com.tr\/wp-content\/uploads\/2025\/06\/6-800x800.png\" class=\"attachment-large size-large\" alt=\"\" srcset=\"https:\/\/bnreo.com.tr\/wp-content\/uploads\/2025\/06\/6-800x800.png 800w, https:\/\/bnreo.com.tr\/wp-content\/uploads\/2025\/06\/6-300x300.png 300w, https:\/\/bnreo.com.tr\/wp-content\/uploads\/2025\/06\/6-150x150.png 150w, https:\/\/bnreo.com.tr\/wp-content\/uploads\/2025\/06\/6-768x768.png 768w, https:\/\/bnreo.com.tr\/wp-content\/uploads\/2025\/06\/6-12x12.png 12w, https:\/\/bnreo.com.tr\/wp-content\/uploads\/2025\/06\/6-430x430.png 430w, https:\/\/bnreo.com.tr\/wp-content\/uploads\/2025\/06\/6-700x700.png 700w, https:\/\/bnreo.com.tr\/wp-content\/uploads\/2025\/06\/6.png 1024w\" sizes=\"(max-width: 800px) 100vw, 800px\" \/>\t\t\t\t\t\t\t<\/a>\n\t\t\t\t\t\t<\/div>\n\t\t\t\t\t\t\t\t\t\t<div class=\"post-image-mask\">\n\t\t\t\t\t\t<span><\/span>\n\t\t\t\t\t<\/div>\n\t\t\t\t<\/figure>\n\t\t\t\n\t\t\t\t\t\t<div class=\"wd-post-date wd-style-with-bg\">\n\t\t\t\t<span class=\"post-date-day\">\n\t\t\t\t\t24\t\t\t\t<\/span>\n\t\t\t\t<span class=\"post-date-month\">\n\t\t\t\t\tJune\t\t\t\t<\/span>\n\t\t\t<\/div>\n\t\t\t\t<\/header>\n\n\t\t<div class=\"article-body-container\">\n\t\t\t\n\t\t\t\t\t\t\t<h3 class=\"wd-entities-title title post-title\">\n\t\t\t\t\t<a href=\"http:\/\/bnreo.com.tr\/en\/endustriyel-su-aritma-sistemlerinde-guvenin-adi-bnreo-3\/\" rel=\"bookmark\">\n\t\t\t\t\t\tThe Name of Trust in Industrial Water Treatment Systems: BNREO\t\t\t\t\t<\/a>\n\t\t\t\t<\/h3>\n\t\t\t\n\t\t\t\n\t\t\t\t\t\t\t<div class=\"entry-content wd-post-desc\">\n\t\t\t\t\tWater Quality is the Quality of Your Business For businesses operating on an industrial scale, water is not just a resource, but also...\t\t\t\t<\/div>\n\t\t\t\n\t\t\t\t\t\t\t\t\t\t\t\t<p class=\"read-more-section\">\n\t\t\t\t\t\t<a class=\"btn-read-more more-link\" href=\"http:\/\/bnreo.com.tr\/en\/endustriyel-su-aritma-sistemlerinde-guvenin-adi-bnreo-3\/\">Continue reading<\/a>\t\t\t\t\t<\/p>\n\t\t\t\t\t\t\t\t\t<\/div>\n\t<\/div>\n<\/article>\n\n\t\t\t\t\t<\/div>\n\t\t\t\t<div class=\"wd-carousel-item\">\n\t\t\t\t\t\t\t\n<article id=\"post-27909\" class=\"wd-post blog-design-masonry blog-post-loop blog-style-bg wd-add-shadow post-27909 post type-post status-publish format-standard has-post-thumbnail hentry category-bnreo-su-aritma-cihazlari tag-bnreo-su-aritma-cihazlari\">\n\t<div class=\"article-inner\">\n\t\t<header class=\"entry-header\">\n\t\t\t\t\t\t\t<figure class=\"entry-thumbnail\">\n\t\t\t\t\t\t\t\t\t\t\t<div class=\"post-img-wrapp\">\n\t\t\t\t\t\t\t<a href=\"http:\/\/bnreo.com.tr\/en\/endustriyel-su-aritma-sistemlerinde-uzman-cozum-ortaginiz-bnreo\/\">\n\t\t\t\t\t\t\t\t<img decoding=\"async\" width=\"800\" height=\"800\" src=\"https:\/\/bnreo.com.tr\/wp-content\/uploads\/2025\/06\/5-800x800.png\" class=\"attachment-large size-large\" alt=\"\" srcset=\"https:\/\/bnreo.com.tr\/wp-content\/uploads\/2025\/06\/5-800x800.png 800w, https:\/\/bnreo.com.tr\/wp-content\/uploads\/2025\/06\/5-300x300.png 300w, https:\/\/bnreo.com.tr\/wp-content\/uploads\/2025\/06\/5-150x150.png 150w, https:\/\/bnreo.com.tr\/wp-content\/uploads\/2025\/06\/5-768x768.png 768w, https:\/\/bnreo.com.tr\/wp-content\/uploads\/2025\/06\/5-12x12.png 12w, https:\/\/bnreo.com.tr\/wp-content\/uploads\/2025\/06\/5-430x430.png 430w, https:\/\/bnreo.com.tr\/wp-content\/uploads\/2025\/06\/5-700x700.png 700w, https:\/\/bnreo.com.tr\/wp-content\/uploads\/2025\/06\/5.png 1024w\" sizes=\"(max-width: 800px) 100vw, 800px\" \/>\t\t\t\t\t\t\t<\/a>\n\t\t\t\t\t\t<\/div>\n\t\t\t\t\t\t\t\t\t\t<div class=\"post-image-mask\">\n\t\t\t\t\t\t<span><\/span>\n\t\t\t\t\t<\/div>\n\t\t\t\t<\/figure>\n\t\t\t\n\t\t\t\t\t\t<div class=\"wd-post-date wd-style-with-bg\">\n\t\t\t\t<span class=\"post-date-day\">\n\t\t\t\t\t24\t\t\t\t<\/span>\n\t\t\t\t<span class=\"post-date-month\">\n\t\t\t\t\tJune\t\t\t\t<\/span>\n\t\t\t<\/div>\n\t\t\t\t<\/header>\n\n\t\t<div class=\"article-body-container\">\n\t\t\t\n\t\t\t\t\t\t\t<h3 class=\"wd-entities-title title post-title\">\n\t\t\t\t\t<a href=\"http:\/\/bnreo.com.tr\/en\/endustriyel-su-aritma-sistemlerinde-uzman-cozum-ortaginiz-bnreo\/\" rel=\"bookmark\">\n\t\t\t\t\t\tYour Expert Solution Partner in Industrial Water Treatment Systems: BNREO\t\t\t\t\t<\/a>\n\t\t\t\t<\/h3>\n\t\t\t\n\t\t\t\n\t\t\t\t\t\t\t<div class=\"entry-content wd-post-desc\">\n\t\t\t\t\tThe Vital Role of Water Purification in Industry The quality of water used in industrial facilities affects everything from production efficiency to machine life, product quality...\t\t\t\t<\/div>\n\t\t\t\n\t\t\t\t\t\t\t\t\t\t\t\t<p class=\"read-more-section\">\n\t\t\t\t\t\t<a class=\"btn-read-more more-link\" href=\"http:\/\/bnreo.com.tr\/en\/endustriyel-su-aritma-sistemlerinde-uzman-cozum-ortaginiz-bnreo\/\">Continue reading<\/a>\t\t\t\t\t<\/p>\n\t\t\t\t\t\t\t\t\t<\/div>\n\t<\/div>\n<\/article>\n\n\t\t\t\t\t<\/div>\n\t\t\t\t<div class=\"wd-carousel-item\">\n\t\t\t\t\t\t\t\n<article id=\"post-27907\" class=\"wd-post blog-design-masonry blog-post-loop blog-style-bg wd-add-shadow post-27907 post type-post status-publish format-standard has-post-thumbnail hentry category-bnreo-su-aritma-cihazlari tag-bnreo-su-aritma-cihazlari\">\n\t<div class=\"article-inner\">\n\t\t<header class=\"entry-header\">\n\t\t\t\t\t\t\t<figure class=\"entry-thumbnail\">\n\t\t\t\t\t\t\t\t\t\t\t<div class=\"post-img-wrapp\">\n\t\t\t\t\t\t\t<a href=\"http:\/\/bnreo.com.tr\/en\/endustriyel-su-aritma-teknolojilerinde-kalitenin-yeni-tanimi-bnreo\/\">\n\t\t\t\t\t\t\t\t<img decoding=\"async\" width=\"800\" height=\"800\" src=\"https:\/\/bnreo.com.tr\/wp-content\/uploads\/2025\/06\/4-1-800x800.png\" class=\"attachment-large size-large\" alt=\"\" srcset=\"https:\/\/bnreo.com.tr\/wp-content\/uploads\/2025\/06\/4-1-800x800.png 800w, https:\/\/bnreo.com.tr\/wp-content\/uploads\/2025\/06\/4-1-300x300.png 300w, https:\/\/bnreo.com.tr\/wp-content\/uploads\/2025\/06\/4-1-150x150.png 150w, https:\/\/bnreo.com.tr\/wp-content\/uploads\/2025\/06\/4-1-768x768.png 768w, https:\/\/bnreo.com.tr\/wp-content\/uploads\/2025\/06\/4-1-12x12.png 12w, https:\/\/bnreo.com.tr\/wp-content\/uploads\/2025\/06\/4-1-430x430.png 430w, https:\/\/bnreo.com.tr\/wp-content\/uploads\/2025\/06\/4-1-700x700.png 700w, https:\/\/bnreo.com.tr\/wp-content\/uploads\/2025\/06\/4-1.png 1024w\" sizes=\"(max-width: 800px) 100vw, 800px\" \/>\t\t\t\t\t\t\t<\/a>\n\t\t\t\t\t\t<\/div>\n\t\t\t\t\t\t\t\t\t\t<div class=\"post-image-mask\">\n\t\t\t\t\t\t<span><\/span>\n\t\t\t\t\t<\/div>\n\t\t\t\t<\/figure>\n\t\t\t\n\t\t\t\t\t\t<div class=\"wd-post-date wd-style-with-bg\">\n\t\t\t\t<span class=\"post-date-day\">\n\t\t\t\t\t24\t\t\t\t<\/span>\n\t\t\t\t<span class=\"post-date-month\">\n\t\t\t\t\tJune\t\t\t\t<\/span>\n\t\t\t<\/div>\n\t\t\t\t<\/header>\n\n\t\t<div class=\"article-body-container\">\n\t\t\t\n\t\t\t\t\t\t\t<h3 class=\"wd-entities-title title post-title\">\n\t\t\t\t\t<a href=\"http:\/\/bnreo.com.tr\/en\/endustriyel-su-aritma-teknolojilerinde-kalitenin-yeni-tanimi-bnreo\/\" rel=\"bookmark\">\n\t\t\t\t\t\tNew Definition of Quality in Industrial Water Treatment Technologies: BNREO\t\t\t\t\t<\/a>\n\t\t\t\t<\/h3>\n\t\t\t\n\t\t\t\n\t\t\t\t\t\t\t<div class=\"entry-content wd-post-desc\">\n\t\t\t\t\tThe Industrial Dimension of Water Purification The quality of water used in industrial facilities directly affects both the production process and the final product quality.\t\t\t\t<\/div>\n\t\t\t\n\t\t\t\t\t\t\t\t\t\t\t\t<p class=\"read-more-section\">\n\t\t\t\t\t\t<a class=\"btn-read-more more-link\" href=\"http:\/\/bnreo.com.tr\/en\/endustriyel-su-aritma-teknolojilerinde-kalitenin-yeni-tanimi-bnreo\/\">Continue reading<\/a>\t\t\t\t\t<\/p>\n\t\t\t\t\t\t\t\t\t<\/div>\n\t<\/div>\n<\/article>\n\n\t\t\t\t\t<\/div>\n\t\t\t\t<div class=\"wd-carousel-item\">\n\t\t\t\t\t\t\t\n<article id=\"post-27905\" class=\"wd-post blog-design-masonry blog-post-loop blog-style-bg wd-add-shadow post-27905 post type-post status-publish format-standard has-post-thumbnail hentry category-bnreo-su-aritma-cihazlari tag-bnreo-su-aritma-cihazlari\">\n\t<div class=\"article-inner\">\n\t\t<header class=\"entry-header\">\n\t\t\t\t\t\t\t<figure class=\"entry-thumbnail\">\n\t\t\t\t\t\t\t\t\t\t\t<div class=\"post-img-wrapp\">\n\t\t\t\t\t\t\t<a href=\"http:\/\/bnreo.com.tr\/en\/endustriyel-su-aritma-sistemlerinde-guvenin-adi-bnreo-2\/\">\n\t\t\t\t\t\t\t\t<img loading=\"lazy\" decoding=\"async\" width=\"800\" height=\"800\" src=\"https:\/\/bnreo.com.tr\/wp-content\/uploads\/2025\/06\/3-800x800.png\" class=\"attachment-large size-large\" alt=\"\" srcset=\"https:\/\/bnreo.com.tr\/wp-content\/uploads\/2025\/06\/3-800x800.png 800w, https:\/\/bnreo.com.tr\/wp-content\/uploads\/2025\/06\/3-300x300.png 300w, https:\/\/bnreo.com.tr\/wp-content\/uploads\/2025\/06\/3-150x150.png 150w, https:\/\/bnreo.com.tr\/wp-content\/uploads\/2025\/06\/3-768x768.png 768w, https:\/\/bnreo.com.tr\/wp-content\/uploads\/2025\/06\/3-12x12.png 12w, https:\/\/bnreo.com.tr\/wp-content\/uploads\/2025\/06\/3-430x430.png 430w, https:\/\/bnreo.com.tr\/wp-content\/uploads\/2025\/06\/3-700x700.png 700w, https:\/\/bnreo.com.tr\/wp-content\/uploads\/2025\/06\/3.png 1024w\" sizes=\"(max-width: 800px) 100vw, 800px\" \/>\t\t\t\t\t\t\t<\/a>\n\t\t\t\t\t\t<\/div>\n\t\t\t\t\t\t\t\t\t\t<div class=\"post-image-mask\">\n\t\t\t\t\t\t<span><\/span>\n\t\t\t\t\t<\/div>\n\t\t\t\t<\/figure>\n\t\t\t\n\t\t\t\t\t\t<div class=\"wd-post-date wd-style-with-bg\">\n\t\t\t\t<span class=\"post-date-day\">\n\t\t\t\t\t24\t\t\t\t<\/span>\n\t\t\t\t<span class=\"post-date-month\">\n\t\t\t\t\tJune\t\t\t\t<\/span>\n\t\t\t<\/div>\n\t\t\t\t<\/header>\n\n\t\t<div class=\"article-body-container\">\n\t\t\t\n\t\t\t\t\t\t\t<h3 class=\"wd-entities-title title post-title\">\n\t\t\t\t\t<a href=\"http:\/\/bnreo.com.tr\/en\/endustriyel-su-aritma-sistemlerinde-guvenin-adi-bnreo-2\/\" rel=\"bookmark\">\n\t\t\t\t\t\tThe Name of Trust in Industrial Water Treatment Systems: BNREO\t\t\t\t\t<\/a>\n\t\t\t\t<\/h3>\n\t\t\t\n\t\t\t\n\t\t\t\t\t\t\t<div class=\"entry-content wd-post-desc\">\n\t\t\t\t\tBig Solutions for Big Facilities Big structures such as industrial facilities, hotels, shopping malls, hospitals and food production areas...\t\t\t\t<\/div>\n\t\t\t\n\t\t\t\t\t\t\t\t\t\t\t\t<p class=\"read-more-section\">\n\t\t\t\t\t\t<a class=\"btn-read-more more-link\" href=\"http:\/\/bnreo.com.tr\/en\/endustriyel-su-aritma-sistemlerinde-guvenin-adi-bnreo-2\/\">Continue reading<\/a>\t\t\t\t\t<\/p>\n\t\t\t\t\t\t\t\t\t<\/div>\n\t<\/div>\n<\/article>\n\n\t\t\t\t\t<\/div>\n\t\t\t\t<div class=\"wd-carousel-item\">\n\t\t\t\t\t\t\t\n<article id=\"post-27903\" class=\"wd-post blog-design-masonry blog-post-loop blog-style-bg wd-add-shadow post-27903 post type-post status-publish format-standard has-post-thumbnail hentry category-bnreo-su-aritma-cihazlari tag-bnreo-su-aritma-cihazlari\">\n\t<div class=\"article-inner\">\n\t\t<header class=\"entry-header\">\n\t\t\t\t\t\t\t<figure class=\"entry-thumbnail\">\n\t\t\t\t\t\t\t\t\t\t\t<div class=\"post-img-wrapp\">\n\t\t\t\t\t\t\t<a href=\"http:\/\/bnreo.com.tr\/en\/endustriyel-su-aritma-sistemlerinde-mukemmellik-bnreo-ile-guvenli-gelecege\/\">\n\t\t\t\t\t\t\t\t<img loading=\"lazy\" decoding=\"async\" width=\"800\" height=\"800\" src=\"https:\/\/bnreo.com.tr\/wp-content\/uploads\/2025\/06\/2-800x800.png\" class=\"attachment-large size-large\" alt=\"\" srcset=\"https:\/\/bnreo.com.tr\/wp-content\/uploads\/2025\/06\/2-800x800.png 800w, https:\/\/bnreo.com.tr\/wp-content\/uploads\/2025\/06\/2-300x300.png 300w, https:\/\/bnreo.com.tr\/wp-content\/uploads\/2025\/06\/2-150x150.png 150w, https:\/\/bnreo.com.tr\/wp-content\/uploads\/2025\/06\/2-768x768.png 768w, https:\/\/bnreo.com.tr\/wp-content\/uploads\/2025\/06\/2-12x12.png 12w, https:\/\/bnreo.com.tr\/wp-content\/uploads\/2025\/06\/2-430x430.png 430w, https:\/\/bnreo.com.tr\/wp-content\/uploads\/2025\/06\/2-700x700.png 700w, https:\/\/bnreo.com.tr\/wp-content\/uploads\/2025\/06\/2.png 1024w\" sizes=\"(max-width: 800px) 100vw, 800px\" \/>\t\t\t\t\t\t\t<\/a>\n\t\t\t\t\t\t<\/div>\n\t\t\t\t\t\t\t\t\t\t<div class=\"post-image-mask\">\n\t\t\t\t\t\t<span><\/span>\n\t\t\t\t\t<\/div>\n\t\t\t\t<\/figure>\n\t\t\t\n\t\t\t\t\t\t<div class=\"wd-post-date wd-style-with-bg\">\n\t\t\t\t<span class=\"post-date-day\">\n\t\t\t\t\t24\t\t\t\t<\/span>\n\t\t\t\t<span class=\"post-date-month\">\n\t\t\t\t\tJune\t\t\t\t<\/span>\n\t\t\t<\/div>\n\t\t\t\t<\/header>\n\n\t\t<div class=\"article-body-container\">\n\t\t\t\n\t\t\t\t\t\t\t<h3 class=\"wd-entities-title title post-title\">\n\t\t\t\t\t<a href=\"http:\/\/bnreo.com.tr\/en\/endustriyel-su-aritma-sistemlerinde-mukemmellik-bnreo-ile-guvenli-gelecege\/\" rel=\"bookmark\">\n\t\t\t\t\t\tExcellence in Industrial Water Treatment Systems: Towards a Safe Future with BNREO\t\t\t\t\t<\/a>\n\t\t\t\t<\/h3>\n\t\t\t\n\t\t\t\n\t\t\t\t\t\t\t<div class=\"entry-content wd-post-desc\">\n\t\t\t\t\tProfessional Solutions in Water Purification Technologies Today, the quality of water used by businesses in their production processes is an important factor in terms of product safety...\t\t\t\t<\/div>\n\t\t\t\n\t\t\t\t\t\t\t\t\t\t\t\t<p class=\"read-more-section\">\n\t\t\t\t\t\t<a class=\"btn-read-more more-link\" href=\"http:\/\/bnreo.com.tr\/en\/endustriyel-su-aritma-sistemlerinde-mukemmellik-bnreo-ile-guvenli-gelecege\/\">Continue reading<\/a>\t\t\t\t\t<\/p>\n\t\t\t\t\t\t\t\t\t<\/div>\n\t<\/div>\n<\/article>\n\n\t\t\t\t\t<\/div>\n\t\t\t\t<div class=\"wd-carousel-item\">\n\t\t\t\t\t\t\t\n<article id=\"post-27895\" class=\"wd-post blog-design-masonry blog-post-loop blog-style-bg wd-add-shadow post-27895 post type-post status-publish format-standard has-post-thumbnail hentry category-bnreo-su-aritma-cihazlari tag-bnreo-su-aritma-cihazlari\">\n\t<div class=\"article-inner\">\n\t\t<header class=\"entry-header\">\n\t\t\t\t\t\t\t<figure class=\"entry-thumbnail\">\n\t\t\t\t\t\t\t\t\t\t\t<div class=\"post-img-wrapp\">\n\t\t\t\t\t\t\t<a href=\"http:\/\/bnreo.com.tr\/en\/endustriyel-su-aritma-sistemlerinde-guvenin-adi-bnreo\/\">\n\t\t\t\t\t\t\t\t<img loading=\"lazy\" decoding=\"async\" width=\"800\" height=\"800\" src=\"https:\/\/bnreo.com.tr\/wp-content\/uploads\/2025\/06\/1-800x800.png\" class=\"attachment-large size-large\" alt=\"\" srcset=\"https:\/\/bnreo.com.tr\/wp-content\/uploads\/2025\/06\/1-800x800.png 800w, https:\/\/bnreo.com.tr\/wp-content\/uploads\/2025\/06\/1-300x300.png 300w, https:\/\/bnreo.com.tr\/wp-content\/uploads\/2025\/06\/1-150x150.png 150w, https:\/\/bnreo.com.tr\/wp-content\/uploads\/2025\/06\/1-768x768.png 768w, https:\/\/bnreo.com.tr\/wp-content\/uploads\/2025\/06\/1-12x12.png 12w, https:\/\/bnreo.com.tr\/wp-content\/uploads\/2025\/06\/1-430x430.png 430w, https:\/\/bnreo.com.tr\/wp-content\/uploads\/2025\/06\/1-700x700.png 700w, https:\/\/bnreo.com.tr\/wp-content\/uploads\/2025\/06\/1.png 1024w\" sizes=\"(max-width: 800px) 100vw, 800px\" \/>\t\t\t\t\t\t\t<\/a>\n\t\t\t\t\t\t<\/div>\n\t\t\t\t\t\t\t\t\t\t<div class=\"post-image-mask\">\n\t\t\t\t\t\t<span><\/span>\n\t\t\t\t\t<\/div>\n\t\t\t\t<\/figure>\n\t\t\t\n\t\t\t\t\t\t<div class=\"wd-post-date wd-style-with-bg\">\n\t\t\t\t<span class=\"post-date-day\">\n\t\t\t\t\t24\t\t\t\t<\/span>\n\t\t\t\t<span class=\"post-date-month\">\n\t\t\t\t\tJune\t\t\t\t<\/span>\n\t\t\t<\/div>\n\t\t\t\t<\/header>\n\n\t\t<div class=\"article-body-container\">\n\t\t\t\n\t\t\t\t\t\t\t<h3 class=\"wd-entities-title title post-title\">\n\t\t\t\t\t<a href=\"http:\/\/bnreo.com.tr\/en\/endustriyel-su-aritma-sistemlerinde-guvenin-adi-bnreo\/\" rel=\"bookmark\">\n\t\t\t\t\t\tThe Name of Trust in Industrial Water Treatment Systems: BNREO\t\t\t\t\t<\/a>\n\t\t\t\t<\/h3>\n\t\t\t\n\t\t\t\n\t\t\t\t\t\t\t<div class=\"entry-content wd-post-desc\">\n\t\t\t\t\tWe Add Value to Water with Sustainable Solutions Industrial water treatment systems are the sustainable production approach of modern businesses and...\t\t\t\t<\/div>\n\t\t\t\n\t\t\t\t\t\t\t\t\t\t\t\t<p class=\"read-more-section\">\n\t\t\t\t\t\t<a class=\"btn-read-more more-link\" href=\"http:\/\/bnreo.com.tr\/en\/endustriyel-su-aritma-sistemlerinde-guvenin-adi-bnreo\/\">Continue reading<\/a>\t\t\t\t\t<\/p>\n\t\t\t\t\t\t\t\t\t<\/div>\n\t<\/div>\n<\/article>\n\n\t\t\t\t\t<\/div>\n\t\t\t\t\t\t\t\t<\/div>\n\t\t\t\t\t<\/div>\n\n\t\t\t\t\t\t\t<div class=\"wd-nav-arrows wd-pos-sep wd-hover-1 wd-icon-1\">\n\t\t\t<div class=\"wd-btn-arrow wd-prev wd-disabled\">\n\t\t\t\t<div class=\"wd-arrow-inner\"><\/div>\n\t\t\t<\/div>\n\t\t\t<div class=\"wd-btn-arrow wd-next\">\n\t\t\t\t<div class=\"wd-arrow-inner\"><\/div>\n\t\t\t<\/div>\n\t\t<\/div>\n\t\t\t\t\t\t<\/div>\n\n\t\t\t\t\t\t<div class=\"wd-nav-pagin-wrap text-center wd-style-shape wd-hide-md-sm wd-hide-sm\">\n\t\t\t<ul class=\"wd-nav-pagin\"><\/ul>\n\t\t<\/div>\n\t\t\t\t\t\t\t\t\t<\/div>\n\t\t\t\t\t\t\t<\/div>\n\t\t\t\t<\/div>\n\t\t\t\t<\/div>\n\t\t\t\t\t<\/div>\n\t\t\t\t<\/div>\n\t\t\t\t<\/div>","protected":false},"excerpt":{"rendered":"<p>June 24th BNREO: The Name of Trust in Industrial Water Treatment Systems Water Quality is the Quality of Your Business For businesses operating on an industrial scale, water...<\/p>","protected":false},"author":1,"featured_media":0,"parent":0,"menu_order":0,"comment_status":"closed","ping_status":"closed","template":"elementor_header_footer","meta":{"footnotes":""},"class_list":["post-28078","page","type-page","status-publish","hentry"],"yoast_head":"<!-- This site is optimized with the Yoast SEO plugin v25.3.1 - https:\/\/yoast.com\/wordpress\/plugins\/seo\/ -->\n<title>Haberler - Bnreo | Su Ar\u0131tma Cihazlar\u0131<\/title>\n<meta name=\"robots\" content=\"index, follow, max-snippet:-1, max-image-preview:large, max-video-preview:-1\" \/>\n<link rel=\"canonical\" href=\"http:\/\/bnreo.com.tr\/en\/haberler\/\" \/>\n<meta property=\"og:locale\" content=\"en_US\" \/>\n<meta property=\"og:type\" content=\"article\" \/>\n<meta property=\"og:title\" content=\"Haberler - Bnreo | Su Ar\u0131tma Cihazlar\u0131\" \/>\n<meta property=\"og:description\" content=\"24 Haz End\u00fcstriyel Su Ar\u0131tma Sistemlerinde G\u00fcvenin Ad\u0131: BNREO Suyun Kalitesi, \u0130\u015fletmenizin Kalitesidir End\u00fcstriyel \u00f6l\u00e7ekte faaliyet g\u00f6steren i\u015fletmeler i\u00e7in su,\" \/>\n<meta property=\"og:url\" content=\"http:\/\/bnreo.com.tr\/en\/haberler\/\" \/>\n<meta property=\"og:site_name\" content=\"Bnreo | Su Ar\u0131tma Cihazlar\u0131\" \/>\n<meta property=\"article:modified_time\" content=\"2025-06-24T01:15:12+00:00\" \/>\n<meta property=\"og:image\" content=\"https:\/\/bnreo.com.tr\/wp-content\/uploads\/2025\/06\/6-800x800.png\" \/>\n<meta name=\"twitter:card\" content=\"summary_large_image\" \/>\n<meta name=\"twitter:label1\" content=\"Est. reading time\" \/>\n\t<meta name=\"twitter:data1\" content=\"3 minutes\" \/>\n<script type=\"application\/ld+json\" class=\"yoast-schema-graph\">{\"@context\":\"https:\/\/schema.org\",\"@graph\":[{\"@type\":\"WebPage\",\"@id\":\"https:\/\/bnreo.com.tr\/haberler\/\",\"url\":\"https:\/\/bnreo.com.tr\/haberler\/\",\"name\":\"Haberler - Bnreo | Su Ar\u0131tma Cihazlar\u0131\",\"isPartOf\":{\"@id\":\"https:\/\/bnreo.com.tr\/#website\"},\"primaryImageOfPage\":{\"@id\":\"https:\/\/bnreo.com.tr\/haberler\/#primaryimage\"},\"image\":{\"@id\":\"https:\/\/bnreo.com.tr\/haberler\/#primaryimage\"},\"thumbnailUrl\":\"https:\/\/bnreo.com.tr\/wp-content\/uploads\/2025\/06\/6-800x800.png\",\"datePublished\":\"2025-06-24T01:13:33+00:00\",\"dateModified\":\"2025-06-24T01:15:12+00:00\",\"breadcrumb\":{\"@id\":\"https:\/\/bnreo.com.tr\/haberler\/#breadcrumb\"},\"inLanguage\":\"en-US\",\"potentialAction\":[{\"@type\":\"ReadAction\",\"target\":[\"https:\/\/bnreo.com.tr\/haberler\/\"]}]},{\"@type\":\"ImageObject\",\"inLanguage\":\"en-US\",\"@id\":\"https:\/\/bnreo.com.tr\/haberler\/#primaryimage\",\"url\":\"https:\/\/bnreo.com.tr\/wp-content\/uploads\/2025\/06\/6-800x800.png\",\"contentUrl\":\"https:\/\/bnreo.com.tr\/wp-content\/uploads\/2025\/06\/6-800x800.png\"},{\"@type\":\"BreadcrumbList\",\"@id\":\"https:\/\/bnreo.com.tr\/haberler\/#breadcrumb\",\"itemListElement\":[{\"@type\":\"ListItem\",\"position\":1,\"name\":\"Anasayfa\",\"item\":\"https:\/\/bnreo.com.tr\/\"},{\"@type\":\"ListItem\",\"position\":2,\"name\":\"Haberler\"}]},{\"@type\":\"WebSite\",\"@id\":\"https:\/\/bnreo.com.tr\/#website\",\"url\":\"https:\/\/bnreo.com.tr\/\",\"name\":\"Bnreo | Su Ar\u0131tma Cihazlar\u0131\",\"description\":\"Bnreo | Su Ar\u0131tma Cihazlar\u0131\",\"potentialAction\":[{\"@type\":\"SearchAction\",\"target\":{\"@type\":\"EntryPoint\",\"urlTemplate\":\"https:\/\/bnreo.com.tr\/?s={search_term_string}\"},\"query-input\":{\"@type\":\"PropertyValueSpecification\",\"valueRequired\":true,\"valueName\":\"search_term_string\"}}],\"inLanguage\":\"en-US\"}]}<\/script>\n<!-- \/ Yoast SEO plugin. -->","yoast_head_json":{"title":"Haberler - Bnreo | Su Ar\u0131tma Cihazlar\u0131","robots":{"index":"index","follow":"follow","max-snippet":"max-snippet:-1","max-image-preview":"max-image-preview:large","max-video-preview":"max-video-preview:-1"},"canonical":"http:\/\/bnreo.com.tr\/en\/haberler\/","og_locale":"en_US","og_type":"article","og_title":"Haberler - Bnreo | Su Ar\u0131tma Cihazlar\u0131","og_description":"24 Haz End\u00fcstriyel Su Ar\u0131tma Sistemlerinde G\u00fcvenin Ad\u0131: BNREO Suyun Kalitesi, \u0130\u015fletmenizin Kalitesidir End\u00fcstriyel \u00f6l\u00e7ekte faaliyet g\u00f6steren i\u015fletmeler i\u00e7in su,","og_url":"http:\/\/bnreo.com.tr\/en\/haberler\/","og_site_name":"Bnreo | Su Ar\u0131tma Cihazlar\u0131","article_modified_time":"2025-06-24T01:15:12+00:00","og_image":[{"url":"https:\/\/bnreo.com.tr\/wp-content\/uploads\/2025\/06\/6-800x800.png","type":"","width":"","height":""}],"twitter_card":"summary_large_image","twitter_misc":{"Est. reading time":"3 minutes"},"schema":{"@context":"https:\/\/schema.org","@graph":[{"@type":"WebPage","@id":"https:\/\/bnreo.com.tr\/haberler\/","url":"https:\/\/bnreo.com.tr\/haberler\/","name":"Haberler - Bnreo | Su Ar\u0131tma Cihazlar\u0131","isPartOf":{"@id":"https:\/\/bnreo.com.tr\/#website"},"primaryImageOfPage":{"@id":"https:\/\/bnreo.com.tr\/haberler\/#primaryimage"},"image":{"@id":"https:\/\/bnreo.com.tr\/haberler\/#primaryimage"},"thumbnailUrl":"https:\/\/bnreo.com.tr\/wp-content\/uploads\/2025\/06\/6-800x800.png","datePublished":"2025-06-24T01:13:33+00:00","dateModified":"2025-06-24T01:15:12+00:00","breadcrumb":{"@id":"https:\/\/bnreo.com.tr\/haberler\/#breadcrumb"},"inLanguage":"en-US","potentialAction":[{"@type":"ReadAction","target":["https:\/\/bnreo.com.tr\/haberler\/"]}]},{"@type":"ImageObject","inLanguage":"en-US","@id":"https:\/\/bnreo.com.tr\/haberler\/#primaryimage","url":"https:\/\/bnreo.com.tr\/wp-content\/uploads\/2025\/06\/6-800x800.png","contentUrl":"https:\/\/bnreo.com.tr\/wp-content\/uploads\/2025\/06\/6-800x800.png"},{"@type":"BreadcrumbList","@id":"https:\/\/bnreo.com.tr\/haberler\/#breadcrumb","itemListElement":[{"@type":"ListItem","position":1,"name":"Anasayfa","item":"https:\/\/bnreo.com.tr\/"},{"@type":"ListItem","position":2,"name":"Haberler"}]},{"@type":"WebSite","@id":"https:\/\/bnreo.com.tr\/#website","url":"https:\/\/bnreo.com.tr\/","name":"Bnreo | Su Ar\u0131tma Cihazlar\u0131","description":"Bnreo | Su Ar\u0131tma Cihazlar\u0131","potentialAction":[{"@type":"SearchAction","target":{"@type":"EntryPoint","urlTemplate":"https:\/\/bnreo.com.tr\/?s={search_term_string}"},"query-input":{"@type":"PropertyValueSpecification","valueRequired":true,"valueName":"search_term_string"}}],"inLanguage":"en-US"}]}},"_links":{"self":[{"href":"http:\/\/bnreo.com.tr\/en\/wp-json\/wp\/v2\/pages\/28078","targetHints":{"allow":["GET"]}}],"collection":[{"href":"http:\/\/bnreo.com.tr\/en\/wp-json\/wp\/v2\/pages"}],"about":[{"href":"http:\/\/bnreo.com.tr\/en\/wp-json\/wp\/v2\/types\/page"}],"author":[{"embeddable":true,"href":"http:\/\/bnreo.com.tr\/en\/wp-json\/wp\/v2\/users\/1"}],"replies":[{"embeddable":true,"href":"http:\/\/bnreo.com.tr\/en\/wp-json\/wp\/v2\/comments?post=28078"}],"version-history":[{"count":4,"href":"http:\/\/bnreo.com.tr\/en\/wp-json\/wp\/v2\/pages\/28078\/revisions"}],"predecessor-version":[{"id":28082,"href":"http:\/\/bnreo.com.tr\/en\/wp-json\/wp\/v2\/pages\/28078\/revisions\/28082"}],"wp:attachment":[{"href":"http:\/\/bnreo.com.tr\/en\/wp-json\/wp\/v2\/media?parent=28078"}],"curies":[{"name":"wp","href":"https:\/\/api.w.org\/{rel}","templated":true}]}}