{"id":28044,"date":"2025-06-24T04:00:28","date_gmt":"2025-06-24T01:00:28","guid":{"rendered":"https:\/\/bnreo.com.tr\/?page_id=28044"},"modified":"2025-06-24T04:07:01","modified_gmt":"2025-06-24T01:07:01","slug":"filtrasyon-teknolojileri","status":"publish","type":"page","link":"http:\/\/bnreo.com.tr\/en\/filtrasyon-teknolojileri\/","title":{"rendered":"Filtration Technologies"},"content":{"rendered":"<div data-elementor-type=\"wp-page\" data-elementor-id=\"28044\" class=\"elementor elementor-28044\">\n\t\t\t\t<div class=\"wd-negative-gap elementor-element elementor-element-87bc119 e-flex e-con-boxed elementor-invisible e-con e-parent\" data-id=\"87bc119\" data-element_type=\"container\" data-settings=\"{&quot;animation&quot;:&quot;fadeInUp&quot;}\">\n\t\t\t\t\t<div class=\"e-con-inner\">\n\t\t<div class=\"elementor-element elementor-element-b5202ae e-con-full e-flex e-con e-child\" data-id=\"b5202ae\" data-element_type=\"container\">\n\t\t\t\t<div class=\"elementor-element elementor-element-1a64c85 color-scheme-inherit text-left elementor-widget elementor-widget-text-editor\" data-id=\"1a64c85\" data-element_type=\"widget\" data-widget_type=\"text-editor.default\">\n\t\t\t\t<div class=\"elementor-widget-container\">\n\t\t\t\t\t\t\t\t\t<h3 data-start=\"132\" data-end=\"162\">Filtration Technologies<\/h3><p data-start=\"164\" data-end=\"609\"><strong data-start=\"164\" data-end=\"189\">Filtration systems<\/strong>By effectively removing suspended solids (sediment, rust, mud, sand, and similar particles) from water, it improves water quality and maintains the efficiency of water-powered devices and systems. Filtration, one of the most fundamental and essential steps in the water treatment process, supports the effectiveness of advanced treatment technologies by providing precision at the desired micron level.<\/p><p data-start=\"611\" data-end=\"935\">Filtration technologies play a critical role, particularly in pretreatment processes. By removing physical contaminants from water, they improve its appearance and reduce the burden on more sensitive treatment systems. This, in turn, lowers operating costs, reduces maintenance frequency, and extends system life.<\/p><hr data-start=\"937\" data-end=\"940\" \/><h3 data-start=\"942\" data-end=\"974\">\ud83d\udfe6 Sand Filtration Systems<\/h3><p data-start=\"976\" data-end=\"1335\">Sand filtration systems are one of the most effective and economical solutions for removing suspended solids (mud, sediment, rust, etc.) that cause turbidity in water. These systems: <strong data-start=\"1175\" data-end=\"1198\">compact designs<\/strong>, <strong data-start=\"1200\" data-end=\"1235\">fully automatic control systems<\/strong> And <strong data-start=\"1239\" data-end=\"1268\">low operating costs<\/strong> It is especially preferred in industrial and commercial areas.<\/p><p data-start=\"1337\" data-end=\"1671\">The system consists of a mineral bed containing quartz and graded gravel layers. This structure allows water to be purified from particles down to 20 microns. When properly designed and operated efficiently, sand filters reduce the load on subsequent filtration systems, improving overall system performance.<\/p><p data-start=\"1673\" data-end=\"1991\">Additionally, automation valves automatically perform backwashing at predetermined times or depending on pressure. This process uses only water, so no additional chemicals are needed for backwashing. However, for this process to be effective, the correct <strong data-start=\"1941\" data-end=\"1955\">water pressure<\/strong> And <strong data-start=\"1959\" data-end=\"1979\">flow calculation<\/strong> is necessary.<\/p><h4 data-start=\"1993\" data-end=\"2064\">Things to Consider When Selecting Sand Filtration Systems:<\/h4><ul data-start=\"2065\" data-end=\"2225\"><li data-start=\"2065\" data-end=\"2105\"><p data-start=\"2067\" data-end=\"2105\">Additional pre-treatment required before the system<\/p><\/li><li data-start=\"2106\" data-end=\"2141\"><p data-start=\"2108\" data-end=\"2141\">Bed height and water flow rate<\/p><\/li><li data-start=\"2142\" data-end=\"2175\"><p data-start=\"2144\" data-end=\"2175\">Capacity of the automation system<\/p><\/li><li data-start=\"2176\" data-end=\"2225\"><p data-start=\"2178\" data-end=\"2225\">Minimum flow rate and pressure required for backwashing<\/p><\/li><\/ul><h4 data-start=\"2227\" data-end=\"2250\">Areas of Use:<\/h4><ul data-start=\"2251\" data-end=\"2452\"><li data-start=\"2251\" data-end=\"2280\"><p data-start=\"2253\" data-end=\"2280\">Food and beverage industry<\/p><\/li><li data-start=\"2281\" data-end=\"2317\"><p data-start=\"2283\" data-end=\"2317\">Pre-treatment before reverse osmosis<\/p><\/li><li data-start=\"2318\" data-end=\"2343\"><p data-start=\"2320\" data-end=\"2343\">Chemical and pharmaceutical industry<\/p><\/li><li data-start=\"2344\" data-end=\"2382\"><p data-start=\"2346\" data-end=\"2382\">Treatment of surface and groundwater<\/p><\/li><li data-start=\"2383\" data-end=\"2413\"><p data-start=\"2385\" data-end=\"2413\">Boiler feed water treatment<\/p><\/li><li data-start=\"2414\" data-end=\"2452\"><p data-start=\"2416\" data-end=\"2452\">Supply of clean drinking and utility water<\/p><\/li><\/ul><hr data-start=\"2454\" data-end=\"2457\" \/><h3 data-start=\"2459\" data-end=\"2500\">\ud83d\udfe6 Activated Carbon Filtration Systems<\/h3><p data-start=\"2502\" data-end=\"3013\"><strong data-start=\"2502\" data-end=\"2540\">Activated carbon filtration systems<\/strong>Activated carbon is a high-performance treatment solution used to remove unwanted odors, colors, taste disturbances, chlorine, detergent residues, organic matter, and industrial chemicals from water. The active carbon mineral that forms the basis of these systems is generally <strong data-start=\"2807\" data-end=\"2868\">By processing coconut shells at high temperatures<\/strong> Activated carbon, which has a large surface area (approximately 1,200 m\u00b2\/gr), is obtained by physical filtration. <strong data-start=\"2978\" data-end=\"2993\">absorption<\/strong> It works with the method.<\/p><p data-start=\"3015\" data-end=\"3381\">The activated carbon mineral in the system becomes saturated over time and becomes unable to absorb chemicals such as chlorine. Therefore, it must be completely replaced at regular intervals. Furthermore, bacteriological control is crucial because activated carbon accumulates organic matter; otherwise, these substances can become a food source for bacteria.<\/p><p data-start=\"3383\" data-end=\"3676\">Activated carbon systems consist of quartz and activated carbon minerals housed in polyethylene or stainless steel tanks. Controlled by fully automatic, timed valves or manual surface piping systems, these units utilize water-only backwashing.<\/p><h4 data-start=\"3678\" data-end=\"3701\">Areas of Use:<\/h4><ul data-start=\"3702\" data-end=\"3981\"><li data-start=\"3702\" data-end=\"3751\"><p data-start=\"3704\" data-end=\"3751\">Pre-treatment before reverse osmosis systems<\/p><\/li><li data-start=\"3752\" data-end=\"3781\"><p data-start=\"3754\" data-end=\"3781\">Food and beverage industry<\/p><\/li><li data-start=\"3782\" data-end=\"3807\"><p data-start=\"3784\" data-end=\"3807\">Chemical and pharmaceutical industry<\/p><\/li><li data-start=\"3808\" data-end=\"3856\"><p data-start=\"3810\" data-end=\"3856\">Microbiologically safe drinking water<\/p><\/li><li data-start=\"3857\" data-end=\"3907\"><p data-start=\"3859\" data-end=\"3907\">Garden irrigation systems after grey water treatment<\/p><\/li><li data-start=\"3908\" data-end=\"3941\"><p data-start=\"3910\" data-end=\"3941\">Groundwater and surface water treatment<\/p><\/li><li data-start=\"3942\" data-end=\"3981\"><p data-start=\"3944\" data-end=\"3981\">Production of clean and healthy drinking water<\/p><\/li><\/ul>\t\t\t\t\t\t\t\t<\/div>\n\t\t\t\t<\/div>\n\t\t\t\t<\/div>\n\t\t\t\t\t<\/div>\n\t\t\t\t<\/div>\n\t\t\t\t<\/div>","protected":false},"excerpt":{"rendered":"<p>Filtrasyon Teknolojileri Filtrasyon sistemleri, suyun i\u00e7erisinde bulunan ask\u0131daki kat\u0131 maddelerin (tortu, pas, \u00e7amur, kum ve benzeri partik\u00fcllerin) etkin \u015fekilde uzakla\u015ft\u0131r\u0131lmas\u0131n\u0131<\/p>","protected":false},"author":1,"featured_media":0,"parent":0,"menu_order":0,"comment_status":"closed","ping_status":"closed","template":"elementor_header_footer","meta":{"footnotes":""},"class_list":["post-28044","page","type-page","status-publish","hentry"],"yoast_head":"<!-- This site is optimized with the Yoast SEO plugin v25.3.1 - https:\/\/yoast.com\/wordpress\/plugins\/seo\/ -->\n<title>Filtrasyon Teknolojileri - Bnreo | Su Ar\u0131tma Cihazlar\u0131<\/title>\n<meta name=\"robots\" content=\"index, follow, max-snippet:-1, max-image-preview:large, max-video-preview:-1\" \/>\n<link rel=\"canonical\" href=\"http:\/\/bnreo.com.tr\/en\/filtrasyon-teknolojileri\/\" \/>\n<meta property=\"og:locale\" content=\"en_US\" \/>\n<meta property=\"og:type\" content=\"article\" \/>\n<meta property=\"og:title\" content=\"Filtrasyon Teknolojileri - Bnreo | Su Ar\u0131tma Cihazlar\u0131\" \/>\n<meta property=\"og:description\" content=\"Filtrasyon Teknolojileri Filtrasyon sistemleri, suyun i\u00e7erisinde bulunan ask\u0131daki kat\u0131 maddelerin (tortu, pas, \u00e7amur, kum ve benzeri partik\u00fcllerin) etkin \u015fekilde uzakla\u015ft\u0131r\u0131lmas\u0131n\u0131\" \/>\n<meta property=\"og:url\" content=\"http:\/\/bnreo.com.tr\/en\/filtrasyon-teknolojileri\/\" \/>\n<meta property=\"og:site_name\" content=\"Bnreo | Su Ar\u0131tma Cihazlar\u0131\" \/>\n<meta property=\"article:modified_time\" content=\"2025-06-24T01:07:01+00:00\" \/>\n<meta name=\"twitter:card\" content=\"summary_large_image\" \/>\n<meta name=\"twitter:label1\" content=\"Est. reading time\" \/>\n\t<meta name=\"twitter:data1\" content=\"3 minutes\" \/>\n<script type=\"application\/ld+json\" class=\"yoast-schema-graph\">{\"@context\":\"https:\/\/schema.org\",\"@graph\":[{\"@type\":\"WebPage\",\"@id\":\"https:\/\/bnreo.com.tr\/filtrasyon-teknolojileri\/\",\"url\":\"https:\/\/bnreo.com.tr\/filtrasyon-teknolojileri\/\",\"name\":\"Filtrasyon Teknolojileri - Bnreo | Su Ar\u0131tma Cihazlar\u0131\",\"isPartOf\":{\"@id\":\"https:\/\/bnreo.com.tr\/#website\"},\"datePublished\":\"2025-06-24T01:00:28+00:00\",\"dateModified\":\"2025-06-24T01:07:01+00:00\",\"breadcrumb\":{\"@id\":\"https:\/\/bnreo.com.tr\/filtrasyon-teknolojileri\/#breadcrumb\"},\"inLanguage\":\"en-US\",\"potentialAction\":[{\"@type\":\"ReadAction\",\"target\":[\"https:\/\/bnreo.com.tr\/filtrasyon-teknolojileri\/\"]}]},{\"@type\":\"BreadcrumbList\",\"@id\":\"https:\/\/bnreo.com.tr\/filtrasyon-teknolojileri\/#breadcrumb\",\"itemListElement\":[{\"@type\":\"ListItem\",\"position\":1,\"name\":\"Anasayfa\",\"item\":\"https:\/\/bnreo.com.tr\/\"},{\"@type\":\"ListItem\",\"position\":2,\"name\":\"Filtrasyon Teknolojileri\"}]},{\"@type\":\"WebSite\",\"@id\":\"https:\/\/bnreo.com.tr\/#website\",\"url\":\"https:\/\/bnreo.com.tr\/\",\"name\":\"Bnreo | Su Ar\u0131tma Cihazlar\u0131\",\"description\":\"Bnreo | Su Ar\u0131tma Cihazlar\u0131\",\"potentialAction\":[{\"@type\":\"SearchAction\",\"target\":{\"@type\":\"EntryPoint\",\"urlTemplate\":\"https:\/\/bnreo.com.tr\/?s={search_term_string}\"},\"query-input\":{\"@type\":\"PropertyValueSpecification\",\"valueRequired\":true,\"valueName\":\"search_term_string\"}}],\"inLanguage\":\"en-US\"}]}<\/script>\n<!-- \/ Yoast SEO plugin. -->","yoast_head_json":{"title":"Filtrasyon Teknolojileri - Bnreo | Su Ar\u0131tma Cihazlar\u0131","robots":{"index":"index","follow":"follow","max-snippet":"max-snippet:-1","max-image-preview":"max-image-preview:large","max-video-preview":"max-video-preview:-1"},"canonical":"http:\/\/bnreo.com.tr\/en\/filtrasyon-teknolojileri\/","og_locale":"en_US","og_type":"article","og_title":"Filtrasyon Teknolojileri - Bnreo | Su Ar\u0131tma Cihazlar\u0131","og_description":"Filtrasyon Teknolojileri Filtrasyon sistemleri, suyun i\u00e7erisinde bulunan ask\u0131daki kat\u0131 maddelerin (tortu, pas, \u00e7amur, kum ve benzeri partik\u00fcllerin) etkin \u015fekilde uzakla\u015ft\u0131r\u0131lmas\u0131n\u0131","og_url":"http:\/\/bnreo.com.tr\/en\/filtrasyon-teknolojileri\/","og_site_name":"Bnreo | Su Ar\u0131tma Cihazlar\u0131","article_modified_time":"2025-06-24T01:07:01+00:00","twitter_card":"summary_large_image","twitter_misc":{"Est. reading time":"3 minutes"},"schema":{"@context":"https:\/\/schema.org","@graph":[{"@type":"WebPage","@id":"https:\/\/bnreo.com.tr\/filtrasyon-teknolojileri\/","url":"https:\/\/bnreo.com.tr\/filtrasyon-teknolojileri\/","name":"Filtrasyon Teknolojileri - Bnreo | Su Ar\u0131tma Cihazlar\u0131","isPartOf":{"@id":"https:\/\/bnreo.com.tr\/#website"},"datePublished":"2025-06-24T01:00:28+00:00","dateModified":"2025-06-24T01:07:01+00:00","breadcrumb":{"@id":"https:\/\/bnreo.com.tr\/filtrasyon-teknolojileri\/#breadcrumb"},"inLanguage":"en-US","potentialAction":[{"@type":"ReadAction","target":["https:\/\/bnreo.com.tr\/filtrasyon-teknolojileri\/"]}]},{"@type":"BreadcrumbList","@id":"https:\/\/bnreo.com.tr\/filtrasyon-teknolojileri\/#breadcrumb","itemListElement":[{"@type":"ListItem","position":1,"name":"Anasayfa","item":"https:\/\/bnreo.com.tr\/"},{"@type":"ListItem","position":2,"name":"Filtrasyon Teknolojileri"}]},{"@type":"WebSite","@id":"https:\/\/bnreo.com.tr\/#website","url":"https:\/\/bnreo.com.tr\/","name":"Bnreo | Su Ar\u0131tma Cihazlar\u0131","description":"Bnreo | Su Ar\u0131tma Cihazlar\u0131","potentialAction":[{"@type":"SearchAction","target":{"@type":"EntryPoint","urlTemplate":"https:\/\/bnreo.com.tr\/?s={search_term_string}"},"query-input":{"@type":"PropertyValueSpecification","valueRequired":true,"valueName":"search_term_string"}}],"inLanguage":"en-US"}]}},"_links":{"self":[{"href":"http:\/\/bnreo.com.tr\/en\/wp-json\/wp\/v2\/pages\/28044","targetHints":{"allow":["GET"]}}],"collection":[{"href":"http:\/\/bnreo.com.tr\/en\/wp-json\/wp\/v2\/pages"}],"about":[{"href":"http:\/\/bnreo.com.tr\/en\/wp-json\/wp\/v2\/types\/page"}],"author":[{"embeddable":true,"href":"http:\/\/bnreo.com.tr\/en\/wp-json\/wp\/v2\/users\/1"}],"replies":[{"embeddable":true,"href":"http:\/\/bnreo.com.tr\/en\/wp-json\/wp\/v2\/comments?post=28044"}],"version-history":[{"count":4,"href":"http:\/\/bnreo.com.tr\/en\/wp-json\/wp\/v2\/pages\/28044\/revisions"}],"predecessor-version":[{"id":28065,"href":"http:\/\/bnreo.com.tr\/en\/wp-json\/wp\/v2\/pages\/28044\/revisions\/28065"}],"wp:attachment":[{"href":"http:\/\/bnreo.com.tr\/en\/wp-json\/wp\/v2\/media?parent=28044"}],"curies":[{"name":"wp","href":"https:\/\/api.w.org\/{rel}","templated":true}]}}