{"id":4400,"date":"2021-10-12T15:51:09","date_gmt":"2021-10-12T15:51:09","guid":{"rendered":"http:\/\/dummy.xtemos.com\/woodmart2\/elementor\/?page_id=4400"},"modified":"2025-06-24T03:33:36","modified_gmt":"2025-06-24T00:33:36","slug":"hakkimizda","status":"publish","type":"page","link":"http:\/\/bnreo.com.tr\/de\/hakkimizda\/","title":{"rendered":"\u00dcber uns"},"content":{"rendered":"<div data-elementor-type=\"wp-page\" data-elementor-id=\"4400\" class=\"elementor elementor-4400\">\n\t\t\t\t<div class=\"wd-negative-gap elementor-element elementor-element-120f4fd e-flex e-con-boxed elementor-invisible e-con e-parent\" data-id=\"120f4fd\" data-element_type=\"container\" data-settings=\"{&quot;animation&quot;:&quot;fadeInUp&quot;}\">\n\t\t\t\t\t<div class=\"e-con-inner\">\n\t\t<div class=\"elementor-element elementor-element-30e098c e-con-full e-flex e-con e-child\" data-id=\"30e098c\" data-element_type=\"container\">\n\t\t\t\t<div class=\"elementor-element elementor-element-173aa66 elementor-widget elementor-widget-image\" data-id=\"173aa66\" data-element_type=\"widget\" data-widget_type=\"image.default\">\n\t\t\t\t<div class=\"elementor-widget-container\">\n\t\t\t\t\t\t\t\t\t\t\t\t\t\t\t<img fetchpriority=\"high\" decoding=\"async\" width=\"1240\" height=\"720\" src=\"https:\/\/bnreo.com.tr\/wp-content\/uploads\/2025\/06\/Adsiz-tasarim-2.png\" class=\"attachment-large size-large wp-image-27988\" alt=\"\" srcset=\"https:\/\/bnreo.com.tr\/wp-content\/uploads\/2025\/06\/Adsiz-tasarim-2.png 1240w, https:\/\/bnreo.com.tr\/wp-content\/uploads\/2025\/06\/Adsiz-tasarim-2-400x232.png 400w, https:\/\/bnreo.com.tr\/wp-content\/uploads\/2025\/06\/Adsiz-tasarim-2-768x446.png 768w, https:\/\/bnreo.com.tr\/wp-content\/uploads\/2025\/06\/Adsiz-tasarim-2-18x10.png 18w, https:\/\/bnreo.com.tr\/wp-content\/uploads\/2025\/06\/Adsiz-tasarim-2-430x250.png 430w, https:\/\/bnreo.com.tr\/wp-content\/uploads\/2025\/06\/Adsiz-tasarim-2-700x406.png 700w, https:\/\/bnreo.com.tr\/wp-content\/uploads\/2025\/06\/Adsiz-tasarim-2-150x87.png 150w\" sizes=\"(max-width: 1240px) 100vw, 1240px\" \/>\t\t\t\t\t\t\t\t\t\t\t\t\t\t\t<\/div>\n\t\t\t\t<\/div>\n\t\t\t\t<\/div>\n\t\t<div class=\"elementor-element elementor-element-319ce42 e-con-full e-flex e-con e-child\" data-id=\"319ce42\" data-element_type=\"container\">\n\t\t\t\t<div class=\"elementor-element elementor-element-51be62e elementor-widget elementor-widget-heading\" data-id=\"51be62e\" data-element_type=\"widget\" data-widget_type=\"heading.default\">\n\t\t\t\t<div class=\"elementor-widget-container\">\n\t\t\t\t\t<h2 class=\"elementor-heading-title elementor-size-default\">Bnreo Wasseraufbereitungssysteme\n<\/h2>\t\t\t\t<\/div>\n\t\t\t\t<\/div>\n\t\t\t\t<div class=\"elementor-element elementor-element-95e431e color-scheme-inherit text-left elementor-widget elementor-widget-text-editor\" data-id=\"95e431e\" data-element_type=\"widget\" data-widget_type=\"text-editor.default\">\n\t\t\t\t<div class=\"elementor-widget-container\">\n\t\t\t\t\t\t\t\t\t<p data-start=\"218\" data-end=\"565\"><strong data-start=\"218\" data-end=\"258\">Ergin Technical Wasseraufbereitungstechnologien<\/strong>, seit 2009 <strong data-start=\"282\" data-end=\"329\">Starke Importinfrastruktur f\u00fcr den Wasseraufbereitungssektor<\/strong> weiterhin Mehrwert schafft mit. <strong data-start=\"372\" data-end=\"432\">eine breite Produktpalette im Gro\u00df- und Einzelhandel<\/strong>, beide <strong data-start=\"442\" data-end=\"470\">mit industriellen L\u00f6sungen<\/strong>, im Bereich der Wasseraufbereitungstechnologien in der gesamten T\u00fcrkei <strong data-start=\"523\" data-end=\"549\">unter den f\u00fchrenden Unternehmen<\/strong> befindet.<\/p><p data-start=\"567\" data-end=\"996\">Seine St\u00e4rke in der Branche ist sein eingetragenes Markenzeichen <strong data-start=\"608\" data-end=\"617\">BNREO<\/strong> Unser Unternehmen ist unter einem Dach versammelt;<br data-start=\"656\" data-end=\"659\" \/>\u2714\ufe0f Hochwertige Produkte,<br data-start=\"686\" data-end=\"689\" \/>\u2714\ufe0f Zuverl\u00e4ssiger und nachhaltiger Serviceansatz,<br data-start=\"736\" data-end=\"739\" \/>\u2714\ufe0f Reichhaltige Ersatzteil- und Produktvielfalt,<br data-start=\"781\" data-end=\"784\" \/>\u2714\ufe0f Starke Lagerkapazit\u00e4t,<br data-start=\"809\" data-end=\"812\" \/>\u2714\ufe0f J\u00e4hrlich aktualisierte Produkttechnologien,<br data-start=\"854\" data-end=\"857\" \/>\u2714\ufe0f P\u00e4dagogische Unterst\u00fctzung basierend auf Wissens- und Erfahrungsaustausch<br data-start=\"913\" data-end=\"916\" \/>mit <strong data-start=\"920\" data-end=\"971\">Die Kundenzufriedenheit ist immer auf h\u00f6chstem Niveau<\/strong> hat das Prinzip der Aufbewahrung \u00fcbernommen.<\/p><p data-start=\"998\" data-end=\"1302\"><strong data-start=\"998\" data-end=\"1014\">Ergin Technische<\/strong>ist mehr als nur ein vertriebsorientiertes Unternehmen; es ist eine Organisation, die die Branche leitet, die Entwicklung unterst\u00fctzt und sich durch Zuverl\u00e4ssigkeit auszeichnet. Mit unserer Marke BNREO sind wir in der gesamten T\u00fcrkei t\u00e4tig. <strong data-start=\"1197\" data-end=\"1226\">Fl\u00e4chendeckendes Servicenetz in 81 Provinzen<\/strong>Wir machen den Unterschied durch professionellen technischen Support und schnelle Ersatzteilversorgung.<\/p>\t\t\t\t\t\t\t\t<\/div>\n\t\t\t\t<\/div>\n\t\t\t\t<\/div>\n\t\t\t\t\t<\/div>\n\t\t\t\t<\/div>\n\t\t<div class=\"wd-negative-gap elementor-element elementor-element-c8ad4b9 e-flex e-con-boxed elementor-invisible e-con e-parent\" data-id=\"c8ad4b9\" data-element_type=\"container\" data-settings=\"{&quot;animation&quot;:&quot;fadeInUp&quot;}\">\n\t\t\t\t\t<div class=\"e-con-inner\">\n\t\t<div class=\"elementor-element elementor-element-9afa350 e-con-full e-flex e-con e-child\" data-id=\"9afa350\" data-element_type=\"container\">\n\t\t\t\t<div class=\"elementor-element elementor-element-5ee195d elementor-widget elementor-widget-heading\" data-id=\"5ee195d\" data-element_type=\"widget\" data-widget_type=\"heading.default\">\n\t\t\t\t<div class=\"elementor-widget-container\">\n\t\t\t\t\t<h2 class=\"elementor-heading-title elementor-size-default\">Warum BNREO?\n<\/h2>\t\t\t\t<\/div>\n\t\t\t\t<\/div>\n\t\t\t\t<div class=\"elementor-element elementor-element-96b054a color-scheme-inherit text-left elementor-widget elementor-widget-text-editor\" data-id=\"96b054a\" data-element_type=\"widget\" data-widget_type=\"text-editor.default\">\n\t\t\t\t<div class=\"elementor-widget-container\">\n\t\t\t\t\t\t\t\t\t<p data-start=\"222\" data-end=\"449\">Sauberes und sicheres Wasser ist die Grundlage f\u00fcr ein gesundes Leben. Bei BNREO reinigen wir nicht nur Wasser; wir bieten sichere Trinkwasserl\u00f6sungen, die Ihre Lebensqualit\u00e4t verbessern, Ihre Gesundheit sch\u00fctzen und Ihre Sicherheit gew\u00e4hrleisten.<\/p><p data-start=\"451\" data-end=\"485\">Dank unserer Wasseraufbereitungssysteme:<\/p><ul data-start=\"487\" data-end=\"1089\"><li data-start=\"487\" data-end=\"569\"><p data-start=\"489\" data-end=\"569\">Sie k\u00f6nnen den t\u00e4glichen Wasserbedarf Ihres K\u00f6rpers mit sauberem und gesundem Wasser decken,<\/p><\/li><li data-start=\"570\" data-end=\"675\"><p data-start=\"572\" data-end=\"675\">Sie k\u00f6nnen potenziellen Gesundheitsproblemen vorbeugen, indem Sie Chlor und Schadstoffe aus dem Wasser entfernen.<\/p><\/li><li data-start=\"676\" data-end=\"730\"><p data-start=\"678\" data-end=\"730\">Kann das Risiko von durch Wasser \u00fcbertragenen Krankheiten minimieren,<\/p><\/li><li data-start=\"731\" data-end=\"832\"><p data-start=\"733\" data-end=\"832\">Sie k\u00f6nnen Gesundheits- und Sicherheitsrisiken ausschlie\u00dfen, die w\u00e4hrend des Transports und der Lagerung auftreten k\u00f6nnen.<\/p><\/li><li data-start=\"833\" data-end=\"937\"><p data-start=\"835\" data-end=\"937\">Sie k\u00f6nnen verhindern, dass in Geb\u00e4udetanks angesammelte Ablagerungen und Verunreinigungen mit Ihrem Trinkwasser in Ber\u00fchrung kommen.<\/p><\/li><li data-start=\"938\" data-end=\"1013\"><p data-start=\"940\" data-end=\"1013\">Sie k\u00f6nnen vor sch\u00e4dlichen Chemikalien gesch\u00fctzt werden, die aus Kunststoffen wie Korbflaschen stammen,<\/p><\/li><li data-start=\"1014\" data-end=\"1089\"><p data-start=\"1016\" data-end=\"1089\">So k\u00f6nnen Sie Ihren t\u00e4glichen Mineralstoffbedarf ausgewogen und regelm\u00e4\u00dfig decken.<\/p><\/li><\/ul><p data-start=\"1091\" data-end=\"1368\">BNREO-Wasseraufbereitungssysteme filtern effektiv unangenehme Ger\u00fcche, Chlor, Sedimente und Feststoffe heraus und erzeugen klares, wohlschmeckendes und nat\u00fcrliches Trinkwasser. Dieses Wasser ist sicher f\u00fcr die ganze Familie, sch\u00fctzt Ihre Gesundheit und verbessert Ihren Lebensstandard.<\/p><p data-start=\"1370\" data-end=\"1505\">Mit BNREO reinigen Sie nicht nur Wasser, sondern auch einen gesunden und friedlichen Lebensstil. Investieren Sie mit jedem Schluck, den Sie mit Ihren Lieben trinken, in Ihre Zukunft.<\/p>\t\t\t\t\t\t\t\t<\/div>\n\t\t\t\t<\/div>\n\t\t\t\t<\/div>\n\t\t<div class=\"elementor-element elementor-element-329b55b e-con-full e-flex e-con e-child\" data-id=\"329b55b\" data-element_type=\"container\">\n\t\t\t\t<div class=\"elementor-element elementor-element-2f0c6fa elementor-widget elementor-widget-image\" data-id=\"2f0c6fa\" data-element_type=\"widget\" data-widget_type=\"image.default\">\n\t\t\t\t<div class=\"elementor-widget-container\">\n\t\t\t\t\t\t\t\t\t\t\t\t\t\t\t<img decoding=\"async\" width=\"1240\" height=\"720\" src=\"https:\/\/bnreo.com.tr\/wp-content\/uploads\/2025\/06\/1-1.png\" class=\"attachment-large size-large wp-image-27921\" alt=\"\" srcset=\"https:\/\/bnreo.com.tr\/wp-content\/uploads\/2025\/06\/1-1.png 1240w, https:\/\/bnreo.com.tr\/wp-content\/uploads\/2025\/06\/1-1-400x232.png 400w, https:\/\/bnreo.com.tr\/wp-content\/uploads\/2025\/06\/1-1-768x446.png 768w, https:\/\/bnreo.com.tr\/wp-content\/uploads\/2025\/06\/1-1-18x10.png 18w, https:\/\/bnreo.com.tr\/wp-content\/uploads\/2025\/06\/1-1-430x250.png 430w, https:\/\/bnreo.com.tr\/wp-content\/uploads\/2025\/06\/1-1-700x406.png 700w, https:\/\/bnreo.com.tr\/wp-content\/uploads\/2025\/06\/1-1-150x87.png 150w\" sizes=\"(max-width: 1240px) 100vw, 1240px\" \/>\t\t\t\t\t\t\t\t\t\t\t\t\t\t\t<\/div>\n\t\t\t\t<\/div>\n\t\t\t\t<\/div>\n\t\t\t\t\t<\/div>\n\t\t\t\t<\/div>\n\t\t<div class=\"wd-negative-gap elementor-element elementor-element-645d482 e-flex e-con-boxed elementor-invisible e-con e-parent\" data-id=\"645d482\" data-element_type=\"container\" data-settings=\"{&quot;animation&quot;:&quot;fadeInUp&quot;}\">\n\t\t\t\t\t<div class=\"e-con-inner\">\n\t\t<div class=\"elementor-element elementor-element-1f0a89a e-con-full e-flex e-con e-child\" data-id=\"1f0a89a\" data-element_type=\"container\">\n\t\t\t\t<div class=\"elementor-element elementor-element-8bbd2fe elementor-widget elementor-widget-heading\" data-id=\"8bbd2fe\" data-element_type=\"widget\" data-widget_type=\"heading.default\">\n\t\t\t\t<div class=\"elementor-widget-container\">\n\t\t\t\t\t<h2 class=\"elementor-heading-title elementor-size-default\">Unsere Mission<\/h2>\t\t\t\t<\/div>\n\t\t\t\t<\/div>\n\t\t\t\t<div class=\"elementor-element elementor-element-f45e56c color-scheme-inherit text-left elementor-widget elementor-widget-text-editor\" data-id=\"f45e56c\" data-element_type=\"widget\" data-widget_type=\"text-editor.default\">\n\t\t\t\t<div class=\"elementor-widget-container\">\n\t\t\t\t\t\t\t\t\t<p data-start=\"254\" data-end=\"650\">Als BNREO besteht unsere Mission darin, die Dienste bereitzustellen, die Einzelpersonen und Institutionen ben\u00f6tigen. <strong data-start=\"320\" data-end=\"365\">Zugang zu sauberem, gesundem und sicherem Wasser<\/strong> um sicherzustellen, <strong data-start=\"376\" data-end=\"418\">hochwertige Wasseraufbereitungssysteme<\/strong> Unser Ziel ist es, durch die Kombination fortschrittlicher Technologien nachhaltige L\u00f6sungen bereitzustellen. In jedem Projekt; <strong data-start=\"503\" data-end=\"543\">umweltfreundlich, sparsam und langlebig<\/strong> Durch die Entwicklung von Systemen wollen wir die Lebensqualit\u00e4t verbessern und die Erwartungen unserer Kunden \u00fcbertreffen.<\/p>\t\t\t\t\t\t\t\t<\/div>\n\t\t\t\t<\/div>\n\t\t\t\t<\/div>\n\t\t<div class=\"elementor-element elementor-element-26a0865 e-con-full e-flex e-con e-child\" data-id=\"26a0865\" data-element_type=\"container\">\n\t\t\t\t<div class=\"elementor-element elementor-element-b9ebb6a elementor-widget elementor-widget-heading\" data-id=\"b9ebb6a\" data-element_type=\"widget\" data-widget_type=\"heading.default\">\n\t\t\t\t<div class=\"elementor-widget-container\">\n\t\t\t\t\t<h2 class=\"elementor-heading-title elementor-size-default\">Unsere Vision<\/h2>\t\t\t\t<\/div>\n\t\t\t\t<\/div>\n\t\t\t\t<div class=\"elementor-element elementor-element-08cced2 color-scheme-inherit text-left elementor-widget elementor-widget-text-editor\" data-id=\"08cced2\" data-element_type=\"widget\" data-widget_type=\"text-editor.default\">\n\t\t\t\t<div class=\"elementor-widget-container\">\n\t\t\t\t\t\t\t\t\t<p data-start=\"677\" data-end=\"1092\">\u00dcberall in der T\u00fcrkei <strong data-start=\"706\" data-end=\"742\">im Bereich der industriellen Wasseraufbereitung<\/strong> Eine f\u00fchrende, zuverl\u00e4ssige und bevorzugte Marke zu sein. Mit unserem Serviceansatz, der globalen Standards entspricht, <strong data-start=\"836\" data-end=\"878\">durch die Entwicklung innovationsbasierter Produkte<\/strong> Unsere Vision ist es, L\u00f6sungen nicht nur f\u00fcr den heutigen, sondern auch f\u00fcr den zuk\u00fcnftigen Wasserbedarf bereitzustellen. <strong data-start=\"955\" data-end=\"1016\">Standardisierung des Zugangs zu sauberem Wasser in jedem Sektor<\/strong> und BNREO <strong data-start=\"1029\" data-end=\"1071\">eine bekannte Marke auf dem internationalen Markt<\/strong> ist, sich in Position zu bewegen.<\/p>\t\t\t\t\t\t\t\t<\/div>\n\t\t\t\t<\/div>\n\t\t\t\t<\/div>\n\t\t\t\t\t<\/div>\n\t\t\t\t<\/div>\n\t\t<div class=\"wd-negative-gap elementor-element elementor-element-d313ea7 e-flex e-con-boxed elementor-invisible e-con e-parent\" data-id=\"d313ea7\" data-element_type=\"container\" data-settings=\"{&quot;animation&quot;:&quot;fadeInUp&quot;}\">\n\t\t\t\t\t<div class=\"e-con-inner\">\n\t\t<div class=\"elementor-element elementor-element-e1730b5 e-con-full e-flex e-con e-child\" data-id=\"e1730b5\" data-element_type=\"container\">\n\t\t\t\t<div class=\"elementor-element elementor-element-fdc0119 elementor-widget elementor-widget-heading\" data-id=\"fdc0119\" data-element_type=\"widget\" data-widget_type=\"heading.default\">\n\t\t\t\t<div class=\"elementor-widget-container\">\n\t\t\t\t\t<h2 class=\"elementor-heading-title elementor-size-default\">Unsere Werte<\/h2>\t\t\t\t<\/div>\n\t\t\t\t<\/div>\n\t\t\t\t<div class=\"elementor-element elementor-element-66f57af color-scheme-inherit text-left elementor-widget elementor-widget-text-editor\" data-id=\"66f57af\" data-element_type=\"widget\" data-widget_type=\"text-editor.default\">\n\t\t\t\t<div class=\"elementor-widget-container\">\n\t\t\t\t\t\t\t\t\t<h3 data-start=\"240\" data-end=\"259\">\ud83d\udca1 Unsere Werte<\/h3><p data-start=\"261\" data-end=\"448\">Als BNREO bieten wir in jedem Bereich, in dem wir t\u00e4tig sind, nicht nur Produkte an; <strong data-start=\"330\" data-end=\"348\">Wertsch\u00f6pfung<\/strong> Unsere Grundwerte, die unsere Unternehmenskultur und unseren Serviceansatz pr\u00e4gen, sind:<\/p><hr data-start=\"450\" data-end=\"453\" \/><h4 data-start=\"455\" data-end=\"484\">\u2705 <strong data-start=\"462\" data-end=\"482\">Qualit\u00e4tsfokus<\/strong><\/h4><p data-start=\"485\" data-end=\"782\">Wir legen bei all unseren Produkten und Dienstleistungen h\u00f6chsten Wert auf hohe Qualit\u00e4tsstandards. Von der Produktion und Installation bis hin zum Kundendienst und technischen Support steht die Qualit\u00e4tskontrolle in jeder Phase an erster Stelle. Denn wir sind \u00fcberzeugt, dass eine lebenswichtige Ressource wie Wasser nur durch die Reinigung nach h\u00f6chsten Standards sicher bereitgestellt werden kann.<\/p><hr data-start=\"784\" data-end=\"787\" \/><h4 data-start=\"789\" data-end=\"825\">\ud83d\udd27 <strong data-start=\"797\" data-end=\"823\">Innovation und Technologie<\/strong><\/h4><p data-start=\"826\" data-end=\"1137\">Wir beobachten die sich st\u00e4ndig weiterentwickelnden globalen Technologien aufmerksam und bieten unseren Kunden innovative L\u00f6sungen, die einen Mehrwert f\u00fcr die Branche schaffen. Unser forschungs- und entwicklungsorientierter Ansatz erm\u00f6glicht es uns, Wasseraufbereitungssysteme effizienter, kompakter und umweltfreundlicher zu gestalten. Innovation ist f\u00fcr uns nicht nur eine Wahl, sondern eine Verantwortung.<\/p><hr data-start=\"1139\" data-end=\"1142\" \/><h4 data-start=\"1144\" data-end=\"1177\">\ud83d\udc65 <strong data-start=\"1152\" data-end=\"1175\">Kundenzufriedenheit<\/strong><\/h4><p data-start=\"1178\" data-end=\"1443\">Wir analysieren sorgf\u00e4ltig die Bed\u00fcrfnisse jedes Kunden und m\u00f6chten seine Erwartungen nicht nur erf\u00fcllen, sondern \u00fcbertreffen. Von der Beratung vor dem Verkauf bis zum technischen Kundendienst nach dem Verkauf bieten wir in jeder Phase umfassenden Service. <strong data-start=\"1359\" data-end=\"1397\">freundlicher und l\u00f6sungsorientierter Service<\/strong> sunarak, %100 memnuniyet ilkemizi s\u00fcrd\u00fcr\u00fcr\u00fcz.<\/p><hr data-start=\"1445\" data-end=\"1448\" \/><h4 data-start=\"1450\" data-end=\"1482\">\ud83c\udf3f <strong data-start=\"1458\" data-end=\"1480\">Umweltbewusstsein<\/strong><\/h4><p data-start=\"1483\" data-end=\"1749\">Wir sind uns des Werts von Wasser bewusst und legen Wert auf den Schutz der Natur durch umweltfreundliche Produktions- und Dienstleistungsrichtlinien. Mit Systemen zur Reduzierung des Kunststoffverbrauchs tragen wir zur Verringerung unseres CO2-Fu\u00dfabdrucks bei. <strong data-start=\"1682\" data-end=\"1725\">eine lebenswerte Welt f\u00fcr zuk\u00fcnftige Generationen<\/strong> Unser Ziel ist es, aufzuh\u00f6ren.<\/p><hr data-start=\"1751\" data-end=\"1754\" \/><h4 data-start=\"1756\" data-end=\"1796\">\ud83d\udee0\ufe0f <strong data-start=\"1765\" data-end=\"1794\">Verl\u00e4sslichkeit und Transparenz<\/strong><\/h4><p data-start=\"1797\" data-end=\"2043\">Jede Beziehung, die wir mit unseren Kunden aufbauen, <strong data-start=\"1837\" data-end=\"1876\">gegenseitiges Vertrauen und transparente Kommunikation<\/strong> Es basiert auf der Kundenzufriedenheit. Wir informieren stets klar und deutlich \u00fcber die Leistung unserer Produkte, die Wartungskosten und die Systemdetails. Bei unserer Integrit\u00e4t gehen wir keine Kompromisse ein.<\/p><hr data-start=\"2045\" data-end=\"2048\" \/><h4 data-start=\"2050\" data-end=\"2081\">\ud83d\udd04 <strong data-start=\"2058\" data-end=\"2079\">Nachhaltigkeit<\/strong><\/h4><p data-start=\"2082\" data-end=\"2335\">Wir entwickeln langlebige, effiziente L\u00f6sungen und ber\u00fccksichtigen dabei nicht nur die Gegenwart, sondern auch die Zukunft. Durch regelm\u00e4\u00dfige Wartung und technischen Support behalten unsere Systeme ihre urspr\u00fcngliche Leistung \u00fcber Jahre hinweg. Das sichert nachhaltigen Schutz von Ressourcen und Kundeninvestitionen.<\/p><hr data-start=\"2337\" data-end=\"2340\" \/><h4 data-start=\"2342\" data-end=\"2381\">\ud83c\udf93 <strong data-start=\"2350\" data-end=\"2379\">Bildung und Wissensaustausch<\/strong><\/h4><p data-start=\"2382\" data-end=\"2696\">Um zur sektoralen Entwicklung beizutragen <strong data-start=\"2424\" data-end=\"2517\">Wir informieren und verbessern unsere Kunden, Gesch\u00e4ftspartner und Mitarbeiter st\u00e4ndig.<\/strong> Durch Benutzerschulungen nach der Installation, Systeminformationsdokumente und technische Schulungen steigern wir den Wissensstand unserer Kunden und sorgen f\u00fcr eine effektivere Nutzung der Systeme.<\/p>\t\t\t\t\t\t\t\t<\/div>\n\t\t\t\t<\/div>\n\t\t\t\t<\/div>\n\t\t\t\t\t<\/div>\n\t\t\t\t<\/div>\n\t\t\t\t<\/div>","protected":false},"excerpt":{"rendered":"<p>Bnreo Su Ar\u0131tma Sistemleri Ergin Teknik Su Ar\u0131tma Teknolojileri, 2009 y\u0131l\u0131ndan bu yana su ar\u0131tma sekt\u00f6r\u00fcne g\u00fc\u00e7l\u00fc ithalat altyap\u0131s\u0131 ile<\/p>","protected":false},"author":1,"featured_media":0,"parent":0,"menu_order":0,"comment_status":"closed","ping_status":"closed","template":"elementor_header_footer","meta":{"footnotes":""},"class_list":["post-4400","page","type-page","status-publish","hentry"],"yoast_head":"<!-- This site is optimized with the Yoast SEO plugin v25.3.1 - https:\/\/yoast.com\/wordpress\/plugins\/seo\/ -->\n<title>Hakk\u0131m\u0131zda - Bnreo | Su Ar\u0131tma Cihazlar\u0131<\/title>\n<meta name=\"robots\" content=\"index, follow, max-snippet:-1, max-image-preview:large, max-video-preview:-1\" \/>\n<link rel=\"canonical\" href=\"http:\/\/bnreo.com.tr\/de\/hakkimizda\/\" \/>\n<meta property=\"og:locale\" content=\"de_DE\" \/>\n<meta property=\"og:type\" content=\"article\" \/>\n<meta property=\"og:title\" content=\"Hakk\u0131m\u0131zda - Bnreo | Su Ar\u0131tma Cihazlar\u0131\" \/>\n<meta property=\"og:description\" content=\"Bnreo Su Ar\u0131tma Sistemleri Ergin Teknik Su Ar\u0131tma Teknolojileri, 2009 y\u0131l\u0131ndan bu yana su ar\u0131tma sekt\u00f6r\u00fcne g\u00fc\u00e7l\u00fc ithalat altyap\u0131s\u0131 ile\" \/>\n<meta property=\"og:url\" content=\"http:\/\/bnreo.com.tr\/de\/hakkimizda\/\" \/>\n<meta property=\"og:site_name\" content=\"Bnreo | Su Ar\u0131tma Cihazlar\u0131\" \/>\n<meta property=\"article:modified_time\" content=\"2025-06-24T00:33:36+00:00\" \/>\n<meta property=\"og:image\" content=\"https:\/\/bnreo.com.tr\/wp-content\/uploads\/2025\/06\/Adsiz-tasarim-2.png\" \/>\n\t<meta property=\"og:image:width\" content=\"1240\" \/>\n\t<meta property=\"og:image:height\" content=\"720\" \/>\n\t<meta property=\"og:image:type\" content=\"image\/png\" \/>\n<meta name=\"twitter:card\" content=\"summary_large_image\" \/>\n<meta name=\"twitter:label1\" content=\"Gesch\u00e4tzte Lesezeit\" \/>\n\t<meta name=\"twitter:data1\" content=\"5\u00a0Minuten\" \/>\n<script type=\"application\/ld+json\" class=\"yoast-schema-graph\">{\"@context\":\"https:\/\/schema.org\",\"@graph\":[{\"@type\":\"WebPage\",\"@id\":\"https:\/\/bnreo.com.tr\/hakkimizda\/\",\"url\":\"https:\/\/bnreo.com.tr\/hakkimizda\/\",\"name\":\"Hakk\u0131m\u0131zda - Bnreo | Su Ar\u0131tma Cihazlar\u0131\",\"isPartOf\":{\"@id\":\"https:\/\/bnreo.com.tr\/#website\"},\"primaryImageOfPage\":{\"@id\":\"https:\/\/bnreo.com.tr\/hakkimizda\/#primaryimage\"},\"image\":{\"@id\":\"https:\/\/bnreo.com.tr\/hakkimizda\/#primaryimage\"},\"thumbnailUrl\":\"https:\/\/bnreo.com.tr\/wp-content\/uploads\/2025\/06\/Adsiz-tasarim-2.png\",\"datePublished\":\"2021-10-12T15:51:09+00:00\",\"dateModified\":\"2025-06-24T00:33:36+00:00\",\"breadcrumb\":{\"@id\":\"https:\/\/bnreo.com.tr\/hakkimizda\/#breadcrumb\"},\"inLanguage\":\"de\",\"potentialAction\":[{\"@type\":\"ReadAction\",\"target\":[\"https:\/\/bnreo.com.tr\/hakkimizda\/\"]}]},{\"@type\":\"ImageObject\",\"inLanguage\":\"de\",\"@id\":\"https:\/\/bnreo.com.tr\/hakkimizda\/#primaryimage\",\"url\":\"https:\/\/bnreo.com.tr\/wp-content\/uploads\/2025\/06\/Adsiz-tasarim-2.png\",\"contentUrl\":\"https:\/\/bnreo.com.tr\/wp-content\/uploads\/2025\/06\/Adsiz-tasarim-2.png\"},{\"@type\":\"BreadcrumbList\",\"@id\":\"https:\/\/bnreo.com.tr\/hakkimizda\/#breadcrumb\",\"itemListElement\":[{\"@type\":\"ListItem\",\"position\":1,\"name\":\"Anasayfa\",\"item\":\"https:\/\/bnreo.com.tr\/\"},{\"@type\":\"ListItem\",\"position\":2,\"name\":\"Hakk\u0131m\u0131zda\"}]},{\"@type\":\"WebSite\",\"@id\":\"https:\/\/bnreo.com.tr\/#website\",\"url\":\"https:\/\/bnreo.com.tr\/\",\"name\":\"Bnreo | Su Ar\u0131tma Cihazlar\u0131\",\"description\":\"Bnreo | Su Ar\u0131tma Cihazlar\u0131\",\"potentialAction\":[{\"@type\":\"SearchAction\",\"target\":{\"@type\":\"EntryPoint\",\"urlTemplate\":\"https:\/\/bnreo.com.tr\/?s={search_term_string}\"},\"query-input\":{\"@type\":\"PropertyValueSpecification\",\"valueRequired\":true,\"valueName\":\"search_term_string\"}}],\"inLanguage\":\"de\"}]}<\/script>\n<!-- \/ Yoast SEO plugin. -->","yoast_head_json":{"title":"Hakk\u0131m\u0131zda - Bnreo | Su Ar\u0131tma Cihazlar\u0131","robots":{"index":"index","follow":"follow","max-snippet":"max-snippet:-1","max-image-preview":"max-image-preview:large","max-video-preview":"max-video-preview:-1"},"canonical":"http:\/\/bnreo.com.tr\/de\/hakkimizda\/","og_locale":"de_DE","og_type":"article","og_title":"Hakk\u0131m\u0131zda - Bnreo | Su Ar\u0131tma Cihazlar\u0131","og_description":"Bnreo Su Ar\u0131tma Sistemleri Ergin Teknik Su Ar\u0131tma Teknolojileri, 2009 y\u0131l\u0131ndan bu yana su ar\u0131tma sekt\u00f6r\u00fcne g\u00fc\u00e7l\u00fc ithalat altyap\u0131s\u0131 ile","og_url":"http:\/\/bnreo.com.tr\/de\/hakkimizda\/","og_site_name":"Bnreo | Su Ar\u0131tma Cihazlar\u0131","article_modified_time":"2025-06-24T00:33:36+00:00","og_image":[{"width":1240,"height":720,"url":"https:\/\/bnreo.com.tr\/wp-content\/uploads\/2025\/06\/Adsiz-tasarim-2.png","type":"image\/png"}],"twitter_card":"summary_large_image","twitter_misc":{"Gesch\u00e4tzte Lesezeit":"5\u00a0Minuten"},"schema":{"@context":"https:\/\/schema.org","@graph":[{"@type":"WebPage","@id":"https:\/\/bnreo.com.tr\/hakkimizda\/","url":"https:\/\/bnreo.com.tr\/hakkimizda\/","name":"Hakk\u0131m\u0131zda - Bnreo | Su Ar\u0131tma Cihazlar\u0131","isPartOf":{"@id":"https:\/\/bnreo.com.tr\/#website"},"primaryImageOfPage":{"@id":"https:\/\/bnreo.com.tr\/hakkimizda\/#primaryimage"},"image":{"@id":"https:\/\/bnreo.com.tr\/hakkimizda\/#primaryimage"},"thumbnailUrl":"https:\/\/bnreo.com.tr\/wp-content\/uploads\/2025\/06\/Adsiz-tasarim-2.png","datePublished":"2021-10-12T15:51:09+00:00","dateModified":"2025-06-24T00:33:36+00:00","breadcrumb":{"@id":"https:\/\/bnreo.com.tr\/hakkimizda\/#breadcrumb"},"inLanguage":"de","potentialAction":[{"@type":"ReadAction","target":["https:\/\/bnreo.com.tr\/hakkimizda\/"]}]},{"@type":"ImageObject","inLanguage":"de","@id":"https:\/\/bnreo.com.tr\/hakkimizda\/#primaryimage","url":"https:\/\/bnreo.com.tr\/wp-content\/uploads\/2025\/06\/Adsiz-tasarim-2.png","contentUrl":"https:\/\/bnreo.com.tr\/wp-content\/uploads\/2025\/06\/Adsiz-tasarim-2.png"},{"@type":"BreadcrumbList","@id":"https:\/\/bnreo.com.tr\/hakkimizda\/#breadcrumb","itemListElement":[{"@type":"ListItem","position":1,"name":"Anasayfa","item":"https:\/\/bnreo.com.tr\/"},{"@type":"ListItem","position":2,"name":"Hakk\u0131m\u0131zda"}]},{"@type":"WebSite","@id":"https:\/\/bnreo.com.tr\/#website","url":"https:\/\/bnreo.com.tr\/","name":"Bnreo | Su Ar\u0131tma Cihazlar\u0131","description":"Bnreo | Su Ar\u0131tma Cihazlar\u0131","potentialAction":[{"@type":"SearchAction","target":{"@type":"EntryPoint","urlTemplate":"https:\/\/bnreo.com.tr\/?s={search_term_string}"},"query-input":{"@type":"PropertyValueSpecification","valueRequired":true,"valueName":"search_term_string"}}],"inLanguage":"de"}]}},"_links":{"self":[{"href":"http:\/\/bnreo.com.tr\/de\/wp-json\/wp\/v2\/pages\/4400","targetHints":{"allow":["GET"]}}],"collection":[{"href":"http:\/\/bnreo.com.tr\/de\/wp-json\/wp\/v2\/pages"}],"about":[{"href":"http:\/\/bnreo.com.tr\/de\/wp-json\/wp\/v2\/types\/page"}],"author":[{"embeddable":true,"href":"http:\/\/bnreo.com.tr\/de\/wp-json\/wp\/v2\/users\/1"}],"replies":[{"embeddable":true,"href":"http:\/\/bnreo.com.tr\/de\/wp-json\/wp\/v2\/comments?post=4400"}],"version-history":[{"count":15,"href":"http:\/\/bnreo.com.tr\/de\/wp-json\/wp\/v2\/pages\/4400\/revisions"}],"predecessor-version":[{"id":27997,"href":"http:\/\/bnreo.com.tr\/de\/wp-json\/wp\/v2\/pages\/4400\/revisions\/27997"}],"wp:attachment":[{"href":"http:\/\/bnreo.com.tr\/de\/wp-json\/wp\/v2\/media?parent=4400"}],"curies":[{"name":"wp","href":"https:\/\/api.w.org\/{rel}","templated":true}]}}