{"id":28209,"date":"2025-06-24T05:13:40","date_gmt":"2025-06-24T02:13:40","guid":{"rendered":"https:\/\/bnreo.com.tr\/?page_id=28209"},"modified":"2025-06-24T05:17:42","modified_gmt":"2025-06-24T02:17:42","slug":"uyelik-sozlesmesi","status":"publish","type":"page","link":"http:\/\/bnreo.com.tr\/de\/uyelik-sozlesmesi\/","title":{"rendered":"Mitgliedschaftsvereinbarung"},"content":{"rendered":"<div data-elementor-type=\"wp-page\" data-elementor-id=\"28209\" class=\"elementor elementor-28209\">\n\t\t\t\t<div class=\"wd-negative-gap elementor-element elementor-element-49f9edf e-flex e-con-boxed elementor-invisible e-con e-parent\" data-id=\"49f9edf\" data-element_type=\"container\" data-settings=\"{&quot;animation&quot;:&quot;fadeInUp&quot;}\">\n\t\t\t\t\t<div class=\"e-con-inner\">\n\t\t<div class=\"elementor-element elementor-element-8274e93 e-con-full e-flex e-con e-child\" data-id=\"8274e93\" data-element_type=\"container\">\n\t\t\t\t<div class=\"elementor-element elementor-element-86c2ac9 color-scheme-inherit text-left elementor-widget elementor-widget-text-editor\" data-id=\"86c2ac9\" data-element_type=\"widget\" data-widget_type=\"text-editor.default\">\n\t\t\t\t<div class=\"elementor-widget-container\">\n\t\t\t\t\t\t\t\t\t<h2 data-start=\"184\" data-end=\"204\">Mitgliedschaftsvereinbarung<\/h2><p data-start=\"206\" data-end=\"364\">Diese Vereinbarung, <a class=\"\" href=\"http:\/\/bnreo.com.tr\/de\/\" target=\"_new\" rel=\"noopener\" data-start=\"221\" data-end=\"237\">www.bnreo.com.tr<\/a> die Person, die Mitglied der Website ist (\u201eMitglied\u201c) und die Person, die die Website verwaltet <strong data-start=\"292\" data-end=\"301\">BNREO<\/strong> (\u201eGesellschaft\u201c) wurde unter den folgenden Bedingungen abgeschlossen.<\/p><h3 data-start=\"366\" data-end=\"381\">1. Parteien<\/h3><ul data-start=\"382\" data-end=\"606\"><li data-start=\"382\" data-end=\"529\"><p data-start=\"384\" data-end=\"529\"><strong data-start=\"384\" data-end=\"400\">Site-Eigent\u00fcmer:<\/strong> BNREO<br data-start=\"406\" data-end=\"409\" \/>Adresse: K\u00fc\u00e7\u00fckhasbah\u00e7e, 606. Sk 5A, 07400 Alanya\/Antalya<br data-start=\"465\" data-end=\"468\" \/>Telefon: +90 544 747 1 747<br data-start=\"496\" data-end=\"499\" \/>E-Mail: <a class=\"cursor-pointer\" rel=\"noopener\" data-start=\"510\" data-end=\"527\">info@bnreo.com.tr<\/a><\/p><\/li><li data-start=\"530\" data-end=\"606\"><p data-start=\"532\" data-end=\"606\"><strong data-start=\"532\" data-end=\"540\">Mitglied:<\/strong> Eine nat\u00fcrliche oder juristische Person, die sich mit ihren eigenen Daten im System registriert.<\/p><\/li><\/ul><h3 data-start=\"608\" data-end=\"619\">Thema 2<\/h3><p data-start=\"620\" data-end=\"760\">Gegenstand dieser Vereinbarung ist das Mitglied <a class=\"\" href=\"http:\/\/bnreo.com.tr\/de\/\" target=\"_new\" rel=\"noopener\" data-start=\"651\" data-end=\"667\">www.bnreo.com.tr<\/a> Es handelt sich um die Festlegung der Rechte und Pflichten im Zusammenhang mit der Nutzung der Domainnamen-Website.<\/p><h3 data-start=\"762\" data-end=\"785\">3. Mitgliedschaftsbedingungen<\/h3><ul data-start=\"786\" data-end=\"1023\"><li data-start=\"786\" data-end=\"864\"><p data-start=\"788\" data-end=\"864\">Das Mitglied verpflichtet sich, dass die bei der Registrierung im System gemachten Angaben wahrheitsgem\u00e4\u00df sind.<\/p><\/li><li data-start=\"865\" data-end=\"946\"><p data-start=\"867\" data-end=\"946\">Die Mitgliedschaft beginnt mit dem Ausf\u00fcllen des Formulars und dem Ankreuzen des K\u00e4stchens \u201eIch akzeptiere\u201c.<\/p><\/li><li data-start=\"947\" data-end=\"1023\"><p data-start=\"949\" data-end=\"1023\">Das Unternehmen beh\u00e4lt sich das Recht vor, Mitgliedschaftsantr\u00e4ge ohne Angabe von Gr\u00fcnden abzulehnen.<\/p><\/li><\/ul><h3 data-start=\"1025\" data-end=\"1053\">4. Pflichten des Mitglieds<\/h3><ul data-start=\"1054\" data-end=\"1365\"><li data-start=\"1054\" data-end=\"1201\"><p data-start=\"1056\" data-end=\"1201\">Das Mitglied verpflichtet sich, bei allen \u00fcber die Site get\u00e4tigten Transaktionen im Einklang mit dem Gesetz, den allgemeinen moralischen Regeln und den Vertragsbestimmungen zu handeln.<\/p><\/li><li data-start=\"1202\" data-end=\"1254\"><p data-start=\"1204\" data-end=\"1254\">Mitglieder d\u00fcrfen ohne Erlaubnis keine Informationen verwenden, die anderen geh\u00f6ren.<\/p><\/li><li data-start=\"1255\" data-end=\"1306\"><p data-start=\"1257\" data-end=\"1306\">F\u00fcr die Sicherheit des Passwortes ist ausschlie\u00dflich das Mitglied verantwortlich.<\/p><\/li><li data-start=\"1307\" data-end=\"1365\"><p data-start=\"1309\" data-end=\"1365\">Das Senden von Viren, Software oder Code, der der Site schaden k\u00f6nnte, ist nicht gestattet.<\/p><\/li><\/ul><h3 data-start=\"1367\" data-end=\"1405\">5. Rechte und Pflichten von BNREO<\/h3><ul data-start=\"1406\" data-end=\"1710\"><li data-start=\"1406\" data-end=\"1513\"><p data-start=\"1408\" data-end=\"1513\">Das Unternehmen kann die Funktion des Systems jederzeit einstellen und die Mitgliedschaft aussetzen oder beenden.<\/p><\/li><li data-start=\"1514\" data-end=\"1636\"><p data-start=\"1516\" data-end=\"1636\">Benutzerinformationen werden im Rahmen des Datenschutzgesetzes vertraulich behandelt. Im Falle einer gesetzlichen Verpflichtung k\u00f6nnen sie jedoch an Beh\u00f6rden weitergegeben werden.<\/p><\/li><li data-start=\"1637\" data-end=\"1710\"><p data-start=\"1639\" data-end=\"1710\">Das Unternehmen beh\u00e4lt sich das Recht vor, Inhalt und Umfang der Leistungen zu \u00e4ndern.<\/p><\/li><\/ul><h3 data-start=\"1712\" data-end=\"1742\">6. Privatsph\u00e4re und Datenschutz<\/h3><ul data-start=\"1743\" data-end=\"1885\"><li data-start=\"1743\" data-end=\"1819\"><p data-start=\"1745\" data-end=\"1819\">Die personenbezogenen Daten der Mitglieder werden im Rahmen der KVKK und der Datenschutzrichtlinie verarbeitet.<\/p><\/li><li data-start=\"1820\" data-end=\"1885\"><p data-start=\"1822\" data-end=\"1885\">Das Mitglied erkennt an, dass es mit der Verarbeitung seiner personenbezogenen Daten einverstanden ist.<\/p><\/li><\/ul><h3 data-start=\"1887\" data-end=\"1911\">7. Beendigung des Vertrages<\/h3><ul data-start=\"1912\" data-end=\"2047\"><li data-start=\"1912\" data-end=\"1961\"><p data-start=\"1914\" data-end=\"1961\">Das Mitglied kann seine Mitgliedschaft jederzeit k\u00fcndigen.<\/p><\/li><li data-start=\"1962\" data-end=\"2047\"><p data-start=\"1964\" data-end=\"2047\">Bei Vertragsverst\u00f6\u00dfen des Mitglieds kann die Gesellschaft die Mitgliedschaft fristlos k\u00fcndigen.<\/p><\/li><\/ul><h3 data-start=\"2049\" data-end=\"2078\">8. Streitbeilegung<\/h3><p data-start=\"2079\" data-end=\"2170\">F\u00fcr alle Streitigkeiten, die sich aus diesem Vertrag ergeben, sind die Gerichte und Vollstreckungsbeh\u00f6rden von Alanya zust\u00e4ndig.<\/p><h3 data-start=\"2172\" data-end=\"2187\">9. Inkrafttreten<\/h3><p data-start=\"2188\" data-end=\"2343\">Mit dem Ausf\u00fcllen und Best\u00e4tigen des Registrierungsformulars akzeptiert das Mitglied alle Bestimmungen dieser Vereinbarung. Diese Vereinbarung gilt zwischen den Parteien auf unbestimmte Zeit.<\/p>\t\t\t\t\t\t\t\t<\/div>\n\t\t\t\t<\/div>\n\t\t\t\t<\/div>\n\t\t\t\t\t<\/div>\n\t\t\t\t<\/div>\n\t\t\t\t<\/div>","protected":false},"excerpt":{"rendered":"<p>Mitgliedschaftsvereinbarung Diese Vereinbarung wird zwischen der Person, die Mitglied der Website www.bnreo.com.tr ist (\u201eMitglied\u201c), und BNREO (\u201eUnternehmen\u201c), das die Website verwaltet, unter den folgenden Bedingungen geschlossen:<\/p>","protected":false},"author":1,"featured_media":0,"parent":0,"menu_order":0,"comment_status":"closed","ping_status":"closed","template":"elementor_header_footer","meta":{"footnotes":""},"class_list":["post-28209","page","type-page","status-publish","hentry"],"yoast_head":"<!-- This site is optimized with the Yoast SEO plugin v25.3.1 - https:\/\/yoast.com\/wordpress\/plugins\/seo\/ -->\n<title>\u00dcyelik S\u00f6zle\u015fmesi - Bnreo | Su Ar\u0131tma Cihazlar\u0131<\/title>\n<meta name=\"robots\" content=\"index, follow, max-snippet:-1, max-image-preview:large, max-video-preview:-1\" \/>\n<link rel=\"canonical\" href=\"http:\/\/bnreo.com.tr\/de\/uyelik-sozlesmesi\/\" \/>\n<meta property=\"og:locale\" content=\"de_DE\" \/>\n<meta property=\"og:type\" content=\"article\" \/>\n<meta property=\"og:title\" content=\"\u00dcyelik S\u00f6zle\u015fmesi - Bnreo | Su Ar\u0131tma Cihazlar\u0131\" \/>\n<meta property=\"og:description\" content=\"\u00dcyelik S\u00f6zle\u015fmesi \u0130\u015fbu s\u00f6zle\u015fme, www.bnreo.com.tr web sitesine \u00fcye olan ki\u015fi (\u201c\u00dcye\u201d) ile siteyi y\u00f6neten BNREO (\u201c\u015eirket\u201d) aras\u0131nda a\u015fa\u011f\u0131daki \u015fartlar dahilinde\" \/>\n<meta property=\"og:url\" content=\"http:\/\/bnreo.com.tr\/de\/uyelik-sozlesmesi\/\" \/>\n<meta property=\"og:site_name\" content=\"Bnreo | Su Ar\u0131tma Cihazlar\u0131\" \/>\n<meta property=\"article:modified_time\" content=\"2025-06-24T02:17:42+00:00\" \/>\n<meta name=\"twitter:card\" content=\"summary_large_image\" \/>\n<meta name=\"twitter:label1\" content=\"Gesch\u00e4tzte Lesezeit\" \/>\n\t<meta name=\"twitter:data1\" content=\"2\u00a0Minuten\" \/>\n<script type=\"application\/ld+json\" class=\"yoast-schema-graph\">{\"@context\":\"https:\/\/schema.org\",\"@graph\":[{\"@type\":\"WebPage\",\"@id\":\"https:\/\/bnreo.com.tr\/uyelik-sozlesmesi\/\",\"url\":\"https:\/\/bnreo.com.tr\/uyelik-sozlesmesi\/\",\"name\":\"\u00dcyelik S\u00f6zle\u015fmesi - Bnreo | Su Ar\u0131tma Cihazlar\u0131\",\"isPartOf\":{\"@id\":\"https:\/\/bnreo.com.tr\/#website\"},\"datePublished\":\"2025-06-24T02:13:40+00:00\",\"dateModified\":\"2025-06-24T02:17:42+00:00\",\"breadcrumb\":{\"@id\":\"https:\/\/bnreo.com.tr\/uyelik-sozlesmesi\/#breadcrumb\"},\"inLanguage\":\"de\",\"potentialAction\":[{\"@type\":\"ReadAction\",\"target\":[\"https:\/\/bnreo.com.tr\/uyelik-sozlesmesi\/\"]}]},{\"@type\":\"BreadcrumbList\",\"@id\":\"https:\/\/bnreo.com.tr\/uyelik-sozlesmesi\/#breadcrumb\",\"itemListElement\":[{\"@type\":\"ListItem\",\"position\":1,\"name\":\"Anasayfa\",\"item\":\"https:\/\/bnreo.com.tr\/\"},{\"@type\":\"ListItem\",\"position\":2,\"name\":\"\u00dcyelik S\u00f6zle\u015fmesi\"}]},{\"@type\":\"WebSite\",\"@id\":\"https:\/\/bnreo.com.tr\/#website\",\"url\":\"https:\/\/bnreo.com.tr\/\",\"name\":\"Bnreo | Su Ar\u0131tma Cihazlar\u0131\",\"description\":\"Bnreo | Su Ar\u0131tma Cihazlar\u0131\",\"potentialAction\":[{\"@type\":\"SearchAction\",\"target\":{\"@type\":\"EntryPoint\",\"urlTemplate\":\"https:\/\/bnreo.com.tr\/?s={search_term_string}\"},\"query-input\":{\"@type\":\"PropertyValueSpecification\",\"valueRequired\":true,\"valueName\":\"search_term_string\"}}],\"inLanguage\":\"de\"}]}<\/script>\n<!-- \/ Yoast SEO plugin. -->","yoast_head_json":{"title":"\u00dcyelik S\u00f6zle\u015fmesi - Bnreo | Su Ar\u0131tma Cihazlar\u0131","robots":{"index":"index","follow":"follow","max-snippet":"max-snippet:-1","max-image-preview":"max-image-preview:large","max-video-preview":"max-video-preview:-1"},"canonical":"http:\/\/bnreo.com.tr\/de\/uyelik-sozlesmesi\/","og_locale":"de_DE","og_type":"article","og_title":"\u00dcyelik S\u00f6zle\u015fmesi - Bnreo | Su Ar\u0131tma Cihazlar\u0131","og_description":"\u00dcyelik S\u00f6zle\u015fmesi \u0130\u015fbu s\u00f6zle\u015fme, www.bnreo.com.tr web sitesine \u00fcye olan ki\u015fi (\u201c\u00dcye\u201d) ile siteyi y\u00f6neten BNREO (\u201c\u015eirket\u201d) aras\u0131nda a\u015fa\u011f\u0131daki \u015fartlar dahilinde","og_url":"http:\/\/bnreo.com.tr\/de\/uyelik-sozlesmesi\/","og_site_name":"Bnreo | Su Ar\u0131tma Cihazlar\u0131","article_modified_time":"2025-06-24T02:17:42+00:00","twitter_card":"summary_large_image","twitter_misc":{"Gesch\u00e4tzte Lesezeit":"2\u00a0Minuten"},"schema":{"@context":"https:\/\/schema.org","@graph":[{"@type":"WebPage","@id":"https:\/\/bnreo.com.tr\/uyelik-sozlesmesi\/","url":"https:\/\/bnreo.com.tr\/uyelik-sozlesmesi\/","name":"\u00dcyelik S\u00f6zle\u015fmesi - Bnreo | Su Ar\u0131tma Cihazlar\u0131","isPartOf":{"@id":"https:\/\/bnreo.com.tr\/#website"},"datePublished":"2025-06-24T02:13:40+00:00","dateModified":"2025-06-24T02:17:42+00:00","breadcrumb":{"@id":"https:\/\/bnreo.com.tr\/uyelik-sozlesmesi\/#breadcrumb"},"inLanguage":"de","potentialAction":[{"@type":"ReadAction","target":["https:\/\/bnreo.com.tr\/uyelik-sozlesmesi\/"]}]},{"@type":"BreadcrumbList","@id":"https:\/\/bnreo.com.tr\/uyelik-sozlesmesi\/#breadcrumb","itemListElement":[{"@type":"ListItem","position":1,"name":"Anasayfa","item":"https:\/\/bnreo.com.tr\/"},{"@type":"ListItem","position":2,"name":"\u00dcyelik S\u00f6zle\u015fmesi"}]},{"@type":"WebSite","@id":"https:\/\/bnreo.com.tr\/#website","url":"https:\/\/bnreo.com.tr\/","name":"Bnreo | Su Ar\u0131tma Cihazlar\u0131","description":"Bnreo | Su Ar\u0131tma Cihazlar\u0131","potentialAction":[{"@type":"SearchAction","target":{"@type":"EntryPoint","urlTemplate":"https:\/\/bnreo.com.tr\/?s={search_term_string}"},"query-input":{"@type":"PropertyValueSpecification","valueRequired":true,"valueName":"search_term_string"}}],"inLanguage":"de"}]}},"_links":{"self":[{"href":"http:\/\/bnreo.com.tr\/de\/wp-json\/wp\/v2\/pages\/28209","targetHints":{"allow":["GET"]}}],"collection":[{"href":"http:\/\/bnreo.com.tr\/de\/wp-json\/wp\/v2\/pages"}],"about":[{"href":"http:\/\/bnreo.com.tr\/de\/wp-json\/wp\/v2\/types\/page"}],"author":[{"embeddable":true,"href":"http:\/\/bnreo.com.tr\/de\/wp-json\/wp\/v2\/users\/1"}],"replies":[{"embeddable":true,"href":"http:\/\/bnreo.com.tr\/de\/wp-json\/wp\/v2\/comments?post=28209"}],"version-history":[{"count":4,"href":"http:\/\/bnreo.com.tr\/de\/wp-json\/wp\/v2\/pages\/28209\/revisions"}],"predecessor-version":[{"id":28228,"href":"http:\/\/bnreo.com.tr\/de\/wp-json\/wp\/v2\/pages\/28209\/revisions\/28228"}],"wp:attachment":[{"href":"http:\/\/bnreo.com.tr\/de\/wp-json\/wp\/v2\/media?parent=28209"}],"curies":[{"name":"wp","href":"https:\/\/api.w.org\/{rel}","templated":true}]}}