{"id":27945,"date":"2025-06-24T02:27:07","date_gmt":"2025-06-23T23:27:07","guid":{"rendered":"https:\/\/bnreo.com.tr\/?page_id=27945"},"modified":"2025-06-24T02:33:04","modified_gmt":"2025-06-23T23:33:04","slug":"ofis-cozumleri","status":"publish","type":"page","link":"http:\/\/bnreo.com.tr\/de\/ofis-cozumleri\/","title":{"rendered":"Office-L\u00f6sungen"},"content":{"rendered":"<div data-elementor-type=\"wp-page\" data-elementor-id=\"27945\" class=\"elementor elementor-27945\">\n\t\t\t\t<div class=\"wd-negative-gap elementor-element elementor-element-bd8558c e-flex e-con-boxed elementor-invisible e-con e-parent\" data-id=\"bd8558c\" data-element_type=\"container\" data-settings=\"{&quot;animation&quot;:&quot;fadeInUp&quot;}\">\n\t\t\t\t\t<div class=\"e-con-inner\">\n\t\t<div class=\"elementor-element elementor-element-93140a7 e-con-full e-flex e-con e-child\" data-id=\"93140a7\" data-element_type=\"container\">\n\t\t\t\t<div class=\"elementor-element elementor-element-fe08d1a color-scheme-inherit text-left elementor-widget elementor-widget-text-editor\" data-id=\"fe08d1a\" data-element_type=\"widget\" data-widget_type=\"text-editor.default\">\n\t\t\t\t<div class=\"elementor-widget-container\">\n\t\t\t\t\t\t\t\t\t<p data-start=\"210\" data-end=\"644\">In der heutigen Gesch\u00e4ftswelt ist eine gesunde und angenehme Arbeitsumgebung eine der effektivsten M\u00f6glichkeiten, die Produktivit\u00e4t und Zufriedenheit der Mitarbeiter zu steigern. Insbesondere die Qualit\u00e4t des Trinkwassers ist ein entscheidender Faktor, der sich direkt auf die Lebensqualit\u00e4t im B\u00fcro auswirkt. <strong data-start=\"471\" data-end=\"480\">BNREO<\/strong>, entwickelt f\u00fcr moderne B\u00fcroumgebungen <strong data-start=\"527\" data-end=\"566\">mit professionellen Wasseraufbereitungssystemen<\/strong>, bietet Ihren Mitarbeitern die M\u00f6glichkeit, den ganzen Tag \u00fcber sicheres, sauberes und wohlschmeckendes Wasser zu sich zu nehmen.<\/p><p data-start=\"646\" data-end=\"1101\">Unsere Systeme machen Plastikballons und PET-Flaschen \u00fcberfl\u00fcssig und reinigen Leitungswasser direkt auf Trinkwasserqualit\u00e4t. Auf diese Weise<br \/>\u2714\ufe0f Es werden erhebliche Einsparungen bei den monatlichen Trinkwasserkosten Ihres B\u00fcros erzielt,<br data-start=\"881\" data-end=\"884\" \/>\u2714\ufe0f Der logistische Aufwand bei Wasserversorgungsprozessen entf\u00e4llt,<br data-start=\"941\" data-end=\"944\" \/>\u2714\ufe0f Reduzierung der Plastikm\u00fcllproduktion <strong data-start=\"980\" data-end=\"1010\">\u00f6kologische Nachhaltigkeit<\/strong> unterst\u00fctzt,<br data-start=\"1023\" data-end=\"1026\" \/>\u2714\ufe0f Mitarbeiter haben jederzeit Zugang zu sicherem und hygienischem Trinkwasser.<\/p><p data-start=\"1103\" data-end=\"1551\">Unsere Systeme, <strong data-start=\"1118\" data-end=\"1144\">Umkehrosmose-Technologie<\/strong>, <strong data-start=\"1146\" data-end=\"1173\">Aktivkohlefiltration<\/strong>, <strong data-start=\"1175\" data-end=\"1195\">UV-Sterilisation<\/strong> Und <strong data-start=\"1199\" data-end=\"1220\">Mineralstoffausgleich<\/strong> Es ist mit fortschrittlichen Filtersystemen wie diesen ausgestattet. Dank dieser Technologien wird das Wasser vollst\u00e4ndig von sch\u00e4dlichen Verbindungen wie Chlor, Kalk, Schwermetallen, Sedimenten und Mikroorganismen gereinigt. Gereinigtes Wasser ist nicht nur gesund, sondern auch weich und frisch im Geschmack \u2013 ein Unterschied, den Sie bei jedem Schluck sp\u00fcren.<\/p><p data-start=\"1553\" data-end=\"1891\">BNREO-B\u00fcrol\u00f6sungen;<br \/>\u2714\ufe0f Kompakte Designs, die unter der Theke, auf dem Schreibtisch oder an der Wand montiert werden k\u00f6nnen, sorgen f\u00fcr eine \u00e4sthetische Erg\u00e4nzung jedes B\u00fcros.<br data-start=\"1678\" data-end=\"1681\" \/>\u2714\ufe0f Es nimmt wenig Platz ein, arbeitet leise, spart Energie,<br data-start=\"1739\" data-end=\"1742\" \/>\u2714\ufe0f Bietet rund um die Uhr technischen Support w\u00e4hrend des gesamten Prozesses, von der Installation bis zur regelm\u00e4\u00dfigen Wartung.<br data-start=\"1819\" data-end=\"1822\" \/>\u2714\ufe0f Erleichtert die Verwaltung durch Fern\u00fcberwachung und Automatisierungsfunktionen.<\/p><p data-start=\"1893\" data-end=\"2234\"><strong data-start=\"1893\" data-end=\"1934\">Ihre Mitarbeiter sollten ausreichend Wasser trinken<\/strong>, ist entscheidend f\u00fcr k\u00f6rperliche Gesundheit, Konzentration und Stimmung. W\u00e4hrend Dehydration zu M\u00fcdigkeit und Leistungsverlust f\u00fchrt, sorgt ausreichender Wasserkonsum f\u00fcr einen energiegeladeneren und produktiveren Arbeitstag. Bei BNREO sehen wir die Verbesserung der B\u00fcroqualit\u00e4t nicht nur als Technologie, sondern als Vision.<\/p><p data-start=\"2236\" data-end=\"2534\">Auch f\u00fcr Gro\u00dfraumb\u00fcros, Callcenter, Open Office Spaces, \u00f6ffentliche Einrichtungen und Firmenb\u00fcros auf Plaza-Etagen <strong data-start=\"2356\" data-end=\"2391\">skalierbare Systeml\u00f6sungen<\/strong> Wir bieten Dienstleistungen f\u00fcr B\u00fcros jeder Gr\u00f6\u00dfe an, ob mit 5 oder 500 Mitarbeitern, mit unseren auf Ihre Bed\u00fcrfnisse zugeschnittenen Wasseraufbereitungsl\u00f6sungen.<\/p><p data-start=\"2536\" data-end=\"2812\"><strong data-start=\"2536\" data-end=\"2558\">B\u00fcros der Zukunft<\/strong>, sollten nicht nur \u00fcber \u00e4sthetische Architekturen, sondern auch \u00fcber umweltfreundliche, wirtschaftliche und mitarbeiterfreundliche Technologien verf\u00fcgen. <strong data-start=\"2669\" data-end=\"2678\">BNREO<\/strong>, bringt Ihr Unternehmen mit den angebotenen L\u00f6sungen im Bereich der B\u00fcrowasseraufbereitungssysteme auf einen ges\u00fcnderen, effizienteren und umweltfreundlicheren Stand.<\/p>\t\t\t\t\t\t\t\t<\/div>\n\t\t\t\t<\/div>\n\t\t\t\t<\/div>\n\t\t\t\t\t<\/div>\n\t\t\t\t<\/div>\n\t\t\t\t<\/div>","protected":false},"excerpt":{"rendered":"<p>G\u00fcn\u00fcm\u00fcz i\u015f d\u00fcnyas\u0131nda, \u00e7al\u0131\u015fan verimlili\u011fini ve memnuniyetini art\u0131rman\u0131n en etkili yollar\u0131ndan biri, sa\u011fl\u0131kl\u0131 ve konforlu bir \u00e7al\u0131\u015fma ortam\u0131 sunmaktan ge\u00e7er.<\/p>","protected":false},"author":1,"featured_media":0,"parent":0,"menu_order":0,"comment_status":"closed","ping_status":"closed","template":"elementor_header_footer","meta":{"footnotes":""},"class_list":["post-27945","page","type-page","status-publish","hentry"],"yoast_head":"<!-- This site is optimized with the Yoast SEO plugin v25.3.1 - https:\/\/yoast.com\/wordpress\/plugins\/seo\/ -->\n<title>Ofis \u00c7\u00f6z\u00fcmleri - Bnreo | Su Ar\u0131tma Cihazlar\u0131<\/title>\n<meta name=\"robots\" content=\"index, follow, max-snippet:-1, max-image-preview:large, max-video-preview:-1\" \/>\n<link rel=\"canonical\" href=\"http:\/\/bnreo.com.tr\/de\/ofis-cozumleri\/\" \/>\n<meta property=\"og:locale\" content=\"de_DE\" \/>\n<meta property=\"og:type\" content=\"article\" \/>\n<meta property=\"og:title\" content=\"Ofis \u00c7\u00f6z\u00fcmleri - Bnreo | Su Ar\u0131tma Cihazlar\u0131\" \/>\n<meta property=\"og:description\" content=\"G\u00fcn\u00fcm\u00fcz i\u015f d\u00fcnyas\u0131nda, \u00e7al\u0131\u015fan verimlili\u011fini ve memnuniyetini art\u0131rman\u0131n en etkili yollar\u0131ndan biri, sa\u011fl\u0131kl\u0131 ve konforlu bir \u00e7al\u0131\u015fma ortam\u0131 sunmaktan ge\u00e7er.\" \/>\n<meta property=\"og:url\" content=\"http:\/\/bnreo.com.tr\/de\/ofis-cozumleri\/\" \/>\n<meta property=\"og:site_name\" content=\"Bnreo | Su Ar\u0131tma Cihazlar\u0131\" \/>\n<meta property=\"article:modified_time\" content=\"2025-06-23T23:33:04+00:00\" \/>\n<meta name=\"twitter:card\" content=\"summary_large_image\" \/>\n<meta name=\"twitter:label1\" content=\"Gesch\u00e4tzte Lesezeit\" \/>\n\t<meta name=\"twitter:data1\" content=\"2\u00a0Minuten\" \/>\n<script type=\"application\/ld+json\" class=\"yoast-schema-graph\">{\"@context\":\"https:\/\/schema.org\",\"@graph\":[{\"@type\":\"WebPage\",\"@id\":\"https:\/\/bnreo.com.tr\/ofis-cozumleri\/\",\"url\":\"https:\/\/bnreo.com.tr\/ofis-cozumleri\/\",\"name\":\"Ofis \u00c7\u00f6z\u00fcmleri - Bnreo | Su Ar\u0131tma Cihazlar\u0131\",\"isPartOf\":{\"@id\":\"https:\/\/bnreo.com.tr\/#website\"},\"datePublished\":\"2025-06-23T23:27:07+00:00\",\"dateModified\":\"2025-06-23T23:33:04+00:00\",\"breadcrumb\":{\"@id\":\"https:\/\/bnreo.com.tr\/ofis-cozumleri\/#breadcrumb\"},\"inLanguage\":\"de\",\"potentialAction\":[{\"@type\":\"ReadAction\",\"target\":[\"https:\/\/bnreo.com.tr\/ofis-cozumleri\/\"]}]},{\"@type\":\"BreadcrumbList\",\"@id\":\"https:\/\/bnreo.com.tr\/ofis-cozumleri\/#breadcrumb\",\"itemListElement\":[{\"@type\":\"ListItem\",\"position\":1,\"name\":\"Anasayfa\",\"item\":\"https:\/\/bnreo.com.tr\/\"},{\"@type\":\"ListItem\",\"position\":2,\"name\":\"Ofis \u00c7\u00f6z\u00fcmleri\"}]},{\"@type\":\"WebSite\",\"@id\":\"https:\/\/bnreo.com.tr\/#website\",\"url\":\"https:\/\/bnreo.com.tr\/\",\"name\":\"Bnreo | Su Ar\u0131tma Cihazlar\u0131\",\"description\":\"Bnreo | Su Ar\u0131tma Cihazlar\u0131\",\"potentialAction\":[{\"@type\":\"SearchAction\",\"target\":{\"@type\":\"EntryPoint\",\"urlTemplate\":\"https:\/\/bnreo.com.tr\/?s={search_term_string}\"},\"query-input\":{\"@type\":\"PropertyValueSpecification\",\"valueRequired\":true,\"valueName\":\"search_term_string\"}}],\"inLanguage\":\"de\"}]}<\/script>\n<!-- \/ Yoast SEO plugin. -->","yoast_head_json":{"title":"Ofis \u00c7\u00f6z\u00fcmleri - Bnreo | Su Ar\u0131tma Cihazlar\u0131","robots":{"index":"index","follow":"follow","max-snippet":"max-snippet:-1","max-image-preview":"max-image-preview:large","max-video-preview":"max-video-preview:-1"},"canonical":"http:\/\/bnreo.com.tr\/de\/ofis-cozumleri\/","og_locale":"de_DE","og_type":"article","og_title":"Ofis \u00c7\u00f6z\u00fcmleri - Bnreo | Su Ar\u0131tma Cihazlar\u0131","og_description":"G\u00fcn\u00fcm\u00fcz i\u015f d\u00fcnyas\u0131nda, \u00e7al\u0131\u015fan verimlili\u011fini ve memnuniyetini art\u0131rman\u0131n en etkili yollar\u0131ndan biri, sa\u011fl\u0131kl\u0131 ve konforlu bir \u00e7al\u0131\u015fma ortam\u0131 sunmaktan ge\u00e7er.","og_url":"http:\/\/bnreo.com.tr\/de\/ofis-cozumleri\/","og_site_name":"Bnreo | Su Ar\u0131tma Cihazlar\u0131","article_modified_time":"2025-06-23T23:33:04+00:00","twitter_card":"summary_large_image","twitter_misc":{"Gesch\u00e4tzte Lesezeit":"2\u00a0Minuten"},"schema":{"@context":"https:\/\/schema.org","@graph":[{"@type":"WebPage","@id":"https:\/\/bnreo.com.tr\/ofis-cozumleri\/","url":"https:\/\/bnreo.com.tr\/ofis-cozumleri\/","name":"Ofis \u00c7\u00f6z\u00fcmleri - Bnreo | Su Ar\u0131tma Cihazlar\u0131","isPartOf":{"@id":"https:\/\/bnreo.com.tr\/#website"},"datePublished":"2025-06-23T23:27:07+00:00","dateModified":"2025-06-23T23:33:04+00:00","breadcrumb":{"@id":"https:\/\/bnreo.com.tr\/ofis-cozumleri\/#breadcrumb"},"inLanguage":"de","potentialAction":[{"@type":"ReadAction","target":["https:\/\/bnreo.com.tr\/ofis-cozumleri\/"]}]},{"@type":"BreadcrumbList","@id":"https:\/\/bnreo.com.tr\/ofis-cozumleri\/#breadcrumb","itemListElement":[{"@type":"ListItem","position":1,"name":"Anasayfa","item":"https:\/\/bnreo.com.tr\/"},{"@type":"ListItem","position":2,"name":"Ofis \u00c7\u00f6z\u00fcmleri"}]},{"@type":"WebSite","@id":"https:\/\/bnreo.com.tr\/#website","url":"https:\/\/bnreo.com.tr\/","name":"Bnreo | Su Ar\u0131tma Cihazlar\u0131","description":"Bnreo | Su Ar\u0131tma Cihazlar\u0131","potentialAction":[{"@type":"SearchAction","target":{"@type":"EntryPoint","urlTemplate":"https:\/\/bnreo.com.tr\/?s={search_term_string}"},"query-input":{"@type":"PropertyValueSpecification","valueRequired":true,"valueName":"search_term_string"}}],"inLanguage":"de"}]}},"_links":{"self":[{"href":"http:\/\/bnreo.com.tr\/de\/wp-json\/wp\/v2\/pages\/27945","targetHints":{"allow":["GET"]}}],"collection":[{"href":"http:\/\/bnreo.com.tr\/de\/wp-json\/wp\/v2\/pages"}],"about":[{"href":"http:\/\/bnreo.com.tr\/de\/wp-json\/wp\/v2\/types\/page"}],"author":[{"embeddable":true,"href":"http:\/\/bnreo.com.tr\/de\/wp-json\/wp\/v2\/users\/1"}],"replies":[{"embeddable":true,"href":"http:\/\/bnreo.com.tr\/de\/wp-json\/wp\/v2\/comments?post=27945"}],"version-history":[{"count":4,"href":"http:\/\/bnreo.com.tr\/de\/wp-json\/wp\/v2\/pages\/27945\/revisions"}],"predecessor-version":[{"id":27972,"href":"http:\/\/bnreo.com.tr\/de\/wp-json\/wp\/v2\/pages\/27945\/revisions\/27972"}],"wp:attachment":[{"href":"http:\/\/bnreo.com.tr\/de\/wp-json\/wp\/v2\/media?parent=27945"}],"curies":[{"name":"wp","href":"https:\/\/api.w.org\/{rel}","templated":true}]}}