{"id":27941,"date":"2025-06-24T02:26:11","date_gmt":"2025-06-23T23:26:11","guid":{"rendered":"https:\/\/bnreo.com.tr\/?page_id=27941"},"modified":"2025-06-24T02:31:36","modified_gmt":"2025-06-23T23:31:36","slug":"kafe-restaurant-ve-mutfak-cozumleri","status":"publish","type":"page","link":"http:\/\/bnreo.com.tr\/de\/kafe-restaurant-ve-mutfak-cozumleri\/","title":{"rendered":"Caf\u00e9-Restaurant- und K\u00fcchenl\u00f6sungen"},"content":{"rendered":"<div data-elementor-type=\"wp-page\" data-elementor-id=\"27941\" class=\"elementor elementor-27941\">\n\t\t\t\t<div class=\"wd-negative-gap elementor-element elementor-element-6b5b305 e-flex e-con-boxed elementor-invisible e-con e-parent\" data-id=\"6b5b305\" data-element_type=\"container\" data-settings=\"{&quot;animation&quot;:&quot;fadeInUp&quot;}\">\n\t\t\t\t\t<div class=\"e-con-inner\">\n\t\t<div class=\"elementor-element elementor-element-561c27f e-con-full e-flex e-con e-child\" data-id=\"561c27f\" data-element_type=\"container\">\n\t\t\t\t<div class=\"elementor-element elementor-element-9e42394 color-scheme-inherit text-left elementor-widget elementor-widget-text-editor\" data-id=\"9e42394\" data-element_type=\"widget\" data-widget_type=\"text-editor.default\">\n\t\t\t\t<div class=\"elementor-widget-container\">\n\t\t\t\t\t\t\t\t\t<p data-start=\"174\" data-end=\"680\">In der Lebensmittel- und Getr\u00e4nkeindustrie beschr\u00e4nkt sich Qualit\u00e4t nicht nur auf die Qualit\u00e4t der verwendeten Zutaten; auch die Reinheit und Zusammensetzung des Wassers bestimmen direkt Geschmack, Hygiene und Kundenzufriedenheit. Insbesondere in Caf\u00e9s, Restaurants, Hotelk\u00fcchen und der Massenproduktion von Lebensmitteln wirkt sich die Qualit\u00e4t des Wassers direkt auf den Ruf und den Gesch\u00e4ftserfolg eines Unternehmens aus. <strong data-start=\"547\" data-end=\"556\">BNREO<\/strong>, bringt die Qualit\u00e4t in der Welt der Gastronomie mit professionellen Wasseraufbereitungssystemen, die speziell f\u00fcr diese Anforderungen entwickelt wurden, noch einen Schritt weiter.<\/p><p data-start=\"682\" data-end=\"1160\">Der Geschmack k\u00f6stlichen Kaffees, die Klarheit des Eises, die Knackigkeit von Gem\u00fcse und der Glanz des gesp\u00fclten Geschirrs \u2013 all das h\u00e4ngt von der Qualit\u00e4t des verwendeten Wassers ab. <strong data-start=\"832\" data-end=\"841\">BNREO<\/strong>Durch die Entwicklung von Systemen mit fortschrittlicher Umkehrosmose (RO), Aktivkohlefilterung, UV-Sterilisation und Wasserenth\u00e4rtungstechnologie schaffen wir eine hygienische und wohlschmeckende Wasserinfrastruktur in Ihrer K\u00fcche. Diese Systeme machen Leitungswasser nicht nur trinkbar, sondern verl\u00e4ngern auch die Lebensdauer Ihrer Industrieanlagen.<\/p><p data-start=\"1162\" data-end=\"1606\">Dank der Wasseraufbereitungssysteme von BNREO:<br \/>\u2714\ufe0f Das Aroma von Getr\u00e4nken wie Kaffee und Tee bleibt erhalten, ohne verdorben zu werden,<br data-start=\"1262\" data-end=\"1265\" \/>\u2714\ufe0f Das in Eismaschinen verwendete Wasser ist kristallklar,<br data-start=\"1327\" data-end=\"1330\" \/>\u2714\ufe0f Kalk, Ablagerungen und Schwermetalle schaden Ihren Ger\u00e4ten nicht,<br data-start=\"1392\" data-end=\"1395\" \/>\u2714\ufe0f Industrielle Geschirrsp\u00fcler arbeiten effizienter,<br data-start=\"1450\" data-end=\"1453\" \/>\u2714\ufe0f Die Wartungsh\u00e4ufigkeit von Back\u00f6fen, Dampfgarern, Wasserspendern und \u00e4hnlichen Ger\u00e4ten wird reduziert,<br data-start=\"1530\" data-end=\"1533\" \/>\u2714\ufe0f Die Produktpr\u00e4sentation entspricht hygienischen, gesundheitlichen und professionellen Standards.<\/p><p data-start=\"1608\" data-end=\"1991\">Unsere Systeme, die speziell f\u00fcr Restaurants, Fast-Food-Ketten, Caf\u00e9-Marken, Boutique-B\u00e4ckereien, Hotelk\u00fcchen und Catering-Unternehmen f\u00fcr Unternehmen entwickelt wurden, unterst\u00fctzen sowohl die Lebensmittelsicherheit als auch die Gesch\u00e4ftsnachhaltigkeit. <strong data-start=\"1837\" data-end=\"1846\">BNREO<\/strong>, ermittelt das am besten geeignete System, indem es spezifische Analysen der Wasserquelle jedes Unternehmens durchf\u00fchrt und den gesamten Prozess von der Installation bis zur regelm\u00e4\u00dfigen Wartung von Anfang bis Ende verwaltet.<\/p><p data-start=\"1993\" data-end=\"2270\">Dank unseres \u00e4sthetisch ansprechenden und kompakten Designs lassen sich unsere Systeme auch in kleine K\u00fcchenr\u00e4ume problemlos integrieren. Dank des modularen Aufbaus l\u00e4sst sich das System zudem problemlos aktualisieren, um Kapazit\u00e4tserweiterungen oder neuen Ger\u00e4tebedarf gerecht zu werden. Diese Flexibilit\u00e4t bietet einen langfristigen Investitionsvorteil.<\/p><p data-start=\"2272\" data-end=\"2577\">Die chemische Reinheit des in der Lebensmittelproduktion verwendeten Wassers ist sowohl f\u00fcr die Einhaltung gesetzlicher Vorschriften als auch f\u00fcr die Gesundheit der Kunden von entscheidender Bedeutung. BNREO konzipiert und implementiert alle seine Systeme gem\u00e4\u00df Lebensmittelsicherheitsstandards wie ISO und HACCP. So stellen Sie sicher, dass Ihre K\u00fcche nicht nur k\u00f6stliche Speisen produziert, sondern auch Vertrauen schafft.<\/p><p data-start=\"2579\" data-end=\"2845\"><strong data-start=\"2579\" data-end=\"2599\">Wir als BNREO<\/strong>Wir wissen, dass Qualit\u00e4t in professionellen K\u00fcchen beim Wasser beginnt. Deshalb bieten wir Ihnen nachhaltige L\u00f6sungen mit hygienischen, wirtschaftlichen und leistungsstarken Wasseraufbereitungssystemen, die auf Ihr Unternehmen zugeschnitten sind. Denn wir reinigen nicht nur Wasser, sondern steigern den Wert Ihrer Marke.<\/p>\t\t\t\t\t\t\t\t<\/div>\n\t\t\t\t<\/div>\n\t\t\t\t<\/div>\n\t\t\t\t\t<\/div>\n\t\t\t\t<\/div>\n\t\t\t\t<\/div>","protected":false},"excerpt":{"rendered":"<p>G\u0131da ve i\u00e7ecek sekt\u00f6r\u00fcnde kalite, yaln\u0131zca kullan\u0131lan malzemelerin kalitesiyle s\u0131n\u0131rl\u0131 de\u011fildir; suyun safl\u0131\u011f\u0131 ve i\u00e7eri\u011fi de do\u011frudan lezzet, hijyen ve<\/p>","protected":false},"author":1,"featured_media":0,"parent":0,"menu_order":0,"comment_status":"closed","ping_status":"closed","template":"elementor_header_footer","meta":{"footnotes":""},"class_list":["post-27941","page","type-page","status-publish","hentry"],"yoast_head":"<!-- This site is optimized with the Yoast SEO plugin v25.3.1 - https:\/\/yoast.com\/wordpress\/plugins\/seo\/ -->\n<title>Kafe Restaurant ve Mutfak \u00c7\u00f6z\u00fcmleri - Bnreo | Su Ar\u0131tma Cihazlar\u0131<\/title>\n<meta name=\"robots\" content=\"index, follow, max-snippet:-1, max-image-preview:large, max-video-preview:-1\" \/>\n<link rel=\"canonical\" href=\"http:\/\/bnreo.com.tr\/de\/kafe-restaurant-ve-mutfak-cozumleri\/\" \/>\n<meta property=\"og:locale\" content=\"de_DE\" \/>\n<meta property=\"og:type\" content=\"article\" \/>\n<meta property=\"og:title\" content=\"Kafe Restaurant ve Mutfak \u00c7\u00f6z\u00fcmleri - Bnreo | Su Ar\u0131tma Cihazlar\u0131\" \/>\n<meta property=\"og:description\" content=\"G\u0131da ve i\u00e7ecek sekt\u00f6r\u00fcnde kalite, yaln\u0131zca kullan\u0131lan malzemelerin kalitesiyle s\u0131n\u0131rl\u0131 de\u011fildir; suyun safl\u0131\u011f\u0131 ve i\u00e7eri\u011fi de do\u011frudan lezzet, hijyen ve\" \/>\n<meta property=\"og:url\" content=\"http:\/\/bnreo.com.tr\/de\/kafe-restaurant-ve-mutfak-cozumleri\/\" \/>\n<meta property=\"og:site_name\" content=\"Bnreo | Su Ar\u0131tma Cihazlar\u0131\" \/>\n<meta property=\"article:modified_time\" content=\"2025-06-23T23:31:36+00:00\" \/>\n<meta name=\"twitter:card\" content=\"summary_large_image\" \/>\n<meta name=\"twitter:label1\" content=\"Gesch\u00e4tzte Lesezeit\" \/>\n\t<meta name=\"twitter:data1\" content=\"2\u00a0Minuten\" \/>\n<script type=\"application\/ld+json\" class=\"yoast-schema-graph\">{\"@context\":\"https:\/\/schema.org\",\"@graph\":[{\"@type\":\"WebPage\",\"@id\":\"https:\/\/bnreo.com.tr\/kafe-restaurant-ve-mutfak-cozumleri\/\",\"url\":\"https:\/\/bnreo.com.tr\/kafe-restaurant-ve-mutfak-cozumleri\/\",\"name\":\"Kafe Restaurant ve Mutfak \u00c7\u00f6z\u00fcmleri - Bnreo | Su Ar\u0131tma Cihazlar\u0131\",\"isPartOf\":{\"@id\":\"https:\/\/bnreo.com.tr\/#website\"},\"datePublished\":\"2025-06-23T23:26:11+00:00\",\"dateModified\":\"2025-06-23T23:31:36+00:00\",\"breadcrumb\":{\"@id\":\"https:\/\/bnreo.com.tr\/kafe-restaurant-ve-mutfak-cozumleri\/#breadcrumb\"},\"inLanguage\":\"de\",\"potentialAction\":[{\"@type\":\"ReadAction\",\"target\":[\"https:\/\/bnreo.com.tr\/kafe-restaurant-ve-mutfak-cozumleri\/\"]}]},{\"@type\":\"BreadcrumbList\",\"@id\":\"https:\/\/bnreo.com.tr\/kafe-restaurant-ve-mutfak-cozumleri\/#breadcrumb\",\"itemListElement\":[{\"@type\":\"ListItem\",\"position\":1,\"name\":\"Anasayfa\",\"item\":\"https:\/\/bnreo.com.tr\/\"},{\"@type\":\"ListItem\",\"position\":2,\"name\":\"Kafe Restaurant ve Mutfak \u00c7\u00f6z\u00fcmleri\"}]},{\"@type\":\"WebSite\",\"@id\":\"https:\/\/bnreo.com.tr\/#website\",\"url\":\"https:\/\/bnreo.com.tr\/\",\"name\":\"Bnreo | Su Ar\u0131tma Cihazlar\u0131\",\"description\":\"Bnreo | Su Ar\u0131tma Cihazlar\u0131\",\"potentialAction\":[{\"@type\":\"SearchAction\",\"target\":{\"@type\":\"EntryPoint\",\"urlTemplate\":\"https:\/\/bnreo.com.tr\/?s={search_term_string}\"},\"query-input\":{\"@type\":\"PropertyValueSpecification\",\"valueRequired\":true,\"valueName\":\"search_term_string\"}}],\"inLanguage\":\"de\"}]}<\/script>\n<!-- \/ Yoast SEO plugin. -->","yoast_head_json":{"title":"Kafe Restaurant ve Mutfak \u00c7\u00f6z\u00fcmleri - Bnreo | Su Ar\u0131tma Cihazlar\u0131","robots":{"index":"index","follow":"follow","max-snippet":"max-snippet:-1","max-image-preview":"max-image-preview:large","max-video-preview":"max-video-preview:-1"},"canonical":"http:\/\/bnreo.com.tr\/de\/kafe-restaurant-ve-mutfak-cozumleri\/","og_locale":"de_DE","og_type":"article","og_title":"Kafe Restaurant ve Mutfak \u00c7\u00f6z\u00fcmleri - Bnreo | Su Ar\u0131tma Cihazlar\u0131","og_description":"G\u0131da ve i\u00e7ecek sekt\u00f6r\u00fcnde kalite, yaln\u0131zca kullan\u0131lan malzemelerin kalitesiyle s\u0131n\u0131rl\u0131 de\u011fildir; suyun safl\u0131\u011f\u0131 ve i\u00e7eri\u011fi de do\u011frudan lezzet, hijyen ve","og_url":"http:\/\/bnreo.com.tr\/de\/kafe-restaurant-ve-mutfak-cozumleri\/","og_site_name":"Bnreo | Su Ar\u0131tma Cihazlar\u0131","article_modified_time":"2025-06-23T23:31:36+00:00","twitter_card":"summary_large_image","twitter_misc":{"Gesch\u00e4tzte Lesezeit":"2\u00a0Minuten"},"schema":{"@context":"https:\/\/schema.org","@graph":[{"@type":"WebPage","@id":"https:\/\/bnreo.com.tr\/kafe-restaurant-ve-mutfak-cozumleri\/","url":"https:\/\/bnreo.com.tr\/kafe-restaurant-ve-mutfak-cozumleri\/","name":"Kafe Restaurant ve Mutfak \u00c7\u00f6z\u00fcmleri - Bnreo | Su Ar\u0131tma Cihazlar\u0131","isPartOf":{"@id":"https:\/\/bnreo.com.tr\/#website"},"datePublished":"2025-06-23T23:26:11+00:00","dateModified":"2025-06-23T23:31:36+00:00","breadcrumb":{"@id":"https:\/\/bnreo.com.tr\/kafe-restaurant-ve-mutfak-cozumleri\/#breadcrumb"},"inLanguage":"de","potentialAction":[{"@type":"ReadAction","target":["https:\/\/bnreo.com.tr\/kafe-restaurant-ve-mutfak-cozumleri\/"]}]},{"@type":"BreadcrumbList","@id":"https:\/\/bnreo.com.tr\/kafe-restaurant-ve-mutfak-cozumleri\/#breadcrumb","itemListElement":[{"@type":"ListItem","position":1,"name":"Anasayfa","item":"https:\/\/bnreo.com.tr\/"},{"@type":"ListItem","position":2,"name":"Kafe Restaurant ve Mutfak \u00c7\u00f6z\u00fcmleri"}]},{"@type":"WebSite","@id":"https:\/\/bnreo.com.tr\/#website","url":"https:\/\/bnreo.com.tr\/","name":"Bnreo | Su Ar\u0131tma Cihazlar\u0131","description":"Bnreo | Su Ar\u0131tma Cihazlar\u0131","potentialAction":[{"@type":"SearchAction","target":{"@type":"EntryPoint","urlTemplate":"https:\/\/bnreo.com.tr\/?s={search_term_string}"},"query-input":{"@type":"PropertyValueSpecification","valueRequired":true,"valueName":"search_term_string"}}],"inLanguage":"de"}]}},"_links":{"self":[{"href":"http:\/\/bnreo.com.tr\/de\/wp-json\/wp\/v2\/pages\/27941","targetHints":{"allow":["GET"]}}],"collection":[{"href":"http:\/\/bnreo.com.tr\/de\/wp-json\/wp\/v2\/pages"}],"about":[{"href":"http:\/\/bnreo.com.tr\/de\/wp-json\/wp\/v2\/types\/page"}],"author":[{"embeddable":true,"href":"http:\/\/bnreo.com.tr\/de\/wp-json\/wp\/v2\/users\/1"}],"replies":[{"embeddable":true,"href":"http:\/\/bnreo.com.tr\/de\/wp-json\/wp\/v2\/comments?post=27941"}],"version-history":[{"count":4,"href":"http:\/\/bnreo.com.tr\/de\/wp-json\/wp\/v2\/pages\/27941\/revisions"}],"predecessor-version":[{"id":27966,"href":"http:\/\/bnreo.com.tr\/de\/wp-json\/wp\/v2\/pages\/27941\/revisions\/27966"}],"wp:attachment":[{"href":"http:\/\/bnreo.com.tr\/de\/wp-json\/wp\/v2\/media?parent=27941"}],"curies":[{"name":"wp","href":"https:\/\/api.w.org\/{rel}","templated":true}]}}