{"id":27935,"date":"2025-06-24T02:24:48","date_gmt":"2025-06-23T23:24:48","guid":{"rendered":"https:\/\/bnreo.com.tr\/?page_id=27935"},"modified":"2025-06-24T02:28:35","modified_gmt":"2025-06-23T23:28:35","slug":"icme-suyu","status":"publish","type":"page","link":"http:\/\/bnreo.com.tr\/de\/icme-suyu\/","title":{"rendered":"Trinkwasser"},"content":{"rendered":"<div data-elementor-type=\"wp-page\" data-elementor-id=\"27935\" class=\"elementor elementor-27935\">\n\t\t\t\t<div class=\"wd-negative-gap elementor-element elementor-element-a47ab40 e-flex e-con-boxed elementor-invisible e-con e-parent\" data-id=\"a47ab40\" data-element_type=\"container\" data-settings=\"{&quot;animation&quot;:&quot;fadeInUp&quot;}\">\n\t\t\t\t\t<div class=\"e-con-inner\">\n\t\t<div class=\"elementor-element elementor-element-81581f9 e-con-full e-flex e-con e-child\" data-id=\"81581f9\" data-element_type=\"container\">\n\t\t\t\t<div class=\"elementor-element elementor-element-9e6f1a7 color-scheme-inherit text-left elementor-widget elementor-widget-text-editor\" data-id=\"9e6f1a7\" data-element_type=\"widget\" data-widget_type=\"text-editor.default\">\n\t\t\t\t<div class=\"elementor-widget-container\">\n\t\t\t\t\t\t\t\t\t<p data-start=\"190\" data-end=\"659\">Der Bedarf an Trinkwasser im industriellen Ma\u00dfstab beschr\u00e4nkt sich nicht nur auf den individuellen Verbrauch; er wirkt sich auch direkt auf die Betriebseffizienz, die Gesundheit der Mitarbeiter, die Produktionsqualit\u00e4t und die Hygienestandards aus. Die Trinkwasserqualit\u00e4t, insbesondere in Gro\u00dfanlagen wie Fabriken, Hotels, B\u00fcrokomplexen, Krankenh\u00e4usern, Schulen und \u00f6ffentlichen Einrichtungen, wirkt sich nicht nur direkt auf Betriebsabl\u00e4ufe aus, sondern gilt auch als Servicestandard, der das Prestige steigert.<\/p><p data-start=\"661\" data-end=\"1205\"><strong data-start=\"661\" data-end=\"670\">BNREO<\/strong>entwickelt hochmoderne Trinkwasseraufbereitungssysteme, um \u00f6ffentliche Einrichtungen mit gesundem und nachhaltigem Wasser zu versorgen. Unsere L\u00f6sungen, ausgestattet mit Umkehrosmoseanlagen (RO), Ultrafiltrationseinheiten, UV-Desinfektionsmodulen und Aktivkohlefiltersystemen, liefern einwandfreie Trinkwasserqualit\u00e4t. Sch\u00e4dliche Bestandteile wie Mikroorganismen, Chlor, Arsen, Blei, Kalk und organische Substanzen, die schlechten Geschmack und Geruch verursachen, werden durch einen mehrstufigen Filtrationsprozess vollst\u00e4ndig entfernt.<\/p><p data-start=\"1207\" data-end=\"1637\">Dank dieser Systeme;<br \/>\u2714\ufe0f Sie k\u00f6nnen den hohen Trinkwasserbedarf Ihres Unternehmens sicher decken,<br data-start=\"1310\" data-end=\"1313\" \/>\u2714\ufe0f Wir k\u00f6nnen eine umweltfreundliche Politik entwickeln, indem wir die Verwendung von in Plastik verpacktem Wasser minimieren,<br data-start=\"1412\" data-end=\"1415\" \/>\u2714\ufe0f Erreichen Sie finanzielle Effizienz durch die Beseitigung der Kosten f\u00fcr extern abh\u00e4ngiges Flaschenwasser,<br data-start=\"1512\" data-end=\"1515\" \/>\u2714\ufe0f Sie k\u00f6nnen Ihr Unternehmensimage st\u00e4rken, indem Sie Ihren Mitarbeitern und G\u00e4sten stets hochwertiges und gesundes Wasser zur Verf\u00fcgung stellen.<\/p><p data-start=\"1639\" data-end=\"2006\">BNREO-Systeme sind modular und skalierbar und bieten eine Vielzahl von Durchfluss- und Kapazit\u00e4tsoptionen. So k\u00f6nnen wir ideale L\u00f6sungen sowohl f\u00fcr kleine B\u00fcros mit 20 Mitarbeitern als auch f\u00fcr gro\u00dfe Produktionsanlagen mit einem t\u00e4glichen Wasserbedarf von Tausenden Litern schaffen. Jedes System ist auf die Bed\u00fcrfnisse der Nutzer zugeschnitten und auf maximale Effizienz ausgelegt.<\/p><p data-start=\"2008\" data-end=\"2366\">Dar\u00fcber hinaus <strong data-start=\"2015\" data-end=\"2024\">BNREO<\/strong>, \u00fcbernimmt nicht nur den Verkauf von Trinkwasseraufbereitungssystemen, sondern auch die End-to-End-L\u00f6sung:<br data-start=\"2108\" data-end=\"2111\" \/>\ud83d\udd39 Engineering- und Projektentwicklungsprozess, beginnend mit der ersten Wasseranalyse,<br data-start=\"2180\" data-end=\"2183\" \/>\ud83d\udd39 Installations- und Inbetriebnahmedienste,<br data-start=\"2221\" data-end=\"2224\" \/>\ud83d\udd39 Mit regelm\u00e4\u00dfiger Wartung, Filterwechsel, technischem Service-Support und Fern\u00fcberwachungssystemen<br data-start=\"2318\" data-end=\"2321\" \/>bietet seinen Kunden langfristige Gesch\u00e4ftspartnerschaften.<\/p><p data-start=\"2368\" data-end=\"2712\">Die Qualit\u00e4t des Trinkwassers ist heutzutage ein entscheidendes Thema, da die Verschmutzung der Wasserressourcen t\u00e4glich zunimmt. <strong data-start=\"2480\" data-end=\"2489\">BNREO<\/strong>macht Trinkwasser gesund und erschwinglich. Wir sind stolz darauf, Ihr zuverl\u00e4ssiger L\u00f6sungspartner f\u00fcr hochwertiges Trinkwasser zu sein, das die Grundlage f\u00fcr ein gesundes Leben und gesunde Produktionsprozesse bildet.<\/p>\t\t\t\t\t\t\t\t<\/div>\n\t\t\t\t<\/div>\n\t\t\t\t<\/div>\n\t\t\t\t\t<\/div>\n\t\t\t\t<\/div>\n\t\t\t\t<\/div>","protected":false},"excerpt":{"rendered":"<p>End\u00fcstriyel \u00f6l\u00e7ekte i\u00e7me suyu ihtiyac\u0131, yaln\u0131zca bireysel t\u00fcketimle s\u0131n\u0131rl\u0131 de\u011fildir; ayn\u0131 zamanda i\u015fletme verimlili\u011fi, \u00e7al\u0131\u015fan sa\u011fl\u0131\u011f\u0131, \u00fcretim kalitesi ve hijyen<\/p>","protected":false},"author":1,"featured_media":0,"parent":0,"menu_order":0,"comment_status":"closed","ping_status":"closed","template":"elementor_header_footer","meta":{"footnotes":""},"class_list":["post-27935","page","type-page","status-publish","hentry"],"yoast_head":"<!-- This site is optimized with the Yoast SEO plugin v25.3.1 - https:\/\/yoast.com\/wordpress\/plugins\/seo\/ -->\n<title>\u0130\u00e7me Suyu - Bnreo | Su Ar\u0131tma Cihazlar\u0131<\/title>\n<meta name=\"robots\" content=\"index, follow, max-snippet:-1, max-image-preview:large, max-video-preview:-1\" \/>\n<link rel=\"canonical\" href=\"http:\/\/bnreo.com.tr\/de\/icme-suyu\/\" \/>\n<meta property=\"og:locale\" content=\"de_DE\" \/>\n<meta property=\"og:type\" content=\"article\" \/>\n<meta property=\"og:title\" content=\"\u0130\u00e7me Suyu - Bnreo | Su Ar\u0131tma Cihazlar\u0131\" \/>\n<meta property=\"og:description\" content=\"End\u00fcstriyel \u00f6l\u00e7ekte i\u00e7me suyu ihtiyac\u0131, yaln\u0131zca bireysel t\u00fcketimle s\u0131n\u0131rl\u0131 de\u011fildir; ayn\u0131 zamanda i\u015fletme verimlili\u011fi, \u00e7al\u0131\u015fan sa\u011fl\u0131\u011f\u0131, \u00fcretim kalitesi ve hijyen\" \/>\n<meta property=\"og:url\" content=\"http:\/\/bnreo.com.tr\/de\/icme-suyu\/\" \/>\n<meta property=\"og:site_name\" content=\"Bnreo | Su Ar\u0131tma Cihazlar\u0131\" \/>\n<meta property=\"article:modified_time\" content=\"2025-06-23T23:28:35+00:00\" \/>\n<meta name=\"twitter:card\" content=\"summary_large_image\" \/>\n<meta name=\"twitter:label1\" content=\"Gesch\u00e4tzte Lesezeit\" \/>\n\t<meta name=\"twitter:data1\" content=\"2\u00a0Minuten\" \/>\n<script type=\"application\/ld+json\" class=\"yoast-schema-graph\">{\"@context\":\"https:\/\/schema.org\",\"@graph\":[{\"@type\":\"WebPage\",\"@id\":\"https:\/\/bnreo.com.tr\/icme-suyu\/\",\"url\":\"https:\/\/bnreo.com.tr\/icme-suyu\/\",\"name\":\"\u0130\u00e7me Suyu - Bnreo | Su Ar\u0131tma Cihazlar\u0131\",\"isPartOf\":{\"@id\":\"https:\/\/bnreo.com.tr\/#website\"},\"datePublished\":\"2025-06-23T23:24:48+00:00\",\"dateModified\":\"2025-06-23T23:28:35+00:00\",\"breadcrumb\":{\"@id\":\"https:\/\/bnreo.com.tr\/icme-suyu\/#breadcrumb\"},\"inLanguage\":\"de\",\"potentialAction\":[{\"@type\":\"ReadAction\",\"target\":[\"https:\/\/bnreo.com.tr\/icme-suyu\/\"]}]},{\"@type\":\"BreadcrumbList\",\"@id\":\"https:\/\/bnreo.com.tr\/icme-suyu\/#breadcrumb\",\"itemListElement\":[{\"@type\":\"ListItem\",\"position\":1,\"name\":\"Anasayfa\",\"item\":\"https:\/\/bnreo.com.tr\/\"},{\"@type\":\"ListItem\",\"position\":2,\"name\":\"\u0130\u00e7me Suyu\"}]},{\"@type\":\"WebSite\",\"@id\":\"https:\/\/bnreo.com.tr\/#website\",\"url\":\"https:\/\/bnreo.com.tr\/\",\"name\":\"Bnreo | Su Ar\u0131tma Cihazlar\u0131\",\"description\":\"Bnreo | Su Ar\u0131tma Cihazlar\u0131\",\"potentialAction\":[{\"@type\":\"SearchAction\",\"target\":{\"@type\":\"EntryPoint\",\"urlTemplate\":\"https:\/\/bnreo.com.tr\/?s={search_term_string}\"},\"query-input\":{\"@type\":\"PropertyValueSpecification\",\"valueRequired\":true,\"valueName\":\"search_term_string\"}}],\"inLanguage\":\"de\"}]}<\/script>\n<!-- \/ Yoast SEO plugin. -->","yoast_head_json":{"title":"\u0130\u00e7me Suyu - Bnreo | Su Ar\u0131tma Cihazlar\u0131","robots":{"index":"index","follow":"follow","max-snippet":"max-snippet:-1","max-image-preview":"max-image-preview:large","max-video-preview":"max-video-preview:-1"},"canonical":"http:\/\/bnreo.com.tr\/de\/icme-suyu\/","og_locale":"de_DE","og_type":"article","og_title":"\u0130\u00e7me Suyu - Bnreo | Su Ar\u0131tma Cihazlar\u0131","og_description":"End\u00fcstriyel \u00f6l\u00e7ekte i\u00e7me suyu ihtiyac\u0131, yaln\u0131zca bireysel t\u00fcketimle s\u0131n\u0131rl\u0131 de\u011fildir; ayn\u0131 zamanda i\u015fletme verimlili\u011fi, \u00e7al\u0131\u015fan sa\u011fl\u0131\u011f\u0131, \u00fcretim kalitesi ve hijyen","og_url":"http:\/\/bnreo.com.tr\/de\/icme-suyu\/","og_site_name":"Bnreo | Su Ar\u0131tma Cihazlar\u0131","article_modified_time":"2025-06-23T23:28:35+00:00","twitter_card":"summary_large_image","twitter_misc":{"Gesch\u00e4tzte Lesezeit":"2\u00a0Minuten"},"schema":{"@context":"https:\/\/schema.org","@graph":[{"@type":"WebPage","@id":"https:\/\/bnreo.com.tr\/icme-suyu\/","url":"https:\/\/bnreo.com.tr\/icme-suyu\/","name":"\u0130\u00e7me Suyu - Bnreo | Su Ar\u0131tma Cihazlar\u0131","isPartOf":{"@id":"https:\/\/bnreo.com.tr\/#website"},"datePublished":"2025-06-23T23:24:48+00:00","dateModified":"2025-06-23T23:28:35+00:00","breadcrumb":{"@id":"https:\/\/bnreo.com.tr\/icme-suyu\/#breadcrumb"},"inLanguage":"de","potentialAction":[{"@type":"ReadAction","target":["https:\/\/bnreo.com.tr\/icme-suyu\/"]}]},{"@type":"BreadcrumbList","@id":"https:\/\/bnreo.com.tr\/icme-suyu\/#breadcrumb","itemListElement":[{"@type":"ListItem","position":1,"name":"Anasayfa","item":"https:\/\/bnreo.com.tr\/"},{"@type":"ListItem","position":2,"name":"\u0130\u00e7me Suyu"}]},{"@type":"WebSite","@id":"https:\/\/bnreo.com.tr\/#website","url":"https:\/\/bnreo.com.tr\/","name":"Bnreo | Su Ar\u0131tma Cihazlar\u0131","description":"Bnreo | Su Ar\u0131tma Cihazlar\u0131","potentialAction":[{"@type":"SearchAction","target":{"@type":"EntryPoint","urlTemplate":"https:\/\/bnreo.com.tr\/?s={search_term_string}"},"query-input":{"@type":"PropertyValueSpecification","valueRequired":true,"valueName":"search_term_string"}}],"inLanguage":"de"}]}},"_links":{"self":[{"href":"http:\/\/bnreo.com.tr\/de\/wp-json\/wp\/v2\/pages\/27935","targetHints":{"allow":["GET"]}}],"collection":[{"href":"http:\/\/bnreo.com.tr\/de\/wp-json\/wp\/v2\/pages"}],"about":[{"href":"http:\/\/bnreo.com.tr\/de\/wp-json\/wp\/v2\/types\/page"}],"author":[{"embeddable":true,"href":"http:\/\/bnreo.com.tr\/de\/wp-json\/wp\/v2\/users\/1"}],"replies":[{"embeddable":true,"href":"http:\/\/bnreo.com.tr\/de\/wp-json\/wp\/v2\/comments?post=27935"}],"version-history":[{"count":4,"href":"http:\/\/bnreo.com.tr\/de\/wp-json\/wp\/v2\/pages\/27935\/revisions"}],"predecessor-version":[{"id":27950,"href":"http:\/\/bnreo.com.tr\/de\/wp-json\/wp\/v2\/pages\/27935\/revisions\/27950"}],"wp:attachment":[{"href":"http:\/\/bnreo.com.tr\/de\/wp-json\/wp\/v2\/media?parent=27935"}],"curies":[{"name":"wp","href":"https:\/\/api.w.org\/{rel}","templated":true}]}}