{"id":27841,"date":"2025-06-24T00:36:03","date_gmt":"2025-06-23T21:36:03","guid":{"rendered":"https:\/\/bnreo.com.tr\/?page_id=27841"},"modified":"2025-06-24T04:25:49","modified_gmt":"2025-06-24T01:25:49","slug":"sikca-sorulan-sorular","status":"publish","type":"page","link":"http:\/\/bnreo.com.tr\/de\/sikca-sorulan-sorular\/","title":{"rendered":"H\u00e4ufig gestellte Fragen"},"content":{"rendered":"<div data-elementor-type=\"wp-page\" data-elementor-id=\"27841\" class=\"elementor elementor-27841\">\n\t\t\t\t<div class=\"wd-negative-gap elementor-element elementor-element-c4d20d5 e-flex e-con-boxed elementor-invisible e-con e-parent\" data-id=\"c4d20d5\" data-element_type=\"container\" data-settings=\"{&quot;animation&quot;:&quot;fadeInUp&quot;}\">\n\t\t\t\t\t<div class=\"e-con-inner\">\n\t\t<div class=\"elementor-element elementor-element-1729a12 e-con-full e-flex e-con e-child\" data-id=\"1729a12\" data-element_type=\"container\">\n\t\t\t\t<div class=\"elementor-element elementor-element-c04749f elementor-widget elementor-widget-wd_accordion\" data-id=\"c04749f\" data-element_type=\"widget\" data-widget_type=\"wd_accordion.default\">\n\t\t\t\t<div class=\"elementor-widget-container\">\n\t\t\t\t\t\n\t\t<div class=\"wd-accordion wd-style-default wd-titles-left wd-opener-pos-left wd-opener-style-arrow\" data-state=\"first\">\n\t\t\t\t\t\t\t\n\t\t\t\t<div class=\"wd-accordion-item\">\n\t\t\t\t\t<div class=\"wd-accordion-title wd-active\" data-accordion-index=\"0\">\n\t\t\t\t\t\t<div class=\"wd-accordion-title-text\">\n\t\t\t\t\t\t\t\t\t\t\t\t\t\t<span>\n\t\t\t\t\t\t\t\tWelche Sektoren bedient Bnreo?\t\t\t\t\t\t\t<\/span>\n\t\t\t\t\t\t<\/div>\n\t\t\t\t\t\t<span class=\"wd-accordion-opener\"><\/span>\n\t\t\t\t\t<\/div>\n\n\t\t\t\t\t<div class=\"wd-accordion-content wd-entry-content wd-active\" data-accordion-index=\"0\">\n\t\t\t\t\t\t\t\t\t\t\t\t\t\n\t\t\t\t\t\t\t<p><strong data-start=\"261\" data-end=\"270\">bnreo<\/strong>bietet spezielle Systeml\u00f6sungen f\u00fcr alle Bereiche, die eine Wasseraufbereitung ben\u00f6tigen, insbesondere f\u00fcr das Gesundheitswesen, die Lebensmittel-, Pharma- und Kosmetikbranche sowie die industrielle Produktion.<\/p>\n\t\t\t\t\t\t\t\t\t\t\t\t\t\t\t\t\t\t<\/div>\n\t\t\t\t<\/div>\n\t\t\t\t\t\t\t\n\t\t\t\t<div class=\"wd-accordion-item\">\n\t\t\t\t\t<div class=\"wd-accordion-title\" data-accordion-index=\"1\">\n\t\t\t\t\t\t<div class=\"wd-accordion-title-text\">\n\t\t\t\t\t\t\t\t\t\t\t\t\t\t<span>\n\t\t\t\t\t\t\t\tSind Ihre Wasseraufbereitungssysteme f\u00fcr die Trinkwasserversorgung geeignet?\t\t\t\t\t\t\t<\/span>\n\t\t\t\t\t\t<\/div>\n\t\t\t\t\t\t<span class=\"wd-accordion-opener\"><\/span>\n\t\t\t\t\t<\/div>\n\n\t\t\t\t\t<div class=\"wd-accordion-content wd-entry-content\" data-accordion-index=\"1\">\n\t\t\t\t\t\t\t\t\t\t\t\t\t\n\t\t\t\t\t\t\t<p data-start=\"487\" data-end=\"683\">Ja. Unsere Systeme sind mit fortschrittlichen Technologien wie UV-Strahlung, Ozon, Filtration und Ionenaustausch ausgestattet und sorgen f\u00fcr eine Trinkwasseraufbereitung in Trinkwasserqualit\u00e4t. Unsere Systeme entsprechen den TSE- und internationalen Standards.<\/p>\n\t\t\t\t\t\t\t\t\t\t\t\t\t\t\t\t\t\t<\/div>\n\t\t\t\t<\/div>\n\t\t\t\t\t\t\t\n\t\t\t\t<div class=\"wd-accordion-item\">\n\t\t\t\t\t<div class=\"wd-accordion-title\" data-accordion-index=\"2\">\n\t\t\t\t\t\t<div class=\"wd-accordion-title-text\">\n\t\t\t\t\t\t\t\t\t\t\t\t\t\t<span>\n\t\t\t\t\t\t\t\tWelchen Vorteil haben UV-Systeme gegen\u00fcber der Chlorierung?\t\t\t\t\t\t\t<\/span>\n\t\t\t\t\t\t<\/div>\n\t\t\t\t\t\t<span class=\"wd-accordion-opener\"><\/span>\n\t\t\t\t\t<\/div>\n\n\t\t\t\t\t<div class=\"wd-accordion-content wd-entry-content\" data-accordion-index=\"2\">\n\t\t\t\t\t\t\t\t\t\t\t\t\t\n\t\t\t\t\t\t\t<p data-start=\"749\" data-end=\"946\">UV sistemleri kimyasal madde kullanmadan %99,999 oran\u0131nda mikroorganizma yok etme kapasitesine sahiptir. Tat, koku ve bile\u015fimde de\u011fi\u015fiklik yaratmaz. Klora diren\u00e7li organizmalara kar\u015f\u0131 da etkilidir.<\/p>\n\t\t\t\t\t\t\t\t\t\t\t\t\t\t\t\t\t\t<\/div>\n\t\t\t\t<\/div>\n\t\t\t\t\t\t\t\n\t\t\t\t<div class=\"wd-accordion-item\">\n\t\t\t\t\t<div class=\"wd-accordion-title\" data-accordion-index=\"3\">\n\t\t\t\t\t\t<div class=\"wd-accordion-title-text\">\n\t\t\t\t\t\t\t\t\t\t\t\t\t\t<span>\n\t\t\t\t\t\t\t\tIst die Verwendung eines Ozonsystems sicher?\t\t\t\t\t\t\t<\/span>\n\t\t\t\t\t\t<\/div>\n\t\t\t\t\t\t<span class=\"wd-accordion-opener\"><\/span>\n\t\t\t\t\t<\/div>\n\n\t\t\t\t\t<div class=\"wd-accordion-content wd-entry-content\" data-accordion-index=\"3\">\n\t\t\t\t\t\t\t\t\t\t\t\t\t\n\t\t\t\t\t\t\t<p data-start=\"1001\" data-end=\"1180\">Absolut. Ozon ist ein stark oxidierendes Gas und hinterl\u00e4sst nach der Anwendung keine R\u00fcckst\u00e4nde im Wasser. Unsere Systeme sind automatisiert und arbeiten mit maximaler Sicherheit und Effizienz.<\/p>\n\t\t\t\t\t\t\t\t\t\t\t\t\t\t\t\t\t\t<\/div>\n\t\t\t\t<\/div>\n\t\t\t\t\t\t\t\n\t\t\t\t<div class=\"wd-accordion-item\">\n\t\t\t\t\t<div class=\"wd-accordion-title\" data-accordion-index=\"4\">\n\t\t\t\t\t\t<div class=\"wd-accordion-title-text\">\n\t\t\t\t\t\t\t\t\t\t\t\t\t\t<span>\n\t\t\t\t\t\t\t\tWo werden Wasserenth\u00e4rtungsanlagen eingesetzt?\t\t\t\t\t\t\t<\/span>\n\t\t\t\t\t\t<\/div>\n\t\t\t\t\t\t<span class=\"wd-accordion-opener\"><\/span>\n\t\t\t\t\t<\/div>\n\n\t\t\t\t\t<div class=\"wd-accordion-content wd-entry-content\" data-accordion-index=\"4\">\n\t\t\t\t\t\t\t\t\t\t\t\t\t\n\t\t\t\t\t\t\t<p data-start=\"1243\" data-end=\"1429\">Wasserenth\u00e4rtungsanlagen werden in allen Bereichen eingesetzt, in denen die Wasserh\u00e4rte ein Problem darstellt, beispielsweise in der Lebensmittelindustrie, in Kesselspeisesystemen, in der RO-Vorbehandlung, in Krankenh\u00e4usern, Laboren und in der Textilindustrie.<\/p>\n\t\t\t\t\t\t\t\t\t\t\t\t\t\t\t\t\t\t<\/div>\n\t\t\t\t<\/div>\n\t\t\t\t\t\t\t\n\t\t\t\t<div class=\"wd-accordion-item\">\n\t\t\t\t\t<div class=\"wd-accordion-title\" data-accordion-index=\"5\">\n\t\t\t\t\t\t<div class=\"wd-accordion-title-text\">\n\t\t\t\t\t\t\t\t\t\t\t\t\t\t<span>\n\t\t\t\t\t\t\t\tWas ist der Unterschied zwischen Deionisierung und reinem Wasser?\t\t\t\t\t\t\t<\/span>\n\t\t\t\t\t\t<\/div>\n\t\t\t\t\t\t<span class=\"wd-accordion-opener\"><\/span>\n\t\t\t\t\t<\/div>\n\n\t\t\t\t\t<div class=\"wd-accordion-content wd-entry-content\" data-accordion-index=\"5\">\n\t\t\t\t\t\t\t\t\t\t\t\t\t\n\t\t\t\t\t\t\t<p data-start=\"1492\" data-end=\"1669\">Durch Deionisierung werden ionische Verunreinigungen aus dem Wasser entfernt, wodurch hochreines Wasser entsteht. Dieses Wasser wird beispielsweise in Laboren, der Pharmaindustrie und der Glasproduktion eingesetzt.<\/p>\n\t\t\t\t\t\t\t\t\t\t\t\t\t\t\t\t\t\t<\/div>\n\t\t\t\t<\/div>\n\t\t\t\t\t\t\t\n\t\t\t\t<div class=\"wd-accordion-item\">\n\t\t\t\t\t<div class=\"wd-accordion-title\" data-accordion-index=\"6\">\n\t\t\t\t\t\t<div class=\"wd-accordion-title-text\">\n\t\t\t\t\t\t\t\t\t\t\t\t\t\t<span>\n\t\t\t\t\t\t\t\tWie laufen die Wartungs- und Serviceprozesse der Anlagen ab?\t\t\t\t\t\t\t<\/span>\n\t\t\t\t\t\t<\/div>\n\t\t\t\t\t\t<span class=\"wd-accordion-opener\"><\/span>\n\t\t\t\t\t<\/div>\n\n\t\t\t\t\t<div class=\"wd-accordion-content wd-entry-content\" data-accordion-index=\"6\">\n\t\t\t\t\t\t\t\t\t\t\t\t\t\n\t\t\t\t\t\t\t<p data-start=\"1739\" data-end=\"1899\">Bei Bnreo bieten wir regelm\u00e4\u00dfige Wartung nach der Installation, technischen Service und Ersatzteile an. Die Systemleistung wird von unserem erfahrenen technischen Team \u00fcberwacht.<\/p>\n\t\t\t\t\t\t\t\t\t\t\t\t\t\t\t\t\t\t<\/div>\n\t\t\t\t<\/div>\n\t\t\t\t\t\t\t\n\t\t\t\t<div class=\"wd-accordion-item\">\n\t\t\t\t\t<div class=\"wd-accordion-title\" data-accordion-index=\"7\">\n\t\t\t\t\t\t<div class=\"wd-accordion-title-text\">\n\t\t\t\t\t\t\t\t\t\t\t\t\t\t<span>\n\t\t\t\t\t\t\t\tEntwerfen Sie ein System speziell f\u00fcr Ihr Projekt?\t\t\t\t\t\t\t<\/span>\n\t\t\t\t\t\t<\/div>\n\t\t\t\t\t\t<span class=\"wd-accordion-opener\"><\/span>\n\t\t\t\t\t<\/div>\n\n\t\t\t\t\t<div class=\"wd-accordion-content wd-entry-content\" data-accordion-index=\"7\">\n\t\t\t\t\t\t\t\t\t\t\t\t\t\n\t\t\t\t\t\t\t<p data-start=\"1964\" data-end=\"2100\">Ja. Wir bieten projektspezifische Systemplanung, technische Unterst\u00fctzung und Automatisierung basierend auf Wasseranalyse, Durchflussanforderungen und Branchenspezifika.<\/p>\n\t\t\t\t\t\t\t\t\t\t\t\t\t\t\t\t\t\t<\/div>\n\t\t\t\t<\/div>\n\t\t\t\t\t\t\t\n\t\t\t\t<div class=\"wd-accordion-item\">\n\t\t\t\t\t<div class=\"wd-accordion-title\" data-accordion-index=\"8\">\n\t\t\t\t\t\t<div class=\"wd-accordion-title-text\">\n\t\t\t\t\t\t\t\t\t\t\t\t\t\t<span>\n\t\t\t\t\t\t\t\tSind Ozonanlagen nur f\u00fcr Trinkwasser geeignet?\t\t\t\t\t\t\t<\/span>\n\t\t\t\t\t\t<\/div>\n\t\t\t\t\t\t<span class=\"wd-accordion-opener\"><\/span>\n\t\t\t\t\t<\/div>\n\n\t\t\t\t\t<div class=\"wd-accordion-content wd-entry-content\" data-accordion-index=\"8\">\n\t\t\t\t\t\t\t\t\t\t\t\t\t\n\t\t\t\t\t\t\t<p data-start=\"1964\" data-end=\"2100\">Nein. Ozonsysteme werden mit hoher Effizienz in vielen industriellen und umwelttechnischen Anwendungen eingesetzt, beispielsweise zur Abwasserbehandlung sowie zur Reduzierung von Farbe, Geruch und chemischer Belastung.<\/p>\n\t\t\t\t\t\t\t\t\t\t\t\t\t\t\t\t\t\t<\/div>\n\t\t\t\t<\/div>\n\t\t\t\t\t\t\t\n\t\t\t\t<div class=\"wd-accordion-item\">\n\t\t\t\t\t<div class=\"wd-accordion-title\" data-accordion-index=\"9\">\n\t\t\t\t\t\t<div class=\"wd-accordion-title-text\">\n\t\t\t\t\t\t\t\t\t\t\t\t\t\t<span>\n\t\t\t\t\t\t\t\tSind Bnreo-Systeme umweltfreundlich?\t\t\t\t\t\t\t<\/span>\n\t\t\t\t\t\t<\/div>\n\t\t\t\t\t\t<span class=\"wd-accordion-opener\"><\/span>\n\t\t\t\t\t<\/div>\n\n\t\t\t\t\t<div class=\"wd-accordion-content wd-entry-content\" data-accordion-index=\"9\">\n\t\t\t\t\t\t\t\t\t\t\t\t\t\n\t\t\t\t\t\t\t<p data-start=\"2376\" data-end=\"2514\">Absolut. Wir entwickeln Systeml\u00f6sungen, die den Chemikalieneinsatz minimieren, hochgradig energieeffizient sind und auf Nachhaltigkeit basieren.<\/p>\n\t\t\t\t\t\t\t\t\t\t\t\t\t\t\t\t\t\t<\/div>\n\t\t\t\t<\/div>\n\t\t\t\t\t<\/div>\n\t\t\t\t\t\t<\/div>\n\t\t\t\t<\/div>\n\t\t\t\t<\/div>\n\t\t\t\t\t<\/div>\n\t\t\t\t<\/div>\n\t\t\t\t<\/div>","protected":false},"excerpt":{"rendered":"<p>Bnreo hangi sekt\u00f6rlere hizmet vermektedir? Bnreo, ba\u015fta sa\u011fl\u0131k, g\u0131da, ila\u00e7, kozmetik ve end\u00fcstriyel \u00fcretim olmak \u00fczere su ar\u0131tma ihtiyac\u0131 olan<\/p>","protected":false},"author":1,"featured_media":0,"parent":0,"menu_order":0,"comment_status":"closed","ping_status":"closed","template":"elementor_header_footer","meta":{"footnotes":""},"class_list":["post-27841","page","type-page","status-publish","hentry"],"yoast_head":"<!-- This site is optimized with the Yoast SEO plugin v25.3.1 - https:\/\/yoast.com\/wordpress\/plugins\/seo\/ -->\n<title>S\u0131k\u00e7a Sorulan Sorular - Bnreo | Su Ar\u0131tma Cihazlar\u0131<\/title>\n<meta name=\"robots\" content=\"index, follow, max-snippet:-1, max-image-preview:large, max-video-preview:-1\" \/>\n<link rel=\"canonical\" href=\"http:\/\/bnreo.com.tr\/de\/sikca-sorulan-sorular\/\" \/>\n<meta property=\"og:locale\" content=\"de_DE\" \/>\n<meta property=\"og:type\" content=\"article\" \/>\n<meta property=\"og:title\" content=\"S\u0131k\u00e7a Sorulan Sorular - Bnreo | Su Ar\u0131tma Cihazlar\u0131\" \/>\n<meta property=\"og:description\" content=\"Bnreo hangi sekt\u00f6rlere hizmet vermektedir? Bnreo, ba\u015fta sa\u011fl\u0131k, g\u0131da, ila\u00e7, kozmetik ve end\u00fcstriyel \u00fcretim olmak \u00fczere su ar\u0131tma ihtiyac\u0131 olan\" \/>\n<meta property=\"og:url\" content=\"http:\/\/bnreo.com.tr\/de\/sikca-sorulan-sorular\/\" \/>\n<meta property=\"og:site_name\" content=\"Bnreo | Su Ar\u0131tma Cihazlar\u0131\" \/>\n<meta property=\"article:modified_time\" content=\"2025-06-24T01:25:49+00:00\" \/>\n<meta name=\"twitter:card\" content=\"summary_large_image\" \/>\n<meta name=\"twitter:label1\" content=\"Gesch\u00e4tzte Lesezeit\" \/>\n\t<meta name=\"twitter:data1\" content=\"2\u00a0Minuten\" \/>\n<script type=\"application\/ld+json\" class=\"yoast-schema-graph\">{\"@context\":\"https:\/\/schema.org\",\"@graph\":[{\"@type\":\"WebPage\",\"@id\":\"https:\/\/bnreo.com.tr\/sikca-sorulan-sorular\/\",\"url\":\"https:\/\/bnreo.com.tr\/sikca-sorulan-sorular\/\",\"name\":\"S\u0131k\u00e7a Sorulan Sorular - Bnreo | Su Ar\u0131tma Cihazlar\u0131\",\"isPartOf\":{\"@id\":\"https:\/\/bnreo.com.tr\/#website\"},\"datePublished\":\"2025-06-23T21:36:03+00:00\",\"dateModified\":\"2025-06-24T01:25:49+00:00\",\"breadcrumb\":{\"@id\":\"https:\/\/bnreo.com.tr\/sikca-sorulan-sorular\/#breadcrumb\"},\"inLanguage\":\"de\",\"potentialAction\":[{\"@type\":\"ReadAction\",\"target\":[\"https:\/\/bnreo.com.tr\/sikca-sorulan-sorular\/\"]}]},{\"@type\":\"BreadcrumbList\",\"@id\":\"https:\/\/bnreo.com.tr\/sikca-sorulan-sorular\/#breadcrumb\",\"itemListElement\":[{\"@type\":\"ListItem\",\"position\":1,\"name\":\"Anasayfa\",\"item\":\"https:\/\/bnreo.com.tr\/\"},{\"@type\":\"ListItem\",\"position\":2,\"name\":\"S\u0131k\u00e7a Sorulan Sorular\"}]},{\"@type\":\"WebSite\",\"@id\":\"https:\/\/bnreo.com.tr\/#website\",\"url\":\"https:\/\/bnreo.com.tr\/\",\"name\":\"Bnreo | Su Ar\u0131tma Cihazlar\u0131\",\"description\":\"Bnreo | Su Ar\u0131tma Cihazlar\u0131\",\"potentialAction\":[{\"@type\":\"SearchAction\",\"target\":{\"@type\":\"EntryPoint\",\"urlTemplate\":\"https:\/\/bnreo.com.tr\/?s={search_term_string}\"},\"query-input\":{\"@type\":\"PropertyValueSpecification\",\"valueRequired\":true,\"valueName\":\"search_term_string\"}}],\"inLanguage\":\"de\"}]}<\/script>\n<!-- \/ Yoast SEO plugin. -->","yoast_head_json":{"title":"S\u0131k\u00e7a Sorulan Sorular - Bnreo | Su Ar\u0131tma Cihazlar\u0131","robots":{"index":"index","follow":"follow","max-snippet":"max-snippet:-1","max-image-preview":"max-image-preview:large","max-video-preview":"max-video-preview:-1"},"canonical":"http:\/\/bnreo.com.tr\/de\/sikca-sorulan-sorular\/","og_locale":"de_DE","og_type":"article","og_title":"S\u0131k\u00e7a Sorulan Sorular - Bnreo | Su Ar\u0131tma Cihazlar\u0131","og_description":"Bnreo hangi sekt\u00f6rlere hizmet vermektedir? Bnreo, ba\u015fta sa\u011fl\u0131k, g\u0131da, ila\u00e7, kozmetik ve end\u00fcstriyel \u00fcretim olmak \u00fczere su ar\u0131tma ihtiyac\u0131 olan","og_url":"http:\/\/bnreo.com.tr\/de\/sikca-sorulan-sorular\/","og_site_name":"Bnreo | Su Ar\u0131tma Cihazlar\u0131","article_modified_time":"2025-06-24T01:25:49+00:00","twitter_card":"summary_large_image","twitter_misc":{"Gesch\u00e4tzte Lesezeit":"2\u00a0Minuten"},"schema":{"@context":"https:\/\/schema.org","@graph":[{"@type":"WebPage","@id":"https:\/\/bnreo.com.tr\/sikca-sorulan-sorular\/","url":"https:\/\/bnreo.com.tr\/sikca-sorulan-sorular\/","name":"S\u0131k\u00e7a Sorulan Sorular - Bnreo | Su Ar\u0131tma Cihazlar\u0131","isPartOf":{"@id":"https:\/\/bnreo.com.tr\/#website"},"datePublished":"2025-06-23T21:36:03+00:00","dateModified":"2025-06-24T01:25:49+00:00","breadcrumb":{"@id":"https:\/\/bnreo.com.tr\/sikca-sorulan-sorular\/#breadcrumb"},"inLanguage":"de","potentialAction":[{"@type":"ReadAction","target":["https:\/\/bnreo.com.tr\/sikca-sorulan-sorular\/"]}]},{"@type":"BreadcrumbList","@id":"https:\/\/bnreo.com.tr\/sikca-sorulan-sorular\/#breadcrumb","itemListElement":[{"@type":"ListItem","position":1,"name":"Anasayfa","item":"https:\/\/bnreo.com.tr\/"},{"@type":"ListItem","position":2,"name":"S\u0131k\u00e7a Sorulan Sorular"}]},{"@type":"WebSite","@id":"https:\/\/bnreo.com.tr\/#website","url":"https:\/\/bnreo.com.tr\/","name":"Bnreo | Su Ar\u0131tma Cihazlar\u0131","description":"Bnreo | Su Ar\u0131tma Cihazlar\u0131","potentialAction":[{"@type":"SearchAction","target":{"@type":"EntryPoint","urlTemplate":"https:\/\/bnreo.com.tr\/?s={search_term_string}"},"query-input":{"@type":"PropertyValueSpecification","valueRequired":true,"valueName":"search_term_string"}}],"inLanguage":"de"}]}},"_links":{"self":[{"href":"http:\/\/bnreo.com.tr\/de\/wp-json\/wp\/v2\/pages\/27841","targetHints":{"allow":["GET"]}}],"collection":[{"href":"http:\/\/bnreo.com.tr\/de\/wp-json\/wp\/v2\/pages"}],"about":[{"href":"http:\/\/bnreo.com.tr\/de\/wp-json\/wp\/v2\/types\/page"}],"author":[{"embeddable":true,"href":"http:\/\/bnreo.com.tr\/de\/wp-json\/wp\/v2\/users\/1"}],"replies":[{"embeddable":true,"href":"http:\/\/bnreo.com.tr\/de\/wp-json\/wp\/v2\/comments?post=27841"}],"version-history":[{"count":4,"href":"http:\/\/bnreo.com.tr\/de\/wp-json\/wp\/v2\/pages\/27841\/revisions"}],"predecessor-version":[{"id":28085,"href":"http:\/\/bnreo.com.tr\/de\/wp-json\/wp\/v2\/pages\/27841\/revisions\/28085"}],"wp:attachment":[{"href":"http:\/\/bnreo.com.tr\/de\/wp-json\/wp\/v2\/media?parent=27841"}],"curies":[{"name":"wp","href":"https:\/\/api.w.org\/{rel}","templated":true}]}}